{"id":9562,"date":"2022-08-19T11:57:37","date_gmt":"2022-08-19T16:57:37","guid":{"rendered":"https:\/\/gldlaw.com\/inmigracion\/inmigracion-familiar\/sponsoring-an-undocumented-spouse\/"},"modified":"2025-04-14T11:14:20","modified_gmt":"2025-04-14T16:14:20","slug":"patrocinar-a-un-conyuge-indocumentado","status":"publish","type":"page","link":"https:\/\/gldlaw.com\/es\/inmigracion\/inmigracion-familiar\/patrocinar-a-un-conyuge-indocumentado\/","title":{"rendered":"Patrocinar A Un C\u00f3nyuge Indocumentado"},"content":{"rendered":"\n\n\t<h1>Patrocinar A Un C\u00f3nyuge Indocumentado en Texas<\/h1>\n\t<p>Si usted es ciudadano estadounidense o residente permanente y su c\u00f3nyuge es un inmigrante indocumentado, es posible que se pregunte si hay alguna manera de patrocinarlos para una tarjeta verde.<\/p>\n<p>La respuesta es s\u00ed, es posible patrocinar a un c\u00f3nyuge indocumentado para una tarjeta verde, pero el proceso puede ser dif\u00edcil y complejo.<\/p>\n<p>Esta gu\u00eda explica lo que debe hacer para patrocinar a su c\u00f3nyuge indocumentado para una tarjeta verde.<\/p>\n\t\t\t\t<img loading=\"lazy\" decoding=\"async\" src=\"https:\/\/gldlaw.com\/wp-content\/uploads\/2022\/08\/Sponsoring-an-Undocumented-Spouse-Davis-Associates.png\" alt=\"Sponsoring an Undocumented Spouse - Davis &amp; Associates\" itemprop=\"image\" height=\"630\" width=\"1200\" title=\"Sponsoring an Undocumented Spouse - Davis &amp; Associates\" onerror=\"this.style.display='none'\"  \/>\n\t<h2>Patrocinar a su c\u00f3nyuge para una tarjeta verde: lo b\u00e1sico<\/h2>\n<p>Un ciudadano de los Estados Unidos o residente permanente legal que patrocina a un c\u00f3nyuge para una tarjeta verde no es infrecuente en absoluto, sucede todos los d\u00edas. En general, as\u00ed es como funciona:<\/p>\n<ul>\n<li>Dos personas se casan.<\/li>\n<li>Una de las partes, el ciudadano estadounidense o residente permanente legal, presenta una petici\u00f3n ante el gobierno de los Estados Unidos para patrocinar al c\u00f3nyuge para obtener una tarjeta verde.<\/li>\n<li>El Servicio de Ciudadan\u00eda e Inmigraci\u00f3n de los Estados Unidos (USCIS) revisa la petici\u00f3n y decide si le otorga al c\u00f3nyuge inmigrante una tarjeta verde condicional.<\/li>\n<li>Si USCIS decide emitir al c\u00f3nyuge inmigrante una tarjeta verde condicional, el c\u00f3nyuge tiene residencia permanente condicional en los Estados Unidos por dos a\u00f1os. Eso significa que pueden vivir o trabajar en cualquier lugar que deseen en los Estados Unidos.<\/li>\n<li>Dentro de los 90 d\u00edas posteriores al aniversario de dos a\u00f1os de la tarjeta verde del c\u00f3nyuge inmigrante, el c\u00f3nyuge ciudadano estadounidense o residente permanente legal debe solicitar a USCIS que elimine las condiciones de la tarjeta verde. (Hay algunas excepciones que permiten a un c\u00f3nyuge inmigrante solicitar a USCIS ellos mismos, sin el consentimiento o conocimiento de un c\u00f3nyuge).<\/li>\n<li>USCIS determina si otorgar al c\u00f3nyuge inmigrante una tarjeta verde permanente.<\/li>\n<\/ul>\n<p>Pero las cosas cambian un poco cuando uno de los c\u00f3nyuges es indocumentado, lo que explican las siguientes secciones.<\/p>\n\t<h2><a href=\"https:\/\/gldlaw.com\/es\/contacto\/\">Haga Clic Hoy Para Su Consulta Gratis<\/a><\/h2>\n\t\t\t<a href=\"https:\/\/gldlaw.com\/es\/contacto\/\" target=\"_self\">\n\t\t\t\t\t\t\tOprima Aqu\u00ed\n\t\t\t\t\t<\/a>\n\t<h3>Patrocinar a un c\u00f3nyuge indocumentado que se qued\u00f3 m\u00e1s tiempo del permitido en una visa<\/h3>\n<p><img loading=\"lazy\" decoding=\"async\" src=\"https:\/\/gldlaw.com\/wp-content\/uploads\/2022\/08\/Sponsoring-an-Undocumented-Spouse-Free-Immigration-Consultation.png\" alt=\"Sponsoring an Undocumented Spouse - Free Immigration Consultation\" width=\"500\" height=\"375\" \/><\/p>\n<p>Muchos inmigrantes indocumentados est\u00e1n en los Estados Unidos despu\u00e9s de quedarse m\u00e1s tiempo de una visa v\u00e1lida. Eso significa que llegaron a los Estados Unidos con la autorizaci\u00f3n apropiada, pero no se fueron cuando se supon\u00eda que deb\u00edan hacerlo.<\/p>\n<p>Si su c\u00f3nyuge indocumentado se qued\u00f3 m\u00e1s tiempo de una visa, podr\u00eda usar el mismo proceso de solicitud para obtener una tarjeta verde que cualquier otra persona tendr\u00eda que seguir. Eso significa que puede presentar el Formulario I-130, Petici\u00f3n para pariente extranjero y pasar por el proceso est\u00e1ndar de la tarjeta verde.<\/p>\n<p>Sin embargo, las cosas son un poco m\u00e1s complicadas para su c\u00f3nyuge si se quedaron m\u00e1s de seis meses en su visa. En este caso, su c\u00f3nyuge est\u00e1 sujeto a lo que se llama la barra de 3\/10 a\u00f1os. La prohibici\u00f3n de 3\/10 a\u00f1os dice que si un inmigrante indocumentado estuvo presente en los Estados Unidos ilegalmente durante m\u00e1s de seis meses pero menos de un a\u00f1o, y luego abandona los Estados Unidos, no es elegible para regresar a los Estados Unidos durante tres a\u00f1os. Si estuvieron presentes ilegalmente durante m\u00e1s de un a\u00f1o, la barra es de 10 a\u00f1os.<\/p>\n<p>La prohibici\u00f3n de 3\/10 a\u00f1os se aplica incluso si la persona se casa con un ciudadano estadounidense o residente permanente legal mientras est\u00e1 fuera del pa\u00eds. Por lo tanto, si su c\u00f3nyuge se qued\u00f3 m\u00e1s de seis meses pero menos de un a\u00f1o, y luego sali\u00f3 de los Estados Unidos, no podr\u00e1 regresar a los Estados Unidos durante tres a\u00f1os (incluso si presenta el Formulario I-130 en su nombre).<\/p>\n<p>La \u00fanica forma de evitar la barra de 3\/10 a\u00f1os es solicitar una exenci\u00f3n. La exenci\u00f3n dice que a pesar de que su c\u00f3nyuge es t\u00e9cnicamente inelegible para regresar a los Estados Unidos, se le debe permitir hacerlo de todos modos porque causar\u00eda dificultades extremas para usted, el ciudadano estadounidense o el c\u00f3nyuge residente permanente legal.<\/p>\n<p>Solicitar una exenci\u00f3n es un proceso complejo, y es importante que un abogado de inmigraci\u00f3n con experiencia lo ayude con ello.<\/p>\n<p><strong><em>Relacionado: <\/em><\/strong><a href=\"https:\/\/gldlaw.com\/es\/por-que-se-negaria-mi-solicitud-de-tarjeta-verde\/\"><strong><em>Por qu\u00e9 las solicitudes de tarjeta verde son denegadas por USCIS<\/em><\/strong><\/a><\/p>\n<h3>Patrocinar a un c\u00f3nyuge indocumentado que ingres\u00f3 ilegalmente a los Estados Unidos<\/h3>\n<p>Si su c\u00f3nyuge es indocumentado <em>y<\/em> entr\u00f3 ilegalmente a los Estados Unidos, debe salir de los Estados Unidos antes de que usted pueda solicitar una tarjeta verde para ellos. Si estuvieron en los Estados Unidos por menos de 180 d\u00edas, pueden regresar a casa y presentar su solicitud a trav\u00e9s de su Consulado de los Estados Unidos m\u00e1s cercano; eso es exactamente lo que tendr\u00edan que hacer si estuvieran solicitando sin haber ingresado ilegalmente a los Estados Unidos.<\/p>\n<p>Sin embargo, si su c\u00f3nyuge ha estado en los Estados Unidos por m\u00e1s de 180 d\u00edas sin estatus legal, est\u00e1 sujeto a la misma prohibici\u00f3n de 3\/10 a\u00f1os que cualquier otra persona que ingrese ilegalmente al pa\u00eds.<\/p>\n<p>Es posible que pueda hablar con un abogado sobre c\u00f3mo obtener una exenci\u00f3n provisional para que su c\u00f3nyuge regrese a los Estados Unidos antes, pero no hay garant\u00eda de que USCIS est\u00e9 de acuerdo con usted y permita que su c\u00f3nyuge regrese antes de que expire la prohibici\u00f3n.<\/p>\n<p>Tambi\u00e9n hay una gran trampa: si su c\u00f3nyuge ingres\u00f3 ilegalmente a los Estados Unidos m\u00e1s de una vez, regres\u00f3 ilegalmente despu\u00e9s de ser deportado o ha ingresado ilegalmente despu\u00e9s de haber vivido en los Estados Unidos como inmigrante indocumentado durante m\u00e1s de un a\u00f1o, puede estar sujeto a una prohibici\u00f3n permanente de por vida de reingreso. Eso significa que nunca se les permite regresar a los Estados Unidos, punto.<\/p>\n<h3>\u00bfDACA afecta la elegibilidad para una tarjeta verde basada en el matrimonio?<\/h3>\n<p>Si su c\u00f3nyuge actualmente tiene DACA (Acci\u00f3n Diferida para los Llegados en la Infancia), eso no afectar\u00e1 su elegibilidad para una tarjeta verde basada en el matrimonio. Pero si tienen DACA y abandonan los Estados Unidos sin <a href=\"https:\/\/gldlaw.com\/immigration\/humanitarian-parole\/\"  data-wpil-monitor-id=\"48\">libertad condicional<\/a> anticipada, perder\u00e1n su estatus diferido. Y, como se mencion\u00f3 anteriormente, si han estado en los Estados Unidos ilegalmente durante m\u00e1s de seis meses, estar\u00e1n sujetos a la prohibici\u00f3n de reingreso de 3\/10 a\u00f1os.<\/p>\n\t<h2><a href=\"https:\/\/gldlaw.com\/es\/contacto\/\">Haga Clic Hoy Para Su Consulta Gratis<\/a><\/h2>\n\t\t\t<a href=\"https:\/\/gldlaw.com\/es\/contacto\/\" target=\"_self\">\n\t\t\t\t\t\t\tOprima Aqu\u00ed\n\t\t\t\t\t<\/a>\n\t<h2>Una palabra sobre la libertad condicional anticipada<\/h2>\n<p>La <a href=\"https:\/\/gldlaw.com\/immigration\/humanitarian-parole\/\"  data-wpil-monitor-id=\"380\">libertad condicional<\/a> anticipada es un documento de viaje que permite a ciertos inmigrantes salir de los Estados Unidos y regresar sin perder su estado diferido o activar la prohibici\u00f3n de 3\/10 a\u00f1os. Es autorizaci\u00f3n previa para salir del pa\u00eds y regresar legalmente.<\/p>\n<p>Es importante tener en cuenta que, a pesar de que su c\u00f3nyuge tiene DACA, todav\u00eda se consideran indocumentados. Sin embargo, si los patrocina para una tarjeta verde y USCIS descubre que una vez tuvieron DACA, eso no necesariamente significar\u00e1 que su solicitud ser\u00e1 denegada.<\/p>\n<p><strong><em>Relacionado: <\/em><\/strong><a href=\"https:\/\/gldlaw.com\/es\/honorarios-comunes-de-abogados-de-inmigracion-explicados\/\"><strong><em>Lo que necesita saber sobre los honorarios de los abogados de inmigraci\u00f3n<\/em><\/strong><\/a><\/p>\n<h2>\u00bfQu\u00e9 sucede despu\u00e9s de solicitar una tarjeta verde para su c\u00f3nyuge indocumentado?<\/h2>\n<p>Despu\u00e9s de enviar el Formulario I-130 a USCIS, generalmente toma entre 6 y 8 meses escuchar si fue aprobado. Recibir\u00e1 una notificaci\u00f3n del Centro Nacional de Visas (NVC). El NVC le dir\u00e1 que presente una solicitud de visa de inmigrante y pague la tarifa correspondiente.<\/p>\n<p>Despu\u00e9s de enviar su solicitud, su c\u00f3nyuge deber\u00e1 asistir a una entrevista con un oficial consular. Durante la entrevista, el oficial le har\u00e1 preguntas a su c\u00f3nyuge como:<\/p>\n<ul>\n<li>Por qu\u00e9 quieren vivir en los Estados Unidos<\/li>\n<li>Cu\u00e1l es su relaci\u00f3n contigo<\/li>\n<li>Si alguna vez han cometido un delito o han estado involucrados en cualquier otra actividad que los haga inelegibles para una tarjeta verde.<\/li>\n<\/ul>\n<p>Si todo va bien, el oficial consular aprobar\u00e1 la solicitud de visa de inmigrante de su c\u00f3nyuge. Su c\u00f3nyuge podr\u00e1 recoger su tarjeta verde en un puerto de entrada de los Estados Unidos e ingresar a los Estados Unidos como residente permanente legal.<\/p>\n<h2>\u00bfNecesita hablar con un abogado sobre el patrocinio de un c\u00f3nyuge indocumentado para una tarjeta verde?<\/h2>\n<p>Si su c\u00f3nyuge es indocumentado y desea patrocinarlos para obtener una tarjeta verde, es posible que podamos ayudarlo. Llame a nuestra oficina hoy para programar una consulta con un abogado de inmigraci\u00f3n con experiencia que pueda responder sus preguntas y ayudarlo a comenzar el camino correcto.<\/p>\n\t<h2><a href=\"https:\/\/gldlaw.com\/es\/contacto\/\">Haga Clic Hoy Para Su Consulta Gratis<\/a><\/h2>\n\t\t\t<a href=\"https:\/\/gldlaw.com\/es\/contacto\/\" target=\"_self\">\n\t\t\t\t\t\t\tOprima Aqu\u00ed\n\t\t\t\t\t<\/a>\n\n","protected":false},"excerpt":{"rendered":"<p>Patrocinar A Un C\u00f3nyuge Indocumentado en Texas Si usted es ciudadano estadounidense o residente permanente y su c\u00f3nyuge es un inmigrante indocumentado, es posible que se pregunte si hay alguna manera de patrocinarlos para una tarjeta verde. La respuesta es s\u00ed, es posible patrocinar a un c\u00f3nyuge indocumentado para una tarjeta verde, pero el proceso&hellip;<\/p>\n","protected":false},"author":5,"featured_media":0,"parent":3424,"menu_order":0,"comment_status":"closed","ping_status":"closed","template":"","meta":{"_monsterinsights_skip_tracking":false,"_monsterinsights_sitenote_active":false,"_monsterinsights_sitenote_note":"","_monsterinsights_sitenote_category":0,"footnotes":""},"class_list":["post-9562","page","type-page","status-publish","hentry"],"yoast_head":"<!-- This site is optimized with the Yoast SEO plugin v27.5 - https:\/\/yoast.com\/product\/yoast-seo-wordpress\/ -->\n<title>Patrocinar A Un C\u00f3nyuge Indocumentado - Consulta Gratis<\/title>\n<meta name=\"description\" content=\"\u00bfEs posible patrocinar a un c\u00f3nyuge indocumentado para una tarjeta verde? \u00bfQu\u00e9 sucede si su c\u00f3nyuge vive ilegalmente en los Estados Unidos?\" \/>\n<meta name=\"robots\" content=\"index, follow, max-snippet:-1, max-image-preview:large, max-video-preview:-1\" \/>\n<link rel=\"canonical\" href=\"https:\/\/gldlaw.com\/es\/inmigracion\/inmigracion-familiar\/patrocinar-a-un-conyuge-indocumentado\/\" \/>\n<meta property=\"og:locale\" content=\"es_MX\" \/>\n<meta property=\"og:type\" content=\"article\" \/>\n<meta property=\"og:title\" content=\"Patrocinar A Un C\u00f3nyuge Indocumentado - Consulta Gratis\" \/>\n<meta property=\"og:description\" content=\"\u00bfEs posible patrocinar a un c\u00f3nyuge indocumentado para una tarjeta verde? \u00bfQu\u00e9 sucede si su c\u00f3nyuge vive ilegalmente en los Estados Unidos?\" \/>\n<meta property=\"og:url\" content=\"https:\/\/gldlaw.com\/es\/inmigracion\/inmigracion-familiar\/patrocinar-a-un-conyuge-indocumentado\/\" \/>\n<meta property=\"og:site_name\" content=\"Davis &amp; Associates\" \/>\n<meta property=\"article:publisher\" content=\"https:\/\/www.facebook.com\/GLDavisandAssociates\/\" \/>\n<meta property=\"article:modified_time\" content=\"2025-04-14T16:14:20+00:00\" \/>\n<meta property=\"og:image\" content=\"https:\/\/gldlaw.com\/wp-content\/uploads\/2022\/08\/Sponsoring-an-Undocumented-Spouse-Davis-Associates.png\" \/>\n<meta name=\"twitter:card\" content=\"summary_large_image\" \/>\n<meta name=\"twitter:site\" content=\"@GLD_Law\" \/>\n<meta name=\"twitter:label1\" content=\"Tiempo de lectura\" \/>\n\t<meta name=\"twitter:data1\" content=\"7 minutos\" \/>\n<script type=\"application\/ld+json\" class=\"yoast-schema-graph\">{\"@context\":\"https:\\\/\\\/schema.org\",\"@graph\":[{\"@type\":\"WebPage\",\"@id\":\"https:\\\/\\\/gldlaw.com\\\/es\\\/inmigracion\\\/inmigracion-familiar\\\/patrocinar-a-un-conyuge-indocumentado\\\/\",\"url\":\"https:\\\/\\\/gldlaw.com\\\/es\\\/inmigracion\\\/inmigracion-familiar\\\/patrocinar-a-un-conyuge-indocumentado\\\/\",\"name\":\"Patrocinar A Un C\u00f3nyuge Indocumentado - Consulta Gratis\",\"isPartOf\":{\"@id\":\"https:\\\/\\\/gldlaw.com\\\/es\\\/#website\"},\"primaryImageOfPage\":{\"@id\":\"https:\\\/\\\/gldlaw.com\\\/es\\\/inmigracion\\\/inmigracion-familiar\\\/patrocinar-a-un-conyuge-indocumentado\\\/#primaryimage\"},\"image\":{\"@id\":\"https:\\\/\\\/gldlaw.com\\\/es\\\/inmigracion\\\/inmigracion-familiar\\\/patrocinar-a-un-conyuge-indocumentado\\\/#primaryimage\"},\"thumbnailUrl\":\"https:\\\/\\\/gldlaw.com\\\/wp-content\\\/uploads\\\/2022\\\/08\\\/Sponsoring-an-Undocumented-Spouse-Davis-Associates.png\",\"datePublished\":\"2022-08-19T16:57:37+00:00\",\"dateModified\":\"2025-04-14T16:14:20+00:00\",\"description\":\"\u00bfEs posible patrocinar a un c\u00f3nyuge indocumentado para una tarjeta verde? \u00bfQu\u00e9 sucede si su c\u00f3nyuge vive ilegalmente en los Estados Unidos?\",\"breadcrumb\":{\"@id\":\"https:\\\/\\\/gldlaw.com\\\/es\\\/inmigracion\\\/inmigracion-familiar\\\/patrocinar-a-un-conyuge-indocumentado\\\/#breadcrumb\"},\"inLanguage\":\"es\",\"potentialAction\":[{\"@type\":\"ReadAction\",\"target\":[\"https:\\\/\\\/gldlaw.com\\\/es\\\/inmigracion\\\/inmigracion-familiar\\\/patrocinar-a-un-conyuge-indocumentado\\\/\"]}]},{\"@type\":\"ImageObject\",\"inLanguage\":\"es\",\"@id\":\"https:\\\/\\\/gldlaw.com\\\/es\\\/inmigracion\\\/inmigracion-familiar\\\/patrocinar-a-un-conyuge-indocumentado\\\/#primaryimage\",\"url\":\"https:\\\/\\\/gldlaw.com\\\/wp-content\\\/uploads\\\/2022\\\/08\\\/Sponsoring-an-Undocumented-Spouse-Davis-Associates.png\",\"contentUrl\":\"https:\\\/\\\/gldlaw.com\\\/wp-content\\\/uploads\\\/2022\\\/08\\\/Sponsoring-an-Undocumented-Spouse-Davis-Associates.png\"},{\"@type\":\"BreadcrumbList\",\"@id\":\"https:\\\/\\\/gldlaw.com\\\/es\\\/inmigracion\\\/inmigracion-familiar\\\/patrocinar-a-un-conyuge-indocumentado\\\/#breadcrumb\",\"itemListElement\":[{\"@type\":\"ListItem\",\"position\":1,\"name\":\"Home\",\"item\":\"https:\\\/\\\/gldlaw.com\\\/es\\\/\"},{\"@type\":\"ListItem\",\"position\":2,\"name\":\"Areas de Pr\u00e1ctica\",\"item\":\"https:\\\/\\\/gldlaw.com\\\/es\\\/inmigracion\\\/\"},{\"@type\":\"ListItem\",\"position\":3,\"name\":\"Inmigraci\u00f3n Familiar\",\"item\":\"https:\\\/\\\/gldlaw.com\\\/es\\\/inmigracion\\\/inmigracion-familiar\\\/\"},{\"@type\":\"ListItem\",\"position\":4,\"name\":\"Patrocinar A Un C\u00f3nyuge Indocumentado\"}]},{\"@type\":\"WebSite\",\"@id\":\"https:\\\/\\\/gldlaw.com\\\/es\\\/#website\",\"url\":\"https:\\\/\\\/gldlaw.com\\\/es\\\/\",\"name\":\"Davis &amp; Associates\",\"description\":\"Dallas \\\/ Fort Worth Immigration Attorney\",\"potentialAction\":[{\"@type\":\"SearchAction\",\"target\":{\"@type\":\"EntryPoint\",\"urlTemplate\":\"https:\\\/\\\/gldlaw.com\\\/es\\\/?s={search_term_string}\"},\"query-input\":{\"@type\":\"PropertyValueSpecification\",\"valueRequired\":true,\"valueName\":\"search_term_string\"}}],\"inLanguage\":\"es\"}]}<\/script>\n<!-- \/ Yoast SEO plugin. -->","yoast_head_json":{"title":"Patrocinar A Un C\u00f3nyuge Indocumentado - Consulta Gratis","description":"\u00bfEs posible patrocinar a un c\u00f3nyuge indocumentado para una tarjeta verde? \u00bfQu\u00e9 sucede si su c\u00f3nyuge vive ilegalmente en los Estados Unidos?","robots":{"index":"index","follow":"follow","max-snippet":"max-snippet:-1","max-image-preview":"max-image-preview:large","max-video-preview":"max-video-preview:-1"},"canonical":"https:\/\/gldlaw.com\/es\/inmigracion\/inmigracion-familiar\/patrocinar-a-un-conyuge-indocumentado\/","og_locale":"es_MX","og_type":"article","og_title":"Patrocinar A Un C\u00f3nyuge Indocumentado - Consulta Gratis","og_description":"\u00bfEs posible patrocinar a un c\u00f3nyuge indocumentado para una tarjeta verde? \u00bfQu\u00e9 sucede si su c\u00f3nyuge vive ilegalmente en los Estados Unidos?","og_url":"https:\/\/gldlaw.com\/es\/inmigracion\/inmigracion-familiar\/patrocinar-a-un-conyuge-indocumentado\/","og_site_name":"Davis &amp; Associates","article_publisher":"https:\/\/www.facebook.com\/GLDavisandAssociates\/","article_modified_time":"2025-04-14T16:14:20+00:00","og_image":[{"url":"https:\/\/gldlaw.com\/wp-content\/uploads\/2022\/08\/Sponsoring-an-Undocumented-Spouse-Davis-Associates.png","type":"","width":"","height":""}],"twitter_card":"summary_large_image","twitter_site":"@GLD_Law","twitter_misc":{"Tiempo de lectura":"7 minutos"},"schema":{"@context":"https:\/\/schema.org","@graph":[{"@type":"WebPage","@id":"https:\/\/gldlaw.com\/es\/inmigracion\/inmigracion-familiar\/patrocinar-a-un-conyuge-indocumentado\/","url":"https:\/\/gldlaw.com\/es\/inmigracion\/inmigracion-familiar\/patrocinar-a-un-conyuge-indocumentado\/","name":"Patrocinar A Un C\u00f3nyuge Indocumentado - Consulta Gratis","isPartOf":{"@id":"https:\/\/gldlaw.com\/es\/#website"},"primaryImageOfPage":{"@id":"https:\/\/gldlaw.com\/es\/inmigracion\/inmigracion-familiar\/patrocinar-a-un-conyuge-indocumentado\/#primaryimage"},"image":{"@id":"https:\/\/gldlaw.com\/es\/inmigracion\/inmigracion-familiar\/patrocinar-a-un-conyuge-indocumentado\/#primaryimage"},"thumbnailUrl":"https:\/\/gldlaw.com\/wp-content\/uploads\/2022\/08\/Sponsoring-an-Undocumented-Spouse-Davis-Associates.png","datePublished":"2022-08-19T16:57:37+00:00","dateModified":"2025-04-14T16:14:20+00:00","description":"\u00bfEs posible patrocinar a un c\u00f3nyuge indocumentado para una tarjeta verde? \u00bfQu\u00e9 sucede si su c\u00f3nyuge vive ilegalmente en los Estados Unidos?","breadcrumb":{"@id":"https:\/\/gldlaw.com\/es\/inmigracion\/inmigracion-familiar\/patrocinar-a-un-conyuge-indocumentado\/#breadcrumb"},"inLanguage":"es","potentialAction":[{"@type":"ReadAction","target":["https:\/\/gldlaw.com\/es\/inmigracion\/inmigracion-familiar\/patrocinar-a-un-conyuge-indocumentado\/"]}]},{"@type":"ImageObject","inLanguage":"es","@id":"https:\/\/gldlaw.com\/es\/inmigracion\/inmigracion-familiar\/patrocinar-a-un-conyuge-indocumentado\/#primaryimage","url":"https:\/\/gldlaw.com\/wp-content\/uploads\/2022\/08\/Sponsoring-an-Undocumented-Spouse-Davis-Associates.png","contentUrl":"https:\/\/gldlaw.com\/wp-content\/uploads\/2022\/08\/Sponsoring-an-Undocumented-Spouse-Davis-Associates.png"},{"@type":"BreadcrumbList","@id":"https:\/\/gldlaw.com\/es\/inmigracion\/inmigracion-familiar\/patrocinar-a-un-conyuge-indocumentado\/#breadcrumb","itemListElement":[{"@type":"ListItem","position":1,"name":"Home","item":"https:\/\/gldlaw.com\/es\/"},{"@type":"ListItem","position":2,"name":"Areas de Pr\u00e1ctica","item":"https:\/\/gldlaw.com\/es\/inmigracion\/"},{"@type":"ListItem","position":3,"name":"Inmigraci\u00f3n Familiar","item":"https:\/\/gldlaw.com\/es\/inmigracion\/inmigracion-familiar\/"},{"@type":"ListItem","position":4,"name":"Patrocinar A Un C\u00f3nyuge Indocumentado"}]},{"@type":"WebSite","@id":"https:\/\/gldlaw.com\/es\/#website","url":"https:\/\/gldlaw.com\/es\/","name":"Davis &amp; Associates","description":"Dallas \/ Fort Worth Immigration Attorney","potentialAction":[{"@type":"SearchAction","target":{"@type":"EntryPoint","urlTemplate":"https:\/\/gldlaw.com\/es\/?s={search_term_string}"},"query-input":{"@type":"PropertyValueSpecification","valueRequired":true,"valueName":"search_term_string"}}],"inLanguage":"es"}]}},"_links":{"self":[{"href":"https:\/\/gldlaw.com\/es\/wp-json\/wp\/v2\/pages\/9562","targetHints":{"allow":["GET"]}}],"collection":[{"href":"https:\/\/gldlaw.com\/es\/wp-json\/wp\/v2\/pages"}],"about":[{"href":"https:\/\/gldlaw.com\/es\/wp-json\/wp\/v2\/types\/page"}],"author":[{"embeddable":true,"href":"https:\/\/gldlaw.com\/es\/wp-json\/wp\/v2\/users\/5"}],"replies":[{"embeddable":true,"href":"https:\/\/gldlaw.com\/es\/wp-json\/wp\/v2\/comments?post=9562"}],"version-history":[{"count":7,"href":"https:\/\/gldlaw.com\/es\/wp-json\/wp\/v2\/pages\/9562\/revisions"}],"predecessor-version":[{"id":12117,"href":"https:\/\/gldlaw.com\/es\/wp-json\/wp\/v2\/pages\/9562\/revisions\/12117"}],"up":[{"embeddable":true,"href":"https:\/\/gldlaw.com\/es\/wp-json\/wp\/v2\/pages\/3424"}],"wp:attachment":[{"href":"https:\/\/gldlaw.com\/es\/wp-json\/wp\/v2\/media?parent=9562"}],"curies":[{"name":"wp","href":"https:\/\/api.w.org\/{rel}","templated":true}]}}