{"id":9579,"date":"2022-08-22T14:34:40","date_gmt":"2022-08-22T19:34:40","guid":{"rendered":"https:\/\/gldlaw.com\/inmigracion\/tarjeta-verdes\/green-card-sponsor-with-criminal-record\/"},"modified":"2024-03-07T20:42:16","modified_gmt":"2024-03-08T02:42:16","slug":"puedo-obtener-una-tarjeta-verde-si-tengo-antecedentes-penales","status":"publish","type":"page","link":"https:\/\/gldlaw.com\/es\/inmigracion\/tarjeta-verdes\/puedo-obtener-una-tarjeta-verde-si-tengo-antecedentes-penales\/","title":{"rendered":"\u00bfPuedo Patrocinar A Alguien Para Una Tarjeta Verde Si Tengo Antecedentes Penales?"},"content":{"rendered":"\r\n<h1>\u00bfPuedo Patrocinar A Alguien Para Una Tarjeta Verde Si Tengo Antecedentes Penales?<\/h1>\r\n<p>Si tiene antecedentes penales, es importante saber que esto puede afectar su capacidad de <a href=\"https:\/\/gldlaw.com\/es\/inmigracion\/tarjeta-verdes\/\">patrocinar a alguien para una tarjeta verde<\/a>. Esta gu\u00eda explicar\u00e1 las consecuencias de tener antecedentes penales como patrocinador y qu\u00e9 puede hacer para mitigarlas.<\/p>\r\n<h2>Patrocinar a alguien para una tarjeta verde: lo b\u00e1sico<\/h2>\r\n<p>Cuando alguien quiere obtener una tarjeta verde en los Estados Unidos (es decir, quiere la residencia permanente legal aqu\u00ed), generalmente necesita un patrocinador.<\/p>\r\n<p><img loading=\"lazy\" decoding=\"async\" title=\"Can I Sponsor Someone for a Green Card if I Have a Criminal Record?\" src=\"https:\/\/gldlaw.com\/wp-content\/uploads\/2022\/08\/Can-I-Sponsor-Someone-for-a-Green-Card-if-I-Have-a-Criminal-Record.png\" alt=\"Can I Sponsor Someone for a Green Card if I Have a Criminal Record?\" width=\"1200\" height=\"630\" \/><\/p>\r\n<p>Un patrocinador suele ser un miembro de la familia o un empleador que est\u00e1 dispuesto a ayudar con el proceso de solicitud de la tarjeta verde.<\/p>\r\n<p>El patrocinador deber\u00e1 completar un formulario I-130, que tambi\u00e9n se conoce como Petici\u00f3n para pariente extranjero. Una vez que se aprueba este formulario, la persona patrocinada puede solicitar una tarjeta verde.<\/p>\r\n<p>En t\u00e9rminos generales, cualquier persona que quiera patrocinar a alguien para una tarjeta verde debe ser ciudadano estadounidense o residente permanente legal. Tambi\u00e9n es posible que deban tener antecedentes penales limpios.<\/p>\r\n<h2>Haga Clic Hoy Para Su Consulta Gratis<\/h2>\r\n<p><a role=\"button\" href=\"https:\/\/gldlaw.com\/es\/contacto\/\" target=\"_self\" rel=\"noopener\"> Oprima Aqu\u00ed <\/a><\/p>\r\n<h3><img loading=\"lazy\" decoding=\"async\" src=\"https:\/\/gldlaw.com\/wp-content\/uploads\/2022\/08\/Sponsoring-a-Green-Card-with-a-Criminal-Background.png\" alt=\"Sponsoring a Green Card with a Criminal Background\" width=\"499\" height=\"374\" \/><\/h3>\r\n<h3>\u00bfQu\u00e9 pasa si tengo antecedentes penales?<\/h3>\r\n<p>Si tiene antecedentes penales, eso no significa necesariamente que no podr\u00e1 patrocinar a alguien para una tarjeta verde. Pero es importante saber que tener antecedentes penales puede hacer que sea m\u00e1s dif\u00edcil patrocinar a alguien, y tambi\u00e9n podr\u00eda retrasar el proceso.<\/p>\r\n<p><strong><em>Relacionado: <\/em><\/strong><a href=\"https:\/\/gldlaw.com\/es\/puedo-trabajar-en-los-estados-unidos-mientras-espero-mi-tarjeta-verde\/\"><strong><em>\u00bfPuede una persona trabajar en los Estados Unidos mientras espera una tarjeta verde?<\/em><\/strong><\/a><\/p>\r\n<h3>Descalificaci\u00f3n absoluta para patrocinar a un inmigrante: cr\u00edmenes contra menores<\/h3>\r\n<p>Una de las principales cosas que el Servicio de Ciudadan\u00eda e Inmigraci\u00f3n de los Estados Unidos (USCIS) analizar\u00e1 es si usted ha sido condenado o no por un delito contra un menor. Si ha sido condenado por uno de estos tipos de delitos, ser\u00e1 descalificado para patrocinar a alguien para una tarjeta verde:<\/p>\r\n<ul>\r\n<li>Cualquier delito sexual contra un menor<\/li>\r\n<li>La producci\u00f3n, posesi\u00f3n o distribuci\u00f3n de pornograf\u00eda que involucre a ni\u00f1os o menores de edad<\/li>\r\n<li>Secuestro de un ni\u00f1o<\/li>\r\n<li>Solicitar participar en una conducta sexual con un menor<\/li>\r\n<\/ul>\r\n<p>Estos cr\u00edmenes, y otros similares, se describen en la Ley de Inmigraci\u00f3n y Nacionalidad (<a href=\"https:\/\/uscode.house.gov\/view.xhtml?req=granuleid:USC-prelim-title8-section1154&amp;num=0&amp;edition=prelim\">INA<\/a>) y la Ley de Protecci\u00f3n y Seguridad Infantil Adam Walsh de 2006.<\/p>\r\n<h4>\u00bfQu\u00e9 es la Ley Adam Walsh?<\/h4>\r\n<p>La Ley Adam Walsh es una ley federal que fue creada para ayudar a proteger a los ni\u00f1os de los delincuentes sexuales. La ley requiere que los delincuentes sexuales est\u00e9n registrados en una base de datos nacional, y tambi\u00e9n impone penas m\u00e1s estrictas para los delitos sexuales contra menores. La Ley Adam Walsh es ahora parte de la Ley de Inmigraci\u00f3n y Nacionalidad.<\/p>\r\n<h3>\u00bfHay excepciones si sus antecedentes penales le impiden patrocinar a alguien para una tarjeta verde?<\/h3>\r\n<p>En casos muy raros, una persona con antecedentes penales que involucran un delito contra un menor puede patrocinar a alguien para una tarjeta verde. Para patrocinar a alguien cuando tiene una condena relacionada con un ni\u00f1o en su registro, debe demostrar al Departamento de Seguridad Nacional (DHS) que no representa absolutamente ning\u00fan riesgo para la persona que est\u00e1 patrocinando.<\/p>\r\n<p><strong><em>Relacionado: <\/em><\/strong><a href=\"https:\/\/gldlaw.com\/es\/por-que-se-negaria-mi-solicitud-de-tarjeta-verde\/\"><strong><em>\u00bfPor qu\u00e9 USCIS niega algunas solicitudes de tarjeta verde?<\/em><\/strong><\/a><\/p>\r\n<h2>\u00bfPuede patrocinar a alguien para una tarjeta verde si ha sido condenado por un delito que no involucra a un menor?<\/h2>\r\n<p>Si no ha sido condenado por un delito contra un menor, es posible que a\u00fan pueda patrocinar a alguien para una tarjeta verde. Sin embargo, USCIS analizar\u00e1 todo su historial criminal al decidir si aprueba o no su petici\u00f3n I-130.<\/p>\r\n<p>Otros factores que USCIS puede considerar incluyen:<\/p>\r\n<ul>\r\n<li>La gravedad de su(s) delito(s)<\/li>\r\n<li>\u00bfCu\u00e1nto tiempo hace que se cometi\u00f3 el crimen?<\/li>\r\n<li>Si ha sido rehabilitado o no<\/li>\r\n<\/ul>\r\n<p>En t\u00e9rminos generales, cuanto m\u00e1s grave sea el delito, menos probable es que sea aprobado como patrocinador. Si ha sido condenado por un delito grave, por ejemplo, puede ser m\u00e1s dif\u00edcil lograr que USCIS apruebe su petici\u00f3n I-130 de lo que ser\u00eda si fuera condenado por un delito menor (o no condenado por ning\u00fan delito en absoluto).<\/p>\r\n<h3>\u00bfPuede USCIS solicitar m\u00e1s informaci\u00f3n sobre sus antecedentes penales si desea patrocinar a un inmigrante?<\/h3>\r\n<p>Si USCIS tiene preguntas sobre sus antecedentes penales, es posible que le pidan m\u00e1s informaci\u00f3n. Tambi\u00e9n pueden requerir que presente documentaci\u00f3n adicional, como registros judiciales o informes policiales.<\/p>\r\n<p>Si no est\u00e1 seguro de si sus antecedentes penales afectar\u00e1n o no su capacidad de patrocinar a alguien para una tarjeta verde, es una buena idea hablar con un abogado de inmigraci\u00f3n. Un abogado puede revisar su historial criminal y ayudarlo a determinar si podr\u00e1 o no patrocinar a alguien.<\/p>\r\n<p>Tambi\u00e9n es importante tener en cuenta que incluso si puede patrocinar a alguien para una tarjeta verde, la persona que est\u00e1 patrocinando a\u00fan debe cumplir con los criterios correctos de admisibilidad. Eso significa que USCIS tambi\u00e9n analizar\u00e1 el historial criminal del inmigrante al tomar su decisi\u00f3n.<\/p>\r\n<p>Los antecedentes penales pueden dificultar el patrocinio de alguien para una tarjeta verde, pero no es imposible. Si tiene antecedentes penales y espera patrocinar a un inmigrante, lo mejor que puede hacer es hablar con un abogado de inmigraci\u00f3n. Un abogado puede ayudarlo a comprender sus opciones y darle la mejor oportunidad de obtener la aprobaci\u00f3n de su I-130.<\/p>\r\n<p><strong><em>Relacionado: <\/em><\/strong><a href=\"https:\/\/gldlaw.com\/public-charge-policy-immigration\/\"><strong><em>C\u00f3mo la pol\u00edtica de carga p\u00fablica afecta la inmigraci\u00f3n<\/em><\/strong><\/a><\/p>\r\n<h2>Haga Clic Hoy Para Su Consulta Gratis<\/h2>\r\n<p><a role=\"button\" href=\"https:\/\/gldlaw.com\/es\/contacto\/\" target=\"_self\" rel=\"noopener\"> Oprima Aqu\u00ed <\/a><\/p>\r\n<h3>\u00bfQu\u00e9 pasa si no he sido condenado por un delito, pero tengo arrestos en mi registro?<\/h3>\r\n<p>Si no ha sido condenado por un delito pero tiene arrestos en su registro, USCIS revisar\u00e1 su registro para determinar si califica para patrocinar a alguien. En general, debido a la forma en que funciona el sistema legal de los Estados Unidos, los arrestos no significan mucho en los antecedentes penales; solo las convicciones tienen un gran impacto. Esto se debe a que cualquiera puede estar en el lugar equivocado en el momento equivocado y ser arrestado; pero se supone que el sistema de justicia de los Estados Unidos solo debe condenar a las personas que son realmente culpables. (Si el sistema realmente funciona de esa manera o no es otro asunto, \u00a1y es uno para que los abogados penalistas lo discutan, no los abogados de inmigraci\u00f3n!)<\/p>\r\n<h3>\u00bfQu\u00e9 sucede si no puede patrocinar a alguien para una tarjeta verde?<\/h3>\r\n<p>Si no puede patrocinar a alguien para una tarjeta verde, eso no significa que la persona nunca podr\u00e1 obtener una tarjeta verde. La persona que est\u00e1 patrocinando tendr\u00e1 que encontrar otra manera de obtener una tarjeta verde; por ejemplo, \u00e9l o ella puede solicitar una tarjeta verde a trav\u00e9s del empleo o a trav\u00e9s de otro miembro de la familia. Si est\u00e1n en los Estados Unidos con una visa temporal, tambi\u00e9n pueden ajustar su estado para obtener una tarjeta verde. (Sin embargo, solo algunas visas se pueden ajustar a la residencia permanente legal. La mayor\u00eda no puede).<\/p>\r\n<p><strong><em>Relacionado: <\/em><\/strong><a href=\"https:\/\/gldlaw.com\/find-detained-loved-one-online\/\"><strong><em>C\u00f3mo encontrar a un detenido de ICE en l\u00ednea<\/em><\/strong><\/a><\/p>\r\n<h3>\u00bfQu\u00e9 inmigrantes no necesitan patrocinadores para obtener una tarjeta verde?<\/h3>\r\n<p>Algunos inmigrantes no necesitan patrocinadores en absoluto, como los que buscan asilo o estatus de refugiado en los Estados Unidos. Adem\u00e1s, los inmigrantes que tienen ciertos tipos de visas basadas en el empleo no necesitan patrocinadores.<\/p>\r\n<h3>\u00bfNecesita un abogado para ayudar a patrocinar a alguien para una tarjeta verde?<\/h3>\r\n<p>Muchas personas encuentran que trabajar con un abogado de inmigraci\u00f3n es la mejor manera de obtener el mejor resultado posible, especialmente si est\u00e1n tratando de patrocinar a alguien pero tienen antecedentes penales. Un abogado puede ayudarlo a descubrir la mejor manera de proceder y puede ayudarlo a aprobar su petici\u00f3n I-130, incluso si tiene antecedentes penales.<\/p>\r\n<p><strong><em>Relacionado: <\/em><\/strong><a href=\"https:\/\/gldlaw.com\/es\/honorarios-comunes-de-abogados-de-inmigracion-explicados\/\"><strong><em>Los honorarios de abogados de inmigraci\u00f3n m\u00e1s comunes, explicado<\/em><\/strong><\/a><\/p>\r\n<h2>\u00bfNecesita hablar con un abogado sobre el patrocinio de alguien para una tarjeta verde cuando tiene antecedentes penales?<\/h2>\r\n<p>Si tiene antecedentes penales y desea patrocinar a alguien para una tarjeta verde, es posible que podamos ayudarlo. Llame a nuestra oficina ahora para programar una consulta gratuita con un abogado experimentado que pueda responder sus preguntas y ayudarlo a obtener el mejor resultado posible en su caso.<\/p>\r\n<h2>Haga Clic Hoy Para Su Consulta Gratis<\/h2>\r\n<p><a role=\"button\" href=\"https:\/\/gldlaw.com\/es\/contacto\/\" target=\"_self\" rel=\"noopener\"> Oprima Aqu\u00ed <\/a><\/p>\r\n","protected":false},"excerpt":{"rendered":"<p>\u00bfPuedo Patrocinar A Alguien Para Una Tarjeta Verde Si Tengo Antecedentes Penales? Si tiene antecedentes penales, es importante saber que esto puede afectar su capacidad de patrocinar a alguien para una tarjeta verde. Esta gu\u00eda explicar\u00e1 las consecuencias de tener antecedentes penales como patrocinador y qu\u00e9 puede hacer para mitigarlas. Patrocinar a alguien para una&hellip;<\/p>\n","protected":false},"author":5,"featured_media":0,"parent":5460,"menu_order":0,"comment_status":"closed","ping_status":"closed","template":"","meta":{"_monsterinsights_skip_tracking":false,"_monsterinsights_sitenote_active":false,"_monsterinsights_sitenote_note":"","_monsterinsights_sitenote_category":0,"footnotes":""},"class_list":["post-9579","page","type-page","status-publish","hentry"],"yoast_head":"<!-- This site is optimized with the Yoast SEO plugin v27.5 - https:\/\/yoast.com\/product\/yoast-seo-wordpress\/ -->\n<title>Patrocinio de Tarjeta Verde con Antecedentes Penales<\/title>\n<meta name=\"description\" content=\"\u00bfEs posible patrocinar a alguien para una tarjeta verde si usted (el patrocinador) tiene antecedentes penales? Esta gu\u00eda explica.\" \/>\n<meta name=\"robots\" content=\"index, follow, max-snippet:-1, max-image-preview:large, max-video-preview:-1\" \/>\n<link rel=\"canonical\" href=\"https:\/\/gldlaw.com\/es\/inmigracion\/tarjeta-verdes\/puedo-obtener-una-tarjeta-verde-si-tengo-antecedentes-penales\/\" \/>\n<meta property=\"og:locale\" content=\"es_MX\" \/>\n<meta property=\"og:type\" content=\"article\" \/>\n<meta property=\"og:title\" content=\"Patrocinio de Tarjeta Verde con Antecedentes Penales\" \/>\n<meta property=\"og:description\" content=\"\u00bfEs posible patrocinar a alguien para una tarjeta verde si usted (el patrocinador) tiene antecedentes penales? Esta gu\u00eda explica.\" \/>\n<meta property=\"og:url\" content=\"https:\/\/gldlaw.com\/es\/inmigracion\/tarjeta-verdes\/puedo-obtener-una-tarjeta-verde-si-tengo-antecedentes-penales\/\" \/>\n<meta property=\"og:site_name\" content=\"Davis &amp; Associates\" \/>\n<meta property=\"article:publisher\" content=\"https:\/\/www.facebook.com\/GLDavisandAssociates\/\" \/>\n<meta property=\"article:modified_time\" content=\"2024-03-08T02:42:16+00:00\" \/>\n<meta property=\"og:image\" content=\"https:\/\/gldlaw.com\/wp-content\/uploads\/2022\/08\/Can-I-Sponsor-Someone-for-a-Green-Card-if-I-Have-a-Criminal-Record.png\" \/>\n<meta name=\"twitter:card\" content=\"summary_large_image\" \/>\n<meta name=\"twitter:site\" content=\"@GLD_Law\" \/>\n<meta name=\"twitter:label1\" content=\"Tiempo de lectura\" \/>\n\t<meta name=\"twitter:data1\" content=\"7 minutos\" \/>\n<script type=\"application\/ld+json\" class=\"yoast-schema-graph\">{\"@context\":\"https:\\\/\\\/schema.org\",\"@graph\":[{\"@type\":\"WebPage\",\"@id\":\"https:\\\/\\\/gldlaw.com\\\/es\\\/inmigracion\\\/tarjeta-verdes\\\/puedo-obtener-una-tarjeta-verde-si-tengo-antecedentes-penales\\\/\",\"url\":\"https:\\\/\\\/gldlaw.com\\\/es\\\/inmigracion\\\/tarjeta-verdes\\\/puedo-obtener-una-tarjeta-verde-si-tengo-antecedentes-penales\\\/\",\"name\":\"Patrocinio de Tarjeta Verde con Antecedentes Penales\",\"isPartOf\":{\"@id\":\"https:\\\/\\\/gldlaw.com\\\/es\\\/#website\"},\"primaryImageOfPage\":{\"@id\":\"https:\\\/\\\/gldlaw.com\\\/es\\\/inmigracion\\\/tarjeta-verdes\\\/puedo-obtener-una-tarjeta-verde-si-tengo-antecedentes-penales\\\/#primaryimage\"},\"image\":{\"@id\":\"https:\\\/\\\/gldlaw.com\\\/es\\\/inmigracion\\\/tarjeta-verdes\\\/puedo-obtener-una-tarjeta-verde-si-tengo-antecedentes-penales\\\/#primaryimage\"},\"thumbnailUrl\":\"https:\\\/\\\/gldlaw.com\\\/wp-content\\\/uploads\\\/2022\\\/08\\\/Can-I-Sponsor-Someone-for-a-Green-Card-if-I-Have-a-Criminal-Record.png\",\"datePublished\":\"2022-08-22T19:34:40+00:00\",\"dateModified\":\"2024-03-08T02:42:16+00:00\",\"description\":\"\u00bfEs posible patrocinar a alguien para una tarjeta verde si usted (el patrocinador) tiene antecedentes penales? Esta gu\u00eda explica.\",\"breadcrumb\":{\"@id\":\"https:\\\/\\\/gldlaw.com\\\/es\\\/inmigracion\\\/tarjeta-verdes\\\/puedo-obtener-una-tarjeta-verde-si-tengo-antecedentes-penales\\\/#breadcrumb\"},\"inLanguage\":\"es\",\"potentialAction\":[{\"@type\":\"ReadAction\",\"target\":[\"https:\\\/\\\/gldlaw.com\\\/es\\\/inmigracion\\\/tarjeta-verdes\\\/puedo-obtener-una-tarjeta-verde-si-tengo-antecedentes-penales\\\/\"]}]},{\"@type\":\"ImageObject\",\"inLanguage\":\"es\",\"@id\":\"https:\\\/\\\/gldlaw.com\\\/es\\\/inmigracion\\\/tarjeta-verdes\\\/puedo-obtener-una-tarjeta-verde-si-tengo-antecedentes-penales\\\/#primaryimage\",\"url\":\"https:\\\/\\\/gldlaw.com\\\/wp-content\\\/uploads\\\/2022\\\/08\\\/Can-I-Sponsor-Someone-for-a-Green-Card-if-I-Have-a-Criminal-Record.png\",\"contentUrl\":\"https:\\\/\\\/gldlaw.com\\\/wp-content\\\/uploads\\\/2022\\\/08\\\/Can-I-Sponsor-Someone-for-a-Green-Card-if-I-Have-a-Criminal-Record.png\"},{\"@type\":\"BreadcrumbList\",\"@id\":\"https:\\\/\\\/gldlaw.com\\\/es\\\/inmigracion\\\/tarjeta-verdes\\\/puedo-obtener-una-tarjeta-verde-si-tengo-antecedentes-penales\\\/#breadcrumb\",\"itemListElement\":[{\"@type\":\"ListItem\",\"position\":1,\"name\":\"Home\",\"item\":\"https:\\\/\\\/gldlaw.com\\\/es\\\/\"},{\"@type\":\"ListItem\",\"position\":2,\"name\":\"Areas de Pr\u00e1ctica\",\"item\":\"https:\\\/\\\/gldlaw.com\\\/es\\\/inmigracion\\\/\"},{\"@type\":\"ListItem\",\"position\":3,\"name\":\"Tarjeta Verdes\",\"item\":\"https:\\\/\\\/gldlaw.com\\\/es\\\/inmigracion\\\/tarjeta-verdes\\\/\"},{\"@type\":\"ListItem\",\"position\":4,\"name\":\"\u00bfPuedo Patrocinar A Alguien Para Una Tarjeta Verde Si Tengo Antecedentes Penales?\"}]},{\"@type\":\"WebSite\",\"@id\":\"https:\\\/\\\/gldlaw.com\\\/es\\\/#website\",\"url\":\"https:\\\/\\\/gldlaw.com\\\/es\\\/\",\"name\":\"Davis &amp; Associates\",\"description\":\"Dallas \\\/ Fort Worth Immigration Attorney\",\"potentialAction\":[{\"@type\":\"SearchAction\",\"target\":{\"@type\":\"EntryPoint\",\"urlTemplate\":\"https:\\\/\\\/gldlaw.com\\\/es\\\/?s={search_term_string}\"},\"query-input\":{\"@type\":\"PropertyValueSpecification\",\"valueRequired\":true,\"valueName\":\"search_term_string\"}}],\"inLanguage\":\"es\"}]}<\/script>\n<!-- \/ Yoast SEO plugin. -->","yoast_head_json":{"title":"Patrocinio de Tarjeta Verde con Antecedentes Penales","description":"\u00bfEs posible patrocinar a alguien para una tarjeta verde si usted (el patrocinador) tiene antecedentes penales? Esta gu\u00eda explica.","robots":{"index":"index","follow":"follow","max-snippet":"max-snippet:-1","max-image-preview":"max-image-preview:large","max-video-preview":"max-video-preview:-1"},"canonical":"https:\/\/gldlaw.com\/es\/inmigracion\/tarjeta-verdes\/puedo-obtener-una-tarjeta-verde-si-tengo-antecedentes-penales\/","og_locale":"es_MX","og_type":"article","og_title":"Patrocinio de Tarjeta Verde con Antecedentes Penales","og_description":"\u00bfEs posible patrocinar a alguien para una tarjeta verde si usted (el patrocinador) tiene antecedentes penales? Esta gu\u00eda explica.","og_url":"https:\/\/gldlaw.com\/es\/inmigracion\/tarjeta-verdes\/puedo-obtener-una-tarjeta-verde-si-tengo-antecedentes-penales\/","og_site_name":"Davis &amp; Associates","article_publisher":"https:\/\/www.facebook.com\/GLDavisandAssociates\/","article_modified_time":"2024-03-08T02:42:16+00:00","og_image":[{"url":"https:\/\/gldlaw.com\/wp-content\/uploads\/2022\/08\/Can-I-Sponsor-Someone-for-a-Green-Card-if-I-Have-a-Criminal-Record.png","type":"","width":"","height":""}],"twitter_card":"summary_large_image","twitter_site":"@GLD_Law","twitter_misc":{"Tiempo de lectura":"7 minutos"},"schema":{"@context":"https:\/\/schema.org","@graph":[{"@type":"WebPage","@id":"https:\/\/gldlaw.com\/es\/inmigracion\/tarjeta-verdes\/puedo-obtener-una-tarjeta-verde-si-tengo-antecedentes-penales\/","url":"https:\/\/gldlaw.com\/es\/inmigracion\/tarjeta-verdes\/puedo-obtener-una-tarjeta-verde-si-tengo-antecedentes-penales\/","name":"Patrocinio de Tarjeta Verde con Antecedentes Penales","isPartOf":{"@id":"https:\/\/gldlaw.com\/es\/#website"},"primaryImageOfPage":{"@id":"https:\/\/gldlaw.com\/es\/inmigracion\/tarjeta-verdes\/puedo-obtener-una-tarjeta-verde-si-tengo-antecedentes-penales\/#primaryimage"},"image":{"@id":"https:\/\/gldlaw.com\/es\/inmigracion\/tarjeta-verdes\/puedo-obtener-una-tarjeta-verde-si-tengo-antecedentes-penales\/#primaryimage"},"thumbnailUrl":"https:\/\/gldlaw.com\/wp-content\/uploads\/2022\/08\/Can-I-Sponsor-Someone-for-a-Green-Card-if-I-Have-a-Criminal-Record.png","datePublished":"2022-08-22T19:34:40+00:00","dateModified":"2024-03-08T02:42:16+00:00","description":"\u00bfEs posible patrocinar a alguien para una tarjeta verde si usted (el patrocinador) tiene antecedentes penales? Esta gu\u00eda explica.","breadcrumb":{"@id":"https:\/\/gldlaw.com\/es\/inmigracion\/tarjeta-verdes\/puedo-obtener-una-tarjeta-verde-si-tengo-antecedentes-penales\/#breadcrumb"},"inLanguage":"es","potentialAction":[{"@type":"ReadAction","target":["https:\/\/gldlaw.com\/es\/inmigracion\/tarjeta-verdes\/puedo-obtener-una-tarjeta-verde-si-tengo-antecedentes-penales\/"]}]},{"@type":"ImageObject","inLanguage":"es","@id":"https:\/\/gldlaw.com\/es\/inmigracion\/tarjeta-verdes\/puedo-obtener-una-tarjeta-verde-si-tengo-antecedentes-penales\/#primaryimage","url":"https:\/\/gldlaw.com\/wp-content\/uploads\/2022\/08\/Can-I-Sponsor-Someone-for-a-Green-Card-if-I-Have-a-Criminal-Record.png","contentUrl":"https:\/\/gldlaw.com\/wp-content\/uploads\/2022\/08\/Can-I-Sponsor-Someone-for-a-Green-Card-if-I-Have-a-Criminal-Record.png"},{"@type":"BreadcrumbList","@id":"https:\/\/gldlaw.com\/es\/inmigracion\/tarjeta-verdes\/puedo-obtener-una-tarjeta-verde-si-tengo-antecedentes-penales\/#breadcrumb","itemListElement":[{"@type":"ListItem","position":1,"name":"Home","item":"https:\/\/gldlaw.com\/es\/"},{"@type":"ListItem","position":2,"name":"Areas de Pr\u00e1ctica","item":"https:\/\/gldlaw.com\/es\/inmigracion\/"},{"@type":"ListItem","position":3,"name":"Tarjeta Verdes","item":"https:\/\/gldlaw.com\/es\/inmigracion\/tarjeta-verdes\/"},{"@type":"ListItem","position":4,"name":"\u00bfPuedo Patrocinar A Alguien Para Una Tarjeta Verde Si Tengo Antecedentes Penales?"}]},{"@type":"WebSite","@id":"https:\/\/gldlaw.com\/es\/#website","url":"https:\/\/gldlaw.com\/es\/","name":"Davis &amp; Associates","description":"Dallas \/ Fort Worth Immigration Attorney","potentialAction":[{"@type":"SearchAction","target":{"@type":"EntryPoint","urlTemplate":"https:\/\/gldlaw.com\/es\/?s={search_term_string}"},"query-input":{"@type":"PropertyValueSpecification","valueRequired":true,"valueName":"search_term_string"}}],"inLanguage":"es"}]}},"_links":{"self":[{"href":"https:\/\/gldlaw.com\/es\/wp-json\/wp\/v2\/pages\/9579","targetHints":{"allow":["GET"]}}],"collection":[{"href":"https:\/\/gldlaw.com\/es\/wp-json\/wp\/v2\/pages"}],"about":[{"href":"https:\/\/gldlaw.com\/es\/wp-json\/wp\/v2\/types\/page"}],"author":[{"embeddable":true,"href":"https:\/\/gldlaw.com\/es\/wp-json\/wp\/v2\/users\/5"}],"replies":[{"embeddable":true,"href":"https:\/\/gldlaw.com\/es\/wp-json\/wp\/v2\/comments?post=9579"}],"version-history":[{"count":5,"href":"https:\/\/gldlaw.com\/es\/wp-json\/wp\/v2\/pages\/9579\/revisions"}],"predecessor-version":[{"id":10847,"href":"https:\/\/gldlaw.com\/es\/wp-json\/wp\/v2\/pages\/9579\/revisions\/10847"}],"up":[{"embeddable":true,"href":"https:\/\/gldlaw.com\/es\/wp-json\/wp\/v2\/pages\/5460"}],"wp:attachment":[{"href":"https:\/\/gldlaw.com\/es\/wp-json\/wp\/v2\/media?parent=9579"}],"curies":[{"name":"wp","href":"https:\/\/api.w.org\/{rel}","templated":true}]}}