{"id":9629,"date":"2022-09-26T13:52:33","date_gmt":"2022-09-26T18:52:33","guid":{"rendered":"https:\/\/gldlaw.com\/inmigracion\/tn-visa-to-a-marriage-green-card\/"},"modified":"2025-04-14T11:08:49","modified_gmt":"2025-04-14T16:08:49","slug":"visa-tn-a-una-tarjeta-verde-de-matrimonio","status":"publish","type":"page","link":"https:\/\/gldlaw.com\/es\/inmigracion\/visa-tn-a-una-tarjeta-verde-de-matrimonio\/","title":{"rendered":"C\u00f3mo Cambiar El Estado De Una Visa TN A Una Tarjeta Verde De Matrimonio"},"content":{"rendered":"\n\n\t<h1>C\u00f3mo Cambiar El Estado De Una Visa TN A Una Tarjeta Verde De Matrimonio en Texas<\/h1>\n\t<p>Si actualmente se encuentra en los Estados Unidos con una <a href=\"https:\/\/gldlaw.com\/es\/inmigracion\/visas\/\">visa<\/a> TN \u00a0y le gustar\u00eda cambiar de estado a una <a href=\"https:\/\/gldlaw.com\/es\/inmigracion\/tarjeta-verdes\/\">tarjeta verde de matrimonio<\/a>, puede hacerlo absolutamente. Esta gu\u00eda explica c\u00f3mo hacer la transici\u00f3n, incluidos todos los pasos y el papeleo requeridos.<\/p>\n<h2>Cambio de estatus de una visa TN a una tarjeta verde de matrimonio<\/h2>\n<p>Si desea cambiar de estatus de una visa TN a una tarjeta verde de matrimonio, fuera del requisito obvio de casarse con alguien en los Estados Unidos, debe saber:<\/p>\n\t\t\t\t<img loading=\"lazy\" decoding=\"async\" src=\"https:\/\/gldlaw.com\/wp-content\/uploads\/2022\/09\/How-to-Change-Status-From-a-TN-Visa-to-a-Marriage-Green-Card.png\" alt=\"How to Change Status From a TN Visa to a Marriage Green Card\" itemprop=\"image\" height=\"630\" width=\"1200\" title=\"How to Change Status From a TN Visa to a Marriage Green Card\" onerror=\"this.style.display='none'\"  \/>\n\t<ul>\n<li>Qu\u00e9 es una visa TN y c\u00f3mo obtener una<\/li>\n<li>Qu\u00e9 es una tarjeta verde de matrimonio y c\u00f3mo obtener una<\/li>\n<li>Qu\u00e9 papeleo necesita para <a href=\"https:\/\/gldlaw.com\/immigration\/family-immigration\/parents-green-card\/\"  data-wpil-monitor-id=\"68\">cambiar el estado de una visa TN a una tarjeta<\/a> verde de matrimonio<\/li>\n<li>Cu\u00e1nto tiempo se tarda en cambiar el estado de esta manera<\/li>\n<\/ul>\n<p>Aqu\u00ed hay una mirada m\u00e1s cercana a cada uno.<\/p>\n\t<h2><a href=\"https:\/\/gldlaw.com\/es\/contacto\/\">Haga Clic Hoy Para Su Consulta Gratis<\/a><\/h2>\n\t\t\t<a href=\"https:\/\/gldlaw.com\/es\/contacto\/\" target=\"_self\">\n\t\t\t\t\t\t\tOprima Aqu\u00ed\n\t\t\t\t\t<\/a>\n\t<h2>\u00bfQu\u00e9 es una visa TN y c\u00f3mo obtener una?<\/h2>\n<p><img loading=\"lazy\" decoding=\"async\" src=\"https:\/\/gldlaw.com\/wp-content\/uploads\/2022\/09\/Visa-TN-para-Visa-de-Matrimonio.png\" alt=\"Visa TN para Visa de Matrimonio\" width=\"500\" height=\"375\" \/>Las visas TN est\u00e1n disponibles para ciudadanos de Canad\u00e1 y M\u00e9xico bajo el Tratado de Libre Comercio de Am\u00e9rica del Norte (TLCAN). El estatus TN es muy similar al estatus H-1B, ya que permite a los ciudadanos canadienses y mexicanos trabajar en los Estados Unidos en ciertas ocupaciones espec\u00edficas.<\/p>\n<p>Para calificar para una visa TN, usted debe:<\/p>\n<ul>\n<li>Demostrar que usted es ciudadano de Canad\u00e1 o M\u00e9xico<\/li>\n<li>Poseer las credenciales acad\u00e9micas requeridas para su ocupaci\u00f3n espec\u00edfica<\/li>\n<li>Tenga una carta de su empleador detallando su oferta de trabajo y deberes en los Estados Unidos<\/li>\n<li>Demuestre que tiene la intenci\u00f3n de trabajar en los Estados Unidos de forma temporal<\/li>\n<\/ul>\n<p>En t\u00e9rminos generales, el proceso de solicitud de una visa TN es bastante sencillo. Deber\u00e1 presentar la documentaci\u00f3n requerida al consulado o embajada de los Estados Unidos en su pa\u00eds de origen y luego asistir a una entrevista. Si todo va bien, debe recibir su visa TN dentro de unas pocas semanas.<\/p>\n<h2>\u00bfQu\u00e9 es una tarjeta verde de matrimonio y c\u00f3mo obtenerla?<\/h2>\n<p>Una tarjeta verde de matrimonio le permite, como ciudadano extranjero, vivir y trabajar en los Estados Unidos de forma permanente. Para calificar para una tarjeta verde de matrimonio, debe estar casado con un ciudadano estadounidense o residente permanente.<\/p>\n<p>El proceso de solicitud de una tarjeta verde de matrimonio se puede dividir en dos fases:<\/p>\n<ul>\n<li><strong>La Petici\u00f3n I-130:<\/strong> En esta fase, su c\u00f3nyuge ciudadano estadounidense o residente permanente deber\u00e1 presentar una petici\u00f3n I-130 en su nombre ante el Servicio de Ciudadan\u00eda e Inmigraci\u00f3n de los Estados Unidos (USCIS). Una vez que se apruebe la petici\u00f3n, podr\u00e1 pasar a la siguiente fase.<\/li>\n<li><strong>El ajuste de estatus:<\/strong> En esta fase, presentar\u00e1 una solicitud de ajuste de estatus ante USCIS. Esta solicitud ser\u00e1 examinada y, suponiendo que todo est\u00e9 en orden, debe recibir su tarjeta verde dentro de unos meses.<\/li>\n<\/ul>\n<h2>\u00bfQu\u00e9 papeleo necesita para cambiar el estado de una visa TN a una tarjeta verde de matrimonio?<\/h2>\n<p>Hay algunas piezas clave de papeleo que necesitar\u00e1 para cambiar el estado de una visa TN a una tarjeta verde de matrimonio. Estos incluyen:<\/p>\n<ul>\n<li><strong>El Registro de Llegada \/ Salida I-94:<\/strong> Este formulario documenta su entrada a los Estados Unidos y establece su estado de visa TN. Deber\u00eda haber recibido este formulario cuando ingres\u00f3 al pa\u00eds.<\/li>\n<li><strong>La Petici\u00f3n I-129F para Prometido(a) Extranjero(s):<\/strong> Este formulario es presentado por su prometido ciudadano estadounidense o residente permanente y establece que usted tiene una relaci\u00f3n de buena fe con ellos.<\/li>\n<li><strong>La Petici\u00f3n I-130 para Pariente Extranjero:<\/strong> Este formulario es presentado por su c\u00f3nyuge ciudadano estadounidense o residente permanente en su nombre y establece la relaci\u00f3n entre usted y su c\u00f3nyuge.<\/li>\n<li><strong>La Solicitud de Ajuste de Estatus (I-485):<\/strong> Este es el formulario que utilizar\u00e1 para solicitar una tarjeta verde.<\/li>\n<li><strong>Evidencia de su relaci\u00f3n:<\/strong> USCIS requerir\u00e1 evidencia de que su relaci\u00f3n es genuina. Esto puede incluir cosas como fotos, correos electr\u00f3nicos, mensajes de texto y otra documentaci\u00f3n.<\/li>\n<li><strong>Prueba de su estado de visa TN:<\/strong> Deber\u00e1 proporcionar prueba de que actualmente se encuentra en los Estados Unidos con una visa TN. El registro de llegada \/ salida de la I-94 ser\u00e1 suficiente para esto.<\/li>\n<\/ul>\n<h2>\u00bfCu\u00e1nto tiempo se tarda en cambiar el estado de una visa TN a una tarjeta verde de matrimonio?<\/h2>\n<p>Todo el proceso, de principio a fin, puede tomar desde seis meses hasta un a\u00f1o. La mayor parte del tiempo se pasar\u00e1 esperando que sus solicitudes I-130 e I-485 sean procesadas por USCIS.<\/p>\n<h2>Una palabra sobre c\u00f3mo obtener una visa TN con la intenci\u00f3n de cambiar a una tarjeta verde de matrimonio<\/h2>\n<p>Es importante tener en cuenta que nunca debe obtener una visa TN con la intenci\u00f3n de casarse con un ciudadano estadounidense o residente permanente legal. Para eso no es la visa TN, y si USCIS descubre que solo obtuvo una visa TN con el objetivo final de casarse y obtener una tarjeta verde, enfrenta graves consecuencias. Incluso se le podr\u00eda ordenar que lo retiren de los Estados Unidos.<\/p>\n<h3>\u00bfCu\u00e1l es la regla de 90 d\u00edas para los titulares de visas TN?<\/h3>\n<p>La regla de los 90 d\u00edas se aplica a los titulares de visas TN. Esta regla establece que si un titular de visa TN se casa con un ciudadano estadounidense o residente permanente legal dentro de los primeros 90 d\u00edas de ingresar a los Estados Unidos, el gobierno asumir\u00e1 que usted tergivers\u00f3 su raz\u00f3n para ingresar a los Estados Unidos, y que ten\u00eda la intenci\u00f3n de usar su visa TN de manera indirecta para obtener una tarjeta verde.<\/p>\n<p>Si se casa m\u00e1s de 90 d\u00edas despu\u00e9s de su llegada a los Estados Unidos, el gobierno no presumir\u00e1 que usted tergivers\u00f3 deliberadamente su raz\u00f3n para venir, pero a\u00fan tendr\u00e1 que cumplir con todos los criterios para demostrar que su matrimonio es v\u00e1lido.<\/p>\n<h3>\u00bfHay algo m\u00e1s que necesites saber?<\/h3>\n<p>Hay algunas otras cosas que debe tener en cuenta si planea cambiar el estado de una visa TN a una tarjeta verde de matrimonio. Primero, es importante tener en cuenta que deber\u00e1 mantener su estado de visa TN hasta que se apruebe su tarjeta verde. Esto significa que no puede renunciar a su trabajo o violar los t\u00e9rminos de su visa TN.<\/p>\n<p>En segundo lugar, vale la pena mencionar que, en algunos casos, puede ser m\u00e1s f\u00e1cil simplemente solicitar una tarjeta verde desde cero, en lugar de cambiar el estado de una visa TN. Esto se debe a que la categor\u00eda de visa TN tiene algunos requisitos bastante estrictos, y no todos necesariamente calificar\u00e1n.<\/p>\n<p>Finalmente, es importante consultar con un abogado de inmigraci\u00f3n con experiencia antes de comenzar el proceso de cambio de estatus de una visa TN a una tarjeta verde de matrimonio. Un abogado puede ayudarlo a navegar el proceso y asegurarse de que todo se haga correctamente.<\/p>\n<h2>\u00bfDeber\u00eda trabajar con un abogado para cambiar de una visa TN a una tarjeta verde de matrimonio?<\/h2>\n<p><img loading=\"lazy\" decoding=\"async\" src=\"https:\/\/gldlaw.com\/wp-content\/uploads\/2022\/09\/Visa-Attorneys-Dallas-Houston-Immigration-Law-Firm-1024x538.png\" alt=\"Visa Attorneys - Dallas &amp; Houston Immigration Law Firm\" width=\"501\" height=\"263\" \/>Para muchas personas, la mejor opci\u00f3n es trabajar con un abogado al hacer el cambio de una visa TN a una tarjeta verde de matrimonio. Trabajar con un abogado de inmigraci\u00f3n puede ayudar a garantizar que no tropiece con la regla de los 90 d\u00edas o cometa errores graves (o incluso menores) en su petici\u00f3n para cambiar su estado. Incluso errores menores pueden retrasar el proceso o, lo que es peor, resultar en una denegaci\u00f3n de su petici\u00f3n.<\/p>\n<p>La buena noticia es que estamos aqu\u00ed para ayudar. Llame a nuestra oficina hoy para programar una consulta con un abogado de inmigraci\u00f3n con experiencia que entienda el ajuste de estatus cuando se trata de cambiar de una visa TN a una tarjeta verde de matrimonio. Estaremos encantados de responder a sus preguntas y guiarle a trav\u00e9s del proceso.<\/p>\n\t<h2><a href=\"https:\/\/gldlaw.com\/es\/contacto\/\">Haga Clic Hoy Para Su Consulta Gratis<\/a><\/h2>\n\t\t\t<a href=\"https:\/\/gldlaw.com\/es\/contacto\/\" target=\"_self\">\n\t\t\t\t\t\t\tOprima Aqu\u00ed\n\t\t\t\t\t<\/a>\n\n","protected":false},"excerpt":{"rendered":"<p>C\u00f3mo Cambiar El Estado De Una Visa TN A Una Tarjeta Verde De Matrimonio en Texas Si actualmente se encuentra en los Estados Unidos con una visa TN \u00a0y le gustar\u00eda cambiar de estado a una tarjeta verde de matrimonio, puede hacerlo absolutamente. Esta gu\u00eda explica c\u00f3mo hacer la transici\u00f3n, incluidos todos los pasos y&hellip;<\/p>\n","protected":false},"author":5,"featured_media":0,"parent":3409,"menu_order":0,"comment_status":"closed","ping_status":"closed","template":"","meta":{"_monsterinsights_skip_tracking":false,"_monsterinsights_sitenote_active":false,"_monsterinsights_sitenote_note":"","_monsterinsights_sitenote_category":0,"footnotes":""},"class_list":["post-9629","page","type-page","status-publish","hentry"],"yoast_head":"<!-- This site is optimized with the Yoast SEO plugin v27.5 - https:\/\/yoast.com\/product\/yoast-seo-wordpress\/ -->\n<title>Cambiando Estatus de visa TN a Tarjeta Verde de Matrimonio<\/title>\n<meta name=\"description\" content=\"\u00bfEs posible cambiar el estado de una visa TN a una tarjeta verde por matrimonio? Absolutamente, y esta gu\u00eda explica c\u00f3mo hacerlo.\" \/>\n<meta name=\"robots\" content=\"index, follow, max-snippet:-1, max-image-preview:large, max-video-preview:-1\" \/>\n<link rel=\"canonical\" href=\"https:\/\/gldlaw.com\/es\/inmigracion\/visa-tn-a-una-tarjeta-verde-de-matrimonio\/\" \/>\n<meta property=\"og:locale\" content=\"es_MX\" \/>\n<meta property=\"og:type\" content=\"article\" \/>\n<meta property=\"og:title\" content=\"Cambiando Estatus de visa TN a Tarjeta Verde de Matrimonio\" \/>\n<meta property=\"og:description\" content=\"\u00bfEs posible cambiar el estado de una visa TN a una tarjeta verde por matrimonio? Absolutamente, y esta gu\u00eda explica c\u00f3mo hacerlo.\" \/>\n<meta property=\"og:url\" content=\"https:\/\/gldlaw.com\/es\/inmigracion\/visa-tn-a-una-tarjeta-verde-de-matrimonio\/\" \/>\n<meta property=\"og:site_name\" content=\"Davis &amp; Associates\" \/>\n<meta property=\"article:publisher\" content=\"https:\/\/www.facebook.com\/GLDavisandAssociates\/\" \/>\n<meta property=\"article:modified_time\" content=\"2025-04-14T16:08:49+00:00\" \/>\n<meta property=\"og:image\" content=\"https:\/\/gldlaw.com\/wp-content\/uploads\/2022\/09\/How-to-Change-Status-From-a-TN-Visa-to-a-Marriage-Green-Card.png\" \/>\n<meta name=\"twitter:card\" content=\"summary_large_image\" \/>\n<meta name=\"twitter:site\" content=\"@GLD_Law\" \/>\n<meta name=\"twitter:label1\" content=\"Tiempo de lectura\" \/>\n\t<meta name=\"twitter:data1\" content=\"7 minutos\" \/>\n<script type=\"application\/ld+json\" class=\"yoast-schema-graph\">{\"@context\":\"https:\\\/\\\/schema.org\",\"@graph\":[{\"@type\":\"WebPage\",\"@id\":\"https:\\\/\\\/gldlaw.com\\\/es\\\/inmigracion\\\/visa-tn-a-una-tarjeta-verde-de-matrimonio\\\/\",\"url\":\"https:\\\/\\\/gldlaw.com\\\/es\\\/inmigracion\\\/visa-tn-a-una-tarjeta-verde-de-matrimonio\\\/\",\"name\":\"Cambiando Estatus de visa TN a Tarjeta Verde de Matrimonio\",\"isPartOf\":{\"@id\":\"https:\\\/\\\/gldlaw.com\\\/es\\\/#website\"},\"primaryImageOfPage\":{\"@id\":\"https:\\\/\\\/gldlaw.com\\\/es\\\/inmigracion\\\/visa-tn-a-una-tarjeta-verde-de-matrimonio\\\/#primaryimage\"},\"image\":{\"@id\":\"https:\\\/\\\/gldlaw.com\\\/es\\\/inmigracion\\\/visa-tn-a-una-tarjeta-verde-de-matrimonio\\\/#primaryimage\"},\"thumbnailUrl\":\"https:\\\/\\\/gldlaw.com\\\/wp-content\\\/uploads\\\/2022\\\/09\\\/How-to-Change-Status-From-a-TN-Visa-to-a-Marriage-Green-Card.png\",\"datePublished\":\"2022-09-26T18:52:33+00:00\",\"dateModified\":\"2025-04-14T16:08:49+00:00\",\"description\":\"\u00bfEs posible cambiar el estado de una visa TN a una tarjeta verde por matrimonio? Absolutamente, y esta gu\u00eda explica c\u00f3mo hacerlo.\",\"breadcrumb\":{\"@id\":\"https:\\\/\\\/gldlaw.com\\\/es\\\/inmigracion\\\/visa-tn-a-una-tarjeta-verde-de-matrimonio\\\/#breadcrumb\"},\"inLanguage\":\"es\",\"potentialAction\":[{\"@type\":\"ReadAction\",\"target\":[\"https:\\\/\\\/gldlaw.com\\\/es\\\/inmigracion\\\/visa-tn-a-una-tarjeta-verde-de-matrimonio\\\/\"]}]},{\"@type\":\"ImageObject\",\"inLanguage\":\"es\",\"@id\":\"https:\\\/\\\/gldlaw.com\\\/es\\\/inmigracion\\\/visa-tn-a-una-tarjeta-verde-de-matrimonio\\\/#primaryimage\",\"url\":\"https:\\\/\\\/gldlaw.com\\\/wp-content\\\/uploads\\\/2022\\\/09\\\/How-to-Change-Status-From-a-TN-Visa-to-a-Marriage-Green-Card.png\",\"contentUrl\":\"https:\\\/\\\/gldlaw.com\\\/wp-content\\\/uploads\\\/2022\\\/09\\\/How-to-Change-Status-From-a-TN-Visa-to-a-Marriage-Green-Card.png\"},{\"@type\":\"BreadcrumbList\",\"@id\":\"https:\\\/\\\/gldlaw.com\\\/es\\\/inmigracion\\\/visa-tn-a-una-tarjeta-verde-de-matrimonio\\\/#breadcrumb\",\"itemListElement\":[{\"@type\":\"ListItem\",\"position\":1,\"name\":\"Home\",\"item\":\"https:\\\/\\\/gldlaw.com\\\/es\\\/\"},{\"@type\":\"ListItem\",\"position\":2,\"name\":\"Areas de Pr\u00e1ctica\",\"item\":\"https:\\\/\\\/gldlaw.com\\\/es\\\/inmigracion\\\/\"},{\"@type\":\"ListItem\",\"position\":3,\"name\":\"C\u00f3mo Cambiar El Estado De Una Visa TN A Una Tarjeta Verde De Matrimonio\"}]},{\"@type\":\"WebSite\",\"@id\":\"https:\\\/\\\/gldlaw.com\\\/es\\\/#website\",\"url\":\"https:\\\/\\\/gldlaw.com\\\/es\\\/\",\"name\":\"Davis &amp; Associates\",\"description\":\"Dallas \\\/ Fort Worth Immigration Attorney\",\"potentialAction\":[{\"@type\":\"SearchAction\",\"target\":{\"@type\":\"EntryPoint\",\"urlTemplate\":\"https:\\\/\\\/gldlaw.com\\\/es\\\/?s={search_term_string}\"},\"query-input\":{\"@type\":\"PropertyValueSpecification\",\"valueRequired\":true,\"valueName\":\"search_term_string\"}}],\"inLanguage\":\"es\"}]}<\/script>\n<!-- \/ Yoast SEO plugin. -->","yoast_head_json":{"title":"Cambiando Estatus de visa TN a Tarjeta Verde de Matrimonio","description":"\u00bfEs posible cambiar el estado de una visa TN a una tarjeta verde por matrimonio? Absolutamente, y esta gu\u00eda explica c\u00f3mo hacerlo.","robots":{"index":"index","follow":"follow","max-snippet":"max-snippet:-1","max-image-preview":"max-image-preview:large","max-video-preview":"max-video-preview:-1"},"canonical":"https:\/\/gldlaw.com\/es\/inmigracion\/visa-tn-a-una-tarjeta-verde-de-matrimonio\/","og_locale":"es_MX","og_type":"article","og_title":"Cambiando Estatus de visa TN a Tarjeta Verde de Matrimonio","og_description":"\u00bfEs posible cambiar el estado de una visa TN a una tarjeta verde por matrimonio? Absolutamente, y esta gu\u00eda explica c\u00f3mo hacerlo.","og_url":"https:\/\/gldlaw.com\/es\/inmigracion\/visa-tn-a-una-tarjeta-verde-de-matrimonio\/","og_site_name":"Davis &amp; Associates","article_publisher":"https:\/\/www.facebook.com\/GLDavisandAssociates\/","article_modified_time":"2025-04-14T16:08:49+00:00","og_image":[{"url":"https:\/\/gldlaw.com\/wp-content\/uploads\/2022\/09\/How-to-Change-Status-From-a-TN-Visa-to-a-Marriage-Green-Card.png","type":"","width":"","height":""}],"twitter_card":"summary_large_image","twitter_site":"@GLD_Law","twitter_misc":{"Tiempo de lectura":"7 minutos"},"schema":{"@context":"https:\/\/schema.org","@graph":[{"@type":"WebPage","@id":"https:\/\/gldlaw.com\/es\/inmigracion\/visa-tn-a-una-tarjeta-verde-de-matrimonio\/","url":"https:\/\/gldlaw.com\/es\/inmigracion\/visa-tn-a-una-tarjeta-verde-de-matrimonio\/","name":"Cambiando Estatus de visa TN a Tarjeta Verde de Matrimonio","isPartOf":{"@id":"https:\/\/gldlaw.com\/es\/#website"},"primaryImageOfPage":{"@id":"https:\/\/gldlaw.com\/es\/inmigracion\/visa-tn-a-una-tarjeta-verde-de-matrimonio\/#primaryimage"},"image":{"@id":"https:\/\/gldlaw.com\/es\/inmigracion\/visa-tn-a-una-tarjeta-verde-de-matrimonio\/#primaryimage"},"thumbnailUrl":"https:\/\/gldlaw.com\/wp-content\/uploads\/2022\/09\/How-to-Change-Status-From-a-TN-Visa-to-a-Marriage-Green-Card.png","datePublished":"2022-09-26T18:52:33+00:00","dateModified":"2025-04-14T16:08:49+00:00","description":"\u00bfEs posible cambiar el estado de una visa TN a una tarjeta verde por matrimonio? Absolutamente, y esta gu\u00eda explica c\u00f3mo hacerlo.","breadcrumb":{"@id":"https:\/\/gldlaw.com\/es\/inmigracion\/visa-tn-a-una-tarjeta-verde-de-matrimonio\/#breadcrumb"},"inLanguage":"es","potentialAction":[{"@type":"ReadAction","target":["https:\/\/gldlaw.com\/es\/inmigracion\/visa-tn-a-una-tarjeta-verde-de-matrimonio\/"]}]},{"@type":"ImageObject","inLanguage":"es","@id":"https:\/\/gldlaw.com\/es\/inmigracion\/visa-tn-a-una-tarjeta-verde-de-matrimonio\/#primaryimage","url":"https:\/\/gldlaw.com\/wp-content\/uploads\/2022\/09\/How-to-Change-Status-From-a-TN-Visa-to-a-Marriage-Green-Card.png","contentUrl":"https:\/\/gldlaw.com\/wp-content\/uploads\/2022\/09\/How-to-Change-Status-From-a-TN-Visa-to-a-Marriage-Green-Card.png"},{"@type":"BreadcrumbList","@id":"https:\/\/gldlaw.com\/es\/inmigracion\/visa-tn-a-una-tarjeta-verde-de-matrimonio\/#breadcrumb","itemListElement":[{"@type":"ListItem","position":1,"name":"Home","item":"https:\/\/gldlaw.com\/es\/"},{"@type":"ListItem","position":2,"name":"Areas de Pr\u00e1ctica","item":"https:\/\/gldlaw.com\/es\/inmigracion\/"},{"@type":"ListItem","position":3,"name":"C\u00f3mo Cambiar El Estado De Una Visa TN A Una Tarjeta Verde De Matrimonio"}]},{"@type":"WebSite","@id":"https:\/\/gldlaw.com\/es\/#website","url":"https:\/\/gldlaw.com\/es\/","name":"Davis &amp; Associates","description":"Dallas \/ Fort Worth Immigration Attorney","potentialAction":[{"@type":"SearchAction","target":{"@type":"EntryPoint","urlTemplate":"https:\/\/gldlaw.com\/es\/?s={search_term_string}"},"query-input":{"@type":"PropertyValueSpecification","valueRequired":true,"valueName":"search_term_string"}}],"inLanguage":"es"}]}},"_links":{"self":[{"href":"https:\/\/gldlaw.com\/es\/wp-json\/wp\/v2\/pages\/9629","targetHints":{"allow":["GET"]}}],"collection":[{"href":"https:\/\/gldlaw.com\/es\/wp-json\/wp\/v2\/pages"}],"about":[{"href":"https:\/\/gldlaw.com\/es\/wp-json\/wp\/v2\/types\/page"}],"author":[{"embeddable":true,"href":"https:\/\/gldlaw.com\/es\/wp-json\/wp\/v2\/users\/5"}],"replies":[{"embeddable":true,"href":"https:\/\/gldlaw.com\/es\/wp-json\/wp\/v2\/comments?post=9629"}],"version-history":[{"count":5,"href":"https:\/\/gldlaw.com\/es\/wp-json\/wp\/v2\/pages\/9629\/revisions"}],"predecessor-version":[{"id":12103,"href":"https:\/\/gldlaw.com\/es\/wp-json\/wp\/v2\/pages\/9629\/revisions\/12103"}],"up":[{"embeddable":true,"href":"https:\/\/gldlaw.com\/es\/wp-json\/wp\/v2\/pages\/3409"}],"wp:attachment":[{"href":"https:\/\/gldlaw.com\/es\/wp-json\/wp\/v2\/media?parent=9629"}],"curies":[{"name":"wp","href":"https:\/\/api.w.org\/{rel}","templated":true}]}}