{"id":9638,"date":"2022-09-16T16:34:43","date_gmt":"2022-09-16T21:34:43","guid":{"rendered":"https:\/\/gldlaw.com\/inmigracion\/removal-of-conditions\/"},"modified":"2025-04-14T11:22:22","modified_gmt":"2025-04-14T16:22:22","slug":"eliminacion-de-condiciones","status":"publish","type":"page","link":"https:\/\/gldlaw.com\/es\/inmigracion\/eliminacion-de-condiciones\/","title":{"rendered":"Eliminaci\u00f3n De Condiciones: Todo Lo Que Necesita Saber"},"content":{"rendered":"\n\n\t<h1>Eliminaci\u00f3n De Condiciones: Todo Lo Que Necesita Saber en Texas<\/h1>\n\t<p>Si tiene una <a href=\"https:\/\/gldlaw.com\/es\/inmigracion\/tarjeta-verdes\/\">tarjeta verde condicional<\/a>, significa que su estado de residente permanente a\u00fan no es completamente seguro. Para mantener su estatus de residente permanente legal (LPR), eventualmente deber\u00e1 tomar medidas y eliminar las condiciones de su residencia. Esta gu\u00eda explica todo lo que necesita saber sobre el proceso de eliminaci\u00f3n de condiciones, incluidos los pasos a seguir y cu\u00e1ndo.<\/p>\n<h2>Todo lo que necesita saber sobre la eliminaci\u00f3n de condiciones<\/h2>\n\t\t\t\t<img loading=\"lazy\" decoding=\"async\" src=\"https:\/\/gldlaw.com\/wp-content\/uploads\/2022\/09\/Eliminacio\u0301n-De-Condiciones-Davis-Associates.png\" alt=\"Eliminacio\u0301n De Condiciones - Davis &amp; Associates\" itemprop=\"image\" height=\"630\" width=\"1200\" title=\"Eliminacio\u0301n De Condiciones - Davis &amp; Associates\" onerror=\"this.style.display='none'\"  \/>\n\t<p>Como inmigrante con una tarjeta verde condicional, es probable que tenga muchas preguntas sobre el proceso de eliminaci\u00f3n de condiciones. Esta gu\u00eda proporciona respuestas a algunas de las preguntas m\u00e1s frecuentes, que incluyen:<\/p>\n<ul>\n<li>\u00bfCu\u00e1les son las condiciones de mi tarjeta verde y por qu\u00e9 necesito eliminarlas?<\/li>\n<li>\u00bfQu\u00e9 se necesita para eliminar las condiciones de una tarjeta verde?<\/li>\n<li>\u00bfCu\u00e1ndo debo prepararme para eliminar las condiciones de mi tarjeta verde?<\/li>\n<li>\u00bfCu\u00e1nto cuesta la eliminaci\u00f3n de condiciones?<\/li>\n<li>\u00bfPuedo eliminar las condiciones solo, o debo contratar a un abogado?<\/li>\n<li>\u00bfQu\u00e9 sucede si no elimino las condiciones de mi tarjeta verde?<\/li>\n<\/ul>\n<p>Las siguientes secciones le dan las respuestas que necesita.<\/p>\n\t<h2><a href=\"https:\/\/gldlaw.com\/es\/contacto\/\">Haga Clic Hoy Para Su Consulta Gratis<\/a><\/h2>\n\t\t\t<a href=\"https:\/\/gldlaw.com\/es\/contacto\/\" target=\"_self\">\n\t\t\t\t\t\t\tOprima Aqu\u00ed\n\t\t\t\t\t<\/a>\n\t<h2>\u00bfCu\u00e1les son las condiciones de mi tarjeta verde y por qu\u00e9 necesito eliminarlas?<\/h2>\n<p><img loading=\"lazy\" decoding=\"async\" src=\"https:\/\/gldlaw.com\/wp-content\/uploads\/2022\/09\/Eliminacio\u0301n-De-Condiciones.png\" alt=\"Eliminacio\u0301n De Condiciones\" width=\"500\" height=\"375\" \/>Si obtuvo su tarjeta verde a trav\u00e9s del matrimonio con un ciudadano estadounidense o residente permanente, o a trav\u00e9s de la inversi\u00f3n en un negocio de los Estados Unidos, entonces su estado de residencia es condicional. Esto significa que expirar\u00e1 despu\u00e9s de dos a\u00f1os a menos que tome medidas para eliminar las condiciones y obtener una tarjeta verde de 10 a\u00f1os.<\/p>\n<p>Las condiciones de su tarjeta verde se pueden eliminar presentando una petici\u00f3n ante el Servicio de Ciudadan\u00eda e Inmigraci\u00f3n de los Estados Unidos (USCIS). Deber\u00e1 presentar esta petici\u00f3n durante los 90 d\u00edas antes de que caduque su tarjeta verde. Si no presenta la solicitud a tiempo o si su petici\u00f3n es denegada, perder\u00e1 su estatus de residente permanente y puede ser deportado de los Estados Unidos.<\/p>\n<p>Deber\u00e1 cumplir con algunos requisitos para eliminar las condiciones de su tarjeta verde. Por ejemplo, deber\u00e1 demostrar que todav\u00eda est\u00e1 casado (o ha permanecido casado con) su c\u00f3nyuge ciudadano estadounidense o residente permanente, o que ha seguido invirtiendo dinero en un negocio estadounidense. Tambi\u00e9n deber\u00e1 demostrar que contin\u00faa viviendo en los Estados Unidos.<\/p>\n<p><strong><em>Relacionado: <\/em><\/strong><a href=\"https:\/\/gldlaw.com\/es\/puedo-trabajar-en-los-estados-unidos-mientras-espero-mi-tarjeta-verde\/\"><strong><em>\u00bfPuedo trabajar en los Estados Unidos mientras espero mi tarjeta verde?<\/em><\/strong><\/a><\/p>\n<h2>\u00bfCu\u00e1les son los pasos involucrados en la eliminaci\u00f3n de condiciones?<\/h2>\n<p>El proceso de eliminaci\u00f3n de condiciones implica presentar una petici\u00f3n ante USCIS. Muchas personas optan por trabajar con un abogado para completar y presentar esta petici\u00f3n, lo que puede llevar mucho tiempo y ser confuso. Un simple error podr\u00eda hacer que su petici\u00f3n sea rechazada, por lo que trabajar con un abogado ayuda a garantizar que se complete de manera completa y correcta. La petici\u00f3n se llama I-751, y debe presentarse durante los 90 d\u00edas antes de que expire su tarjeta verde.<\/p>\n<p>Para completar el I-751, deber\u00e1 reunir documentos que demuestren que cumple con los requisitos para la eliminaci\u00f3n de condiciones. Por ejemplo, si est\u00e1 casado, deber\u00e1 proporcionar evidencia de su relaci\u00f3n, como estados de cuenta bancarios conjuntos o declaraciones de impuestos. Si tiene hijos, es posible que tambi\u00e9n deba incluir sus certificados de nacimiento. Despu\u00e9s de haber reunido todos los documentos requeridos, deber\u00e1 completar el I-751 y enviarlo a USCIS.<\/p>\n<p><strong><em>Relacionado: <\/em><\/strong><a href=\"https:\/\/gldlaw.com\/es\/por-que-se-negaria-mi-solicitud-de-tarjeta-verde\/\"><strong><em>Por qu\u00e9 algunas solicitudes de tarjeta verde son denegadas<\/em><\/strong><\/a><\/p>\n<p>Despu\u00e9s de que USCIS reciba su petici\u00f3n, le enviar\u00e1n un aviso de recibo confirmando que la han recibido. Tambi\u00e9n pueden pedirle que asista a una entrevista, durante la cual le har\u00e1n preguntas sobre su relaci\u00f3n o negocio. Despu\u00e9s de la entrevista, USCIS tomar\u00e1 una decisi\u00f3n sobre su petici\u00f3n. Si se aprueba, recibir\u00e1 una tarjeta verde de 10 a\u00f1os por correo.<\/p>\n<p>Si su petici\u00f3n es denegada, recibir\u00e1 un aviso explicando por qu\u00e9. Es posible que pueda apelar la decisi\u00f3n o presentar una moci\u00f3n para reabrir su caso, pero deber\u00e1 actuar r\u00e1pidamente. Si no toma medidas, podr\u00eda ser deportado de los Estados Unidos. (Consulte la secci\u00f3n posterior, &#8220;Una palabra sobre la deportaci\u00f3n&#8221;, para obtener m\u00e1s informaci\u00f3n sobre los procedimientos de deportaci\u00f3n relacionados con la falta de condiciones de eliminaci\u00f3n).<\/p>\n<h2>\u00bfCu\u00e1ndo debo comenzar a prepararme para eliminar las condiciones de mi tarjeta verde?<\/h2>\n<p>Tan pronto como reciba su tarjeta verde condicional, debe comenzar a prepararse para eliminar las condiciones. Comience a reunir documentos que deber\u00e1 presentar con su petici\u00f3n, como evidencia de su relaci\u00f3n o negocio. Tambi\u00e9n debe comenzar a recopilar cualquier otra documentaci\u00f3n requerida, como los certificados de nacimiento de sus hijos.<\/p>\n<p>Deber\u00e1 presentar su petici\u00f3n I-751 durante los 90 d\u00edas antes de que caduque su tarjeta verde, por lo que es importante comenzar el proceso temprano. Si espera hasta el \u00faltimo minuto, es posible que no tenga tiempo suficiente para reunir todos los documentos requeridos o para corregir cualquier error en su petici\u00f3n.<\/p>\n<h2>\u00bfCu\u00e1nto cuesta eliminar las condiciones de mi estado de residencia?<\/h2>\n<p>La tarifa de presentaci\u00f3n para una petici\u00f3n I-751 est\u00e1 sujeta a cambios, por lo que es mejor hablar con un abogado o visitar el sitio web de USCIS para determinar el costo actual.<\/p>\n<p><strong><em>Relacionado: <a href=\"https:\/\/gldlaw.com\/es\/honorarios-comunes-de-abogados-de-inmigracion-explicados\/\">Se <\/a><\/em><\/strong><a href=\"https:\/\/gldlaw.com\/es\/honorarios-comunes-de-abogados-de-inmigracion-explicados\/\"><strong><em>explican los honorarios comunes de los abogados de inmigraci\u00f3n<\/em><\/strong><\/a><\/p>\n<h2>\u00bfPuedo eliminar las condiciones por mi cuenta o necesito ayuda de un abogado u otro profesional?<\/h2>\n<p>Puede eliminar las condiciones por su cuenta, pero es complicado y requiere mucho tiempo. Muchas personas optan por trabajar con un abogado para asegurarse de que su petici\u00f3n se complete correctamente y para evitar cualquier error que pueda causar que su petici\u00f3n sea denegada.<\/p>\n<h2>\u00bfQu\u00e9 sucede si no elimino las condiciones de mi estado de residencia?<\/h2>\n<p>Si no elimina las condiciones de su estado de residencia, perder\u00e1 su estatus de residente permanente y puede ser <a href=\"https:\/\/gldlaw.com\/es\/inmigracion\/deportacion\/\">deportado de los Estados Unidos<\/a>. Por lo tanto, es importante comenzar el proceso temprano y trabajar con un abogado para asegurarse de que todo se haga correctamente.<\/p>\n<h3>Una palabra sobre la deportaci\u00f3n por no eliminar las condiciones de una tarjeta verde<\/h3>\n<p>Si te deportan (te expulsan) de los Estados Unidos, no puedes regresar por un per\u00edodo de tiempo espec\u00edfico. Incluso si tiene una familia, un trabajo y toda una vida aqu\u00ed, se le pedir\u00e1 que abandone el pa\u00eds y se le prohibir\u00e1 regresar. A algunas personas que son deportadas nunca se les permite regresar a los Estados Unidos, por lo que es importante que tenga mucho cuidado con su petici\u00f3n de eliminaci\u00f3n de condiciones, y que la presente a tiempo.<\/p>\n<p><strong><em>Relacionado: <\/em><\/strong><a href=\"https:\/\/gldlaw.com\/es\/el-gobierno-exigira-la-vacuna-covid-para-la-residencia-permanente\/\"><strong><em>El requisito de la vacuna COVID para la residencia permanente<\/em><\/strong><\/a><\/p>\n<h2>\u00bfNecesita un abogado para la eliminaci\u00f3n de condiciones en su tarjeta verde?<\/h2>\n<p>Si planea eliminar las condiciones de su tarjeta verde, es posible que desee considerar trabajar con un abogado. Un abogado puede ayudarlo a reunir los documentos requeridos, completar su petici\u00f3n correctamente y evitar cualquier error que pueda causar que su petici\u00f3n sea rechazada.<\/p>\n<p>Podemos ayudarlo a eliminar las condiciones de su tarjeta verde. Simplemente llame a nuestra oficina hoy para programar su consulta con un abogado de inmigraci\u00f3n con experiencia que se preocupe por usted y su caso. Estaremos encantados de responder a sus preguntas y asegurarnos de que le ayudamos en cada paso del camino.<\/p>\n\t<h2><a href=\"https:\/\/gldlaw.com\/es\/contacto\/\">Haga Clic Hoy Para Su Consulta Gratis<\/a><\/h2>\n\t\t\t<a href=\"https:\/\/gldlaw.com\/es\/contacto\/\" target=\"_self\">\n\t\t\t\t\t\t\tOprima Aqu\u00ed\n\t\t\t\t\t<\/a>\n\n","protected":false},"excerpt":{"rendered":"<p>Eliminaci\u00f3n De Condiciones: Todo Lo Que Necesita Saber en Texas Si tiene una tarjeta verde condicional, significa que su estado de residente permanente a\u00fan no es completamente seguro. Para mantener su estatus de residente permanente legal (LPR), eventualmente deber\u00e1 tomar medidas y eliminar las condiciones de su residencia. Esta gu\u00eda explica todo lo que necesita&hellip;<\/p>\n","protected":false},"author":5,"featured_media":9641,"parent":3409,"menu_order":0,"comment_status":"closed","ping_status":"closed","template":"","meta":{"_monsterinsights_skip_tracking":false,"_monsterinsights_sitenote_active":false,"_monsterinsights_sitenote_note":"","_monsterinsights_sitenote_category":0,"footnotes":""},"class_list":["post-9638","page","type-page","status-publish","has-post-thumbnail","hentry"],"yoast_head":"<!-- This site is optimized with the Yoast SEO plugin v27.5 - https:\/\/yoast.com\/product\/yoast-seo-wordpress\/ -->\n<title>Eliminaci\u00f3n De Condiciones | Consulta Gratis | Davis &amp; Associates<\/title>\n<meta name=\"description\" content=\"Si tiene una tarjeta de residencia condicional, eventualmente deber\u00e1 tomar medidas para obtener una permanente. Esta gu\u00eda explica la eliminaci\u00f3n de condiciones...\" \/>\n<meta name=\"robots\" content=\"index, follow, max-snippet:-1, max-image-preview:large, max-video-preview:-1\" \/>\n<link rel=\"canonical\" href=\"https:\/\/gldlaw.com\/es\/inmigracion\/eliminacion-de-condiciones\/\" \/>\n<meta property=\"og:locale\" content=\"es_MX\" \/>\n<meta property=\"og:type\" content=\"article\" \/>\n<meta property=\"og:title\" content=\"Eliminaci\u00f3n De Condiciones | Consulta Gratis | Davis &amp; Associates\" \/>\n<meta property=\"og:description\" content=\"Si tiene una tarjeta de residencia condicional, eventualmente deber\u00e1 tomar medidas para obtener una permanente. Esta gu\u00eda explica la eliminaci\u00f3n de condiciones...\" \/>\n<meta property=\"og:url\" content=\"https:\/\/gldlaw.com\/es\/inmigracion\/eliminacion-de-condiciones\/\" \/>\n<meta property=\"og:site_name\" content=\"Davis &amp; Associates\" \/>\n<meta property=\"article:publisher\" content=\"https:\/\/www.facebook.com\/GLDavisandAssociates\/\" \/>\n<meta property=\"article:modified_time\" content=\"2025-04-14T16:22:22+00:00\" \/>\n<meta property=\"og:image\" content=\"https:\/\/gldlaw.com\/wp-content\/uploads\/2022\/09\/Eliminacio\u0301n-De-Condiciones-Davis-Associates.png\" \/>\n\t<meta property=\"og:image:width\" content=\"1200\" \/>\n\t<meta property=\"og:image:height\" content=\"630\" \/>\n\t<meta property=\"og:image:type\" content=\"image\/png\" \/>\n<meta name=\"twitter:card\" content=\"summary_large_image\" \/>\n<meta name=\"twitter:site\" content=\"@GLD_Law\" \/>\n<meta name=\"twitter:label1\" content=\"Tiempo de lectura\" \/>\n\t<meta name=\"twitter:data1\" content=\"6 minutos\" \/>\n<script type=\"application\/ld+json\" class=\"yoast-schema-graph\">{\"@context\":\"https:\\\/\\\/schema.org\",\"@graph\":[{\"@type\":\"WebPage\",\"@id\":\"https:\\\/\\\/gldlaw.com\\\/es\\\/inmigracion\\\/eliminacion-de-condiciones\\\/\",\"url\":\"https:\\\/\\\/gldlaw.com\\\/es\\\/inmigracion\\\/eliminacion-de-condiciones\\\/\",\"name\":\"Eliminaci\u00f3n De Condiciones | Consulta Gratis | Davis & Associates\",\"isPartOf\":{\"@id\":\"https:\\\/\\\/gldlaw.com\\\/es\\\/#website\"},\"primaryImageOfPage\":{\"@id\":\"https:\\\/\\\/gldlaw.com\\\/es\\\/inmigracion\\\/eliminacion-de-condiciones\\\/#primaryimage\"},\"image\":{\"@id\":\"https:\\\/\\\/gldlaw.com\\\/es\\\/inmigracion\\\/eliminacion-de-condiciones\\\/#primaryimage\"},\"thumbnailUrl\":\"https:\\\/\\\/gldlaw.com\\\/wp-content\\\/uploads\\\/2022\\\/09\\\/Eliminacio\u0301n-De-Condiciones-Davis-Associates.png\",\"datePublished\":\"2022-09-16T21:34:43+00:00\",\"dateModified\":\"2025-04-14T16:22:22+00:00\",\"description\":\"Si tiene una tarjeta de residencia condicional, eventualmente deber\u00e1 tomar medidas para obtener una permanente. Esta gu\u00eda explica la eliminaci\u00f3n de condiciones...\",\"breadcrumb\":{\"@id\":\"https:\\\/\\\/gldlaw.com\\\/es\\\/inmigracion\\\/eliminacion-de-condiciones\\\/#breadcrumb\"},\"inLanguage\":\"es\",\"potentialAction\":[{\"@type\":\"ReadAction\",\"target\":[\"https:\\\/\\\/gldlaw.com\\\/es\\\/inmigracion\\\/eliminacion-de-condiciones\\\/\"]}]},{\"@type\":\"ImageObject\",\"inLanguage\":\"es\",\"@id\":\"https:\\\/\\\/gldlaw.com\\\/es\\\/inmigracion\\\/eliminacion-de-condiciones\\\/#primaryimage\",\"url\":\"https:\\\/\\\/gldlaw.com\\\/wp-content\\\/uploads\\\/2022\\\/09\\\/Eliminacio\u0301n-De-Condiciones-Davis-Associates.png\",\"contentUrl\":\"https:\\\/\\\/gldlaw.com\\\/wp-content\\\/uploads\\\/2022\\\/09\\\/Eliminacio\u0301n-De-Condiciones-Davis-Associates.png\",\"width\":1200,\"height\":630,\"caption\":\"Eliminacio\u0301n De Condiciones - Davis & Associates\"},{\"@type\":\"BreadcrumbList\",\"@id\":\"https:\\\/\\\/gldlaw.com\\\/es\\\/inmigracion\\\/eliminacion-de-condiciones\\\/#breadcrumb\",\"itemListElement\":[{\"@type\":\"ListItem\",\"position\":1,\"name\":\"Home\",\"item\":\"https:\\\/\\\/gldlaw.com\\\/es\\\/\"},{\"@type\":\"ListItem\",\"position\":2,\"name\":\"Areas de Pr\u00e1ctica\",\"item\":\"https:\\\/\\\/gldlaw.com\\\/es\\\/inmigracion\\\/\"},{\"@type\":\"ListItem\",\"position\":3,\"name\":\"Eliminaci\u00f3n De Condiciones: Todo Lo Que Necesita Saber\"}]},{\"@type\":\"WebSite\",\"@id\":\"https:\\\/\\\/gldlaw.com\\\/es\\\/#website\",\"url\":\"https:\\\/\\\/gldlaw.com\\\/es\\\/\",\"name\":\"Davis &amp; Associates\",\"description\":\"Dallas \\\/ Fort Worth Immigration Attorney\",\"potentialAction\":[{\"@type\":\"SearchAction\",\"target\":{\"@type\":\"EntryPoint\",\"urlTemplate\":\"https:\\\/\\\/gldlaw.com\\\/es\\\/?s={search_term_string}\"},\"query-input\":{\"@type\":\"PropertyValueSpecification\",\"valueRequired\":true,\"valueName\":\"search_term_string\"}}],\"inLanguage\":\"es\"}]}<\/script>\n<!-- \/ Yoast SEO plugin. -->","yoast_head_json":{"title":"Eliminaci\u00f3n De Condiciones | Consulta Gratis | Davis & Associates","description":"Si tiene una tarjeta de residencia condicional, eventualmente deber\u00e1 tomar medidas para obtener una permanente. Esta gu\u00eda explica la eliminaci\u00f3n de condiciones...","robots":{"index":"index","follow":"follow","max-snippet":"max-snippet:-1","max-image-preview":"max-image-preview:large","max-video-preview":"max-video-preview:-1"},"canonical":"https:\/\/gldlaw.com\/es\/inmigracion\/eliminacion-de-condiciones\/","og_locale":"es_MX","og_type":"article","og_title":"Eliminaci\u00f3n De Condiciones | Consulta Gratis | Davis & Associates","og_description":"Si tiene una tarjeta de residencia condicional, eventualmente deber\u00e1 tomar medidas para obtener una permanente. Esta gu\u00eda explica la eliminaci\u00f3n de condiciones...","og_url":"https:\/\/gldlaw.com\/es\/inmigracion\/eliminacion-de-condiciones\/","og_site_name":"Davis &amp; Associates","article_publisher":"https:\/\/www.facebook.com\/GLDavisandAssociates\/","article_modified_time":"2025-04-14T16:22:22+00:00","og_image":[{"width":1200,"height":630,"url":"https:\/\/gldlaw.com\/wp-content\/uploads\/2022\/09\/Eliminacio\u0301n-De-Condiciones-Davis-Associates.png","type":"image\/png"}],"twitter_card":"summary_large_image","twitter_site":"@GLD_Law","twitter_misc":{"Tiempo de lectura":"6 minutos"},"schema":{"@context":"https:\/\/schema.org","@graph":[{"@type":"WebPage","@id":"https:\/\/gldlaw.com\/es\/inmigracion\/eliminacion-de-condiciones\/","url":"https:\/\/gldlaw.com\/es\/inmigracion\/eliminacion-de-condiciones\/","name":"Eliminaci\u00f3n De Condiciones | Consulta Gratis | Davis & Associates","isPartOf":{"@id":"https:\/\/gldlaw.com\/es\/#website"},"primaryImageOfPage":{"@id":"https:\/\/gldlaw.com\/es\/inmigracion\/eliminacion-de-condiciones\/#primaryimage"},"image":{"@id":"https:\/\/gldlaw.com\/es\/inmigracion\/eliminacion-de-condiciones\/#primaryimage"},"thumbnailUrl":"https:\/\/gldlaw.com\/wp-content\/uploads\/2022\/09\/Eliminacio\u0301n-De-Condiciones-Davis-Associates.png","datePublished":"2022-09-16T21:34:43+00:00","dateModified":"2025-04-14T16:22:22+00:00","description":"Si tiene una tarjeta de residencia condicional, eventualmente deber\u00e1 tomar medidas para obtener una permanente. Esta gu\u00eda explica la eliminaci\u00f3n de condiciones...","breadcrumb":{"@id":"https:\/\/gldlaw.com\/es\/inmigracion\/eliminacion-de-condiciones\/#breadcrumb"},"inLanguage":"es","potentialAction":[{"@type":"ReadAction","target":["https:\/\/gldlaw.com\/es\/inmigracion\/eliminacion-de-condiciones\/"]}]},{"@type":"ImageObject","inLanguage":"es","@id":"https:\/\/gldlaw.com\/es\/inmigracion\/eliminacion-de-condiciones\/#primaryimage","url":"https:\/\/gldlaw.com\/wp-content\/uploads\/2022\/09\/Eliminacio\u0301n-De-Condiciones-Davis-Associates.png","contentUrl":"https:\/\/gldlaw.com\/wp-content\/uploads\/2022\/09\/Eliminacio\u0301n-De-Condiciones-Davis-Associates.png","width":1200,"height":630,"caption":"Eliminacio\u0301n De Condiciones - Davis & Associates"},{"@type":"BreadcrumbList","@id":"https:\/\/gldlaw.com\/es\/inmigracion\/eliminacion-de-condiciones\/#breadcrumb","itemListElement":[{"@type":"ListItem","position":1,"name":"Home","item":"https:\/\/gldlaw.com\/es\/"},{"@type":"ListItem","position":2,"name":"Areas de Pr\u00e1ctica","item":"https:\/\/gldlaw.com\/es\/inmigracion\/"},{"@type":"ListItem","position":3,"name":"Eliminaci\u00f3n De Condiciones: Todo Lo Que Necesita Saber"}]},{"@type":"WebSite","@id":"https:\/\/gldlaw.com\/es\/#website","url":"https:\/\/gldlaw.com\/es\/","name":"Davis &amp; Associates","description":"Dallas \/ Fort Worth Immigration Attorney","potentialAction":[{"@type":"SearchAction","target":{"@type":"EntryPoint","urlTemplate":"https:\/\/gldlaw.com\/es\/?s={search_term_string}"},"query-input":{"@type":"PropertyValueSpecification","valueRequired":true,"valueName":"search_term_string"}}],"inLanguage":"es"}]}},"_links":{"self":[{"href":"https:\/\/gldlaw.com\/es\/wp-json\/wp\/v2\/pages\/9638","targetHints":{"allow":["GET"]}}],"collection":[{"href":"https:\/\/gldlaw.com\/es\/wp-json\/wp\/v2\/pages"}],"about":[{"href":"https:\/\/gldlaw.com\/es\/wp-json\/wp\/v2\/types\/page"}],"author":[{"embeddable":true,"href":"https:\/\/gldlaw.com\/es\/wp-json\/wp\/v2\/users\/5"}],"replies":[{"embeddable":true,"href":"https:\/\/gldlaw.com\/es\/wp-json\/wp\/v2\/comments?post=9638"}],"version-history":[{"count":5,"href":"https:\/\/gldlaw.com\/es\/wp-json\/wp\/v2\/pages\/9638\/revisions"}],"predecessor-version":[{"id":12140,"href":"https:\/\/gldlaw.com\/es\/wp-json\/wp\/v2\/pages\/9638\/revisions\/12140"}],"up":[{"embeddable":true,"href":"https:\/\/gldlaw.com\/es\/wp-json\/wp\/v2\/pages\/3409"}],"wp:featuredmedia":[{"embeddable":true,"href":"https:\/\/gldlaw.com\/es\/wp-json\/wp\/v2\/media\/9641"}],"wp:attachment":[{"href":"https:\/\/gldlaw.com\/es\/wp-json\/wp\/v2\/media?parent=9638"}],"curies":[{"name":"wp","href":"https:\/\/api.w.org\/{rel}","templated":true}]}}