{"id":9659,"date":"2022-09-27T10:34:50","date_gmt":"2022-09-27T15:34:50","guid":{"rendered":"https:\/\/gldlaw.com\/inmigracion\/address-change\/"},"modified":"2024-07-17T13:10:32","modified_gmt":"2024-07-17T18:10:32","slug":"cambio-de-direccion","status":"publish","type":"page","link":"https:\/\/gldlaw.com\/es\/inmigracion\/cambio-de-direccion\/","title":{"rendered":"C\u00f3mo Reportar Un Cambio De Direcci\u00f3n A USCIS"},"content":{"rendered":"\r\n<h1>C\u00f3mo Reportar Un Cambio De Direcci\u00f3n A USCIS<\/h1>\r\n<h2>C\u00f3mo puede reportar su cambio de direcci\u00f3n a USCIS<\/h2>\r\n<p>Si te has mudado recientemente (o est\u00e1s a punto de hacerlo), debes informar tu nueva direcci\u00f3n al USCIS.<\/p>\r\n<p>Esta gu\u00eda explica c\u00f3mo y por qu\u00e9, as\u00ed como lo que podr\u00eda suceder si no actualiza su informaci\u00f3n.<\/p>\r\n<p>Es absolutamente esencial reportar su cambio de direcci\u00f3n a USCIS.<\/p>\r\n<p><img loading=\"lazy\" decoding=\"async\" title=\"Co\u0301mo Reportar Un Cambio De Direccio\u0301n A USCIS - Davis &amp; Associates\" src=\"https:\/\/gldlaw.com\/wp-content\/uploads\/2023\/12\/Como-Reportar-Un-Cambio-De-Direccion-A-USCIS-Davis-Associates-.jpeg\" alt=\"Co\u0301mo Reportar Un Cambio De Direccio\u0301n A USCIS - Davis &amp; Associates\" width=\"1200\" height=\"630\" \/><\/p>\r\n<p>Debe saber que el simple hecho de cambiar su direcci\u00f3n con el Servicio Postal de EE. UU. tampoco es suficiente: debe tomar las medidas adecuadas para cambiar su direcci\u00f3n con USCIS si se muda. Cambiar su direcci\u00f3n con el USPS no cambiar\u00e1 su direcci\u00f3n con el USCIS. Debe asegurarse de cambiar su direcci\u00f3n con ambas agencias de servicio.<\/p>\r\n<p>Tenga en cuenta que el USPS tampoco enviar\u00e1 documentos seguros como un documento de autorizaci\u00f3n de empleo o una tarjeta de residente permanente. Por lo tanto, debe asegurarse de que USCIS haya recibido y procesado su cambio de direcci\u00f3n antes de enviarle por correo cualquier documento seguro.<\/p>\r\n<p>Las siguientes secciones explican todo lo que necesita saber sobre c\u00f3mo cambiar su direcci\u00f3n como no ciudadano en los Estados Unidos.<\/p>\r\n<h2><a href=\"https:\/\/gldlaw.com\/es\/contacto\/\">Haga Clic Hoy Para Su Consulta Gratis<\/a><\/h2>\r\n<p><a href=\"https:\/\/gldlaw.com\/es\/contacto\/\" target=\"_self\" rel=\"noopener\"> Oprima Aqu\u00ed <\/a><\/p>\r\n<p><img loading=\"lazy\" decoding=\"async\" src=\"https:\/\/gldlaw.com\/wp-content\/uploads\/2022\/09\/Cambio-De-Direccio\u0301n-A-USCIS.png\" alt=\"Cambio De Direccio\u0301n A USCIS\" width=\"500\" height=\"375\" \/><\/p>\r\n<h2>C\u00f3mo La Mayor\u00eda De Las Personas Necesitar\u00e1n Cambiar Su Direcci\u00f3n Con USCIS<\/h2>\r\n<p>En octubre de 2023, USCIS lanz\u00f3 por completo una nueva herramienta de cambio de direcci\u00f3n en l\u00ednea. En ese momento, USCIS comenz\u00f3 a enviar correos electr\u00f3nicos y mensajes de texto a algunas personas pidi\u00e9ndoles que volvieran a enviar su cambio de direcci\u00f3n utilizando la nueva <a href=\"https:\/\/www.uscis.gov\/newsroom\/alerts\/uscis-launches-new-online-change-of-address-tool\">herramienta de autoservicio de cambio de direcci\u00f3n empresarial<\/a>.<\/p>\r\n<p>Se espera que mejore en gran medida la velocidad del proceso de cambio de direcci\u00f3n. La herramienta E-COA se encuentra dentro de su cuenta en l\u00ednea de USCIS. Sabemos que no todo el mundo tiene una cuenta en l\u00ednea, por lo que tambi\u00e9n explicaremos c\u00f3mo configurar una en una secci\u00f3n a continuaci\u00f3n.<\/p>\r\n<p>A partir de ahora, la mayor\u00eda de las personas deben enviar su cambio de direcci\u00f3n a USCIS utilizando esta herramienta de autoservicio en l\u00ednea. Despu\u00e9s de que sali\u00f3 la herramienta de autoservicio, USCIS dej\u00f3 claro que alentaba encarecidamente a la mayor\u00eda de las personas a hacer sus presentaciones a trav\u00e9s de una <a href=\"https:\/\/myaccount.uscis.gov\/\">cuenta en l\u00ednea de USCIS<\/a>.<\/p>\r\n<p>Si no se encuentra en una de las categor\u00edas especiales que se enumeran a continuaci\u00f3n, t\u00e9cnicamente a\u00fan se le permite presentar un <a href=\"https:\/\/www.uscis.gov\/ar-11\">Formulario AR-11<\/a>, Tarjeta de Cambio de Direcci\u00f3n de Extranjero a la antigua usanza en papel. A\u00fan as\u00ed, se recomienda encarecidamente cambiar su direcci\u00f3n con la herramienta E-COA, y esto no se puede enfatizar lo suficiente.<\/p>\r\n<p>Sin embargo, algunas personas no deben actualizar su cambio de direcci\u00f3n utilizando el E-COA. Las categor\u00edas de personas que no pueden usar el E-COA para actualizar sus direcciones son las siguientes:<\/p>\r\n<ul>\r\n<li>V\u00edctimas de violencia dom\u00e9stica, trata de personas y otros delitos<\/li>\r\n<li>Formulario I-751 Exenciones por Abuso<\/li>\r\n<li>Ciudadanos de EE.UU.<\/li>\r\n<li>Cirujanos Civiles<\/li>\r\n<\/ul>\r\n<p>En las subsecciones a continuaci\u00f3n, explicamos c\u00f3mo las personas que se encuentran en estas categor\u00edas deben notificar a USCIS de su mudanza.<\/p>\r\n<p>Cambiar Su Direcci\u00f3n Con USCIS Si Es V\u00edctima De Violencia Dom\u00e9stica, Trata De Personas U Otros Delitos<\/p>\r\n<p>Si present\u00f3 formularios relacionados con ser v\u00edctima de violencia dom\u00e9stica, v\u00edctima de trata de personas o v\u00edctima de otro delito, debe enviar por correo el Formulario AR-11 a la siguiente direcci\u00f3n:<\/p>\r\n<p>Servicios de Ciudadan\u00eda e Inmigraci\u00f3n de EE. UU.<br \/>Atenci\u00f3n: Divisi\u00f3n Humanitaria<br \/>Centro de Servicios de Vermont<br \/>38 River Road<br \/>Essex Junction, VT 05479-0001<\/p>\r\n<p>Los formularios que puede haber presentado incluyen los siguientes:<\/p>\r\n<ul>\r\n<li>Formulario I-360 como autopeticionario de VAWA<\/li>\r\n<li>Formulario I-485 como c\u00f3nyuge maltratado bajo la Ley de Ajuste Cubano o VAWA, o como no inmigrante T o U<\/li>\r\n<li>Formulario I-765 de I-765V<\/li>\r\n<li>Formulario I-914<\/li>\r\n<li>Formulario I-914, Suplemento A<\/li>\r\n<li>Formulario I-918<\/li>\r\n<li>Formulario I-918, Suplemento A<\/li>\r\n<li>Formulario I-929<\/li>\r\n<\/ul>\r\n<h2><a href=\"https:\/\/gldlaw.com\/es\/contacto\/\">Haga Clic Hoy Para Su Consulta Gratis<\/a><\/h2>\r\n<p><a href=\"https:\/\/gldlaw.com\/es\/contacto\/\" target=\"_self\" rel=\"noopener\"> Oprima Aqu\u00ed <\/a><\/p>\r\n<h3>Cambiar Su Direcci\u00f3n Si Present\u00f3 Una Petici\u00f3n De Exenci\u00f3n De Abuso Del Formulario I-751<\/h3>\r\n<p>Si presentaste un Formulario I-751, Petici\u00f3n para Eliminar las Condiciones de Residencia, e incluiste una solicitud de exenci\u00f3n por abuso, el n\u00famero de recibo que recibiste de USCIS te indica d\u00f3nde enviar el Formulario AR-11. La siguiente tabla proporciona las direcciones en funci\u00f3n de las tres primeras letras de su n\u00famero de recibo.<\/p>\r\n<table>\r\n<tbody>\r\n<tr>\r\n<td width=\"312\"><strong><em>N\u00famero de recibo<\/em><\/strong><\/td>\r\n<td width=\"312\"><strong><em>Direcci\u00f3n postal<\/em><\/strong><\/td>\r\n<\/tr>\r\n<tr>\r\n<td width=\"312\">EAC<\/td>\r\n<td width=\"312\">Centro de Servicio de USCIS Vermont<br \/>Attn: Divisi\u00f3n Humanitaria<br \/>38 River Road<br \/>Essex Junction, VT 05479-0001<\/td>\r\n<\/tr>\r\n<tr>\r\n<td width=\"312\">LIN<\/td>\r\n<td width=\"312\">Centro de Servicio de USCIS Nebraska<br \/>P.O. Box 87918<br \/>Lincoln, NE 68501-7918<\/td>\r\n<\/tr>\r\n<tr>\r\n<td width=\"312\">MSC<\/td>\r\n<td width=\"312\">Centro Nacional de Beneficios<br \/>P.O. Box 648006<br \/>Lee&#8217;s Summit, MO 64002<\/td>\r\n<\/tr>\r\n<tr>\r\n<td width=\"312\">FUENTE<\/td>\r\n<td width=\"312\">Centro de Servicio de USCIS Texas<br \/>6046 N Belt Line Rd.<br \/>Irving, TX 75038-0001<\/td>\r\n<\/tr>\r\n<tr>\r\n<td width=\"312\">WAC<\/td>\r\n<td width=\"312\">Centro de Servicio de USCIS California<br \/>Attn: Secci\u00f3n de Servicio al Cliente\/SA<br \/>P.O. Box 10751<br \/>Laguna Niguel, CA 92607-1075<\/td>\r\n<\/tr>\r\n<tr>\r\n<td width=\"312\">YSC<\/td>\r\n<td width=\"312\">Centro de servicio de<br \/>Potomac 2200 Potomac Center Drive, MS<br \/>2425 Arlington, VA 20598-2425<\/td>\r\n<\/tr>\r\n<\/tbody>\r\n<\/table>\r\n<h2>Cambio de direcci\u00f3n si es ciudadano estadounidense, nacional de los EE. UU. o cirujano civil<\/h2>\r\n<p>Si usted es un ciudadano o nacional de los EE. UU. que ha presentado una declaraci\u00f3n jurada de patrocinio econ\u00f3mico para otra persona, debe entregar un <a href=\"https:\/\/www.uscis.gov\/i-865\">Formulario I-865, Aviso de Cambio de Direcci\u00f3n del Patrocinador<\/a>.<\/p>\r\n<p>Si usted es un <a href=\"https:\/\/www.uscis.gov\/tools\/designated-civil-surgeons\">cirujano civil<\/a>, debe usar la direcci\u00f3n de correo electr\u00f3nico que estaba en su notificaci\u00f3n de aprobaci\u00f3n para actualizar su direcci\u00f3n.<\/p>\r\n<h2><a href=\"https:\/\/gldlaw.com\/es\/contacto\/\">Haga Clic Hoy Para Su Consulta Gratis<\/a><\/h2>\r\n<p><a href=\"https:\/\/gldlaw.com\/es\/contacto\/\" target=\"_self\" rel=\"noopener\"> Oprima Aqu\u00ed <\/a><\/p>\r\n<h2><img loading=\"lazy\" decoding=\"async\" src=\"https:\/\/gldlaw.com\/wp-content\/uploads\/2023\/12\/Esta-Obligado-Legalmente-A-Actualizar-Su-Direccion-Con-USCIS.jpg\" alt=\"Esta\u0301 Obligado Legalmente A Actualizar Su Direccio\u0301n Con USCIS.\" width=\"500\" height=\"375\" \/>\u00bfPor Qu\u00e9 Deber\u00eda Actualizar Su Direcci\u00f3n Con USCIS?<\/h2>\r\n<p>Est\u00e1 legalmente obligado a actualizar su direcci\u00f3n con USCIS. De acuerdo con el C\u00f3digo de Regulaciones Federales de los EE. UU., como se se\u00f1al\u00f3 anteriormente, cualquier extranjero que se mude debe notificar a USCIS sobre un cambio de direcci\u00f3n dentro de los 10 d\u00edas posteriores a la mudanza. No actualizar su direcci\u00f3n con USCIS puede tener graves consecuencias, incluso si fue un error honesto.<\/p>\r\n<h2>\u00bfQu\u00e9 sucede si no actualiza su direcci\u00f3n con USCIS?<\/h2>\r\n<p>Si no actualiza su direcci\u00f3n con USCIS, podr\u00eda enfrentar una serie de consecuencias, que incluyen:<\/p>\r\n<ul>\r\n<li>Su solicitud se retras\u00f3 o fue rechazada porque USCIS no pudo comunicarse con usted<\/li>\r\n<li>Que su solicitud sea denegada porque se perdi\u00f3 un aviso o documento importante que USCIS envi\u00f3 a su \u00faltima direcci\u00f3n reportada<\/li>\r\n<li>Faltar a su <a href=\"https:\/\/gldlaw.com\/es\/inmigracion\/ciudadania-y-naturalizacion\/\">ceremonia de naturalizaci\u00f3n<\/a> porque USCIS no pudo comunicarse con usted<\/li>\r\n<li>Ser colocado en un proceso de deportaci\u00f3n<\/li>\r\n<li>Potencialmente ser multado o posiblemente terminar con tiempo en la c\u00e1rcel.<\/li>\r\n<\/ul>\r\n<p>Es muy importante mantener su direcci\u00f3n actualizada con USCIS. Use el m\u00e9todo que se aplique a usted y aseg\u00farese de hacerlo dentro de los 10 d\u00edas posteriores a la mudanza. Si ha olvidado actualizar su direcci\u00f3n y han pasado m\u00e1s de 10 d\u00edas, debe informar a su abogado y actualizarla lo antes posible.<\/p>\r\n<h3>\u00bfC\u00f3mo Se Crea Una Cuenta De USCIS?<\/h3>\r\n<p>USCIS tiene un video \u00fatil que explica exactamente c\u00f3mo crear una cuenta en l\u00ednea de USCIS. Ese video se puede encontrar <a href=\"https:\/\/youtu.be\/c_5YDNyMJ30?si=OVDaxb984c_x5bAs\">aqu\u00ed<\/a>. Su abogado podr\u00e1 ayudarlo si todo esto es demasiado abrumador.<\/p>\r\n<p>Es importante que no crees una cuenta compartida con nadie m\u00e1s. Se requieren cuentas individuales. Para crear una cuenta en l\u00ednea para que pueda acceder a la herramienta E-COA, siga las instrucciones comenzando en la <a href=\"https:\/\/myaccount.uscis.gov\/users\/sign_up\">p\u00e1gina de registro<\/a>.<\/p>\r\n<p>Incluso si sus formularios se presentaron previamente en papel, su caso a\u00fan se puede vincular a su cuenta en l\u00ednea. Si anteriormente envi\u00f3 un caso en papel, verifique si el n\u00famero de recibo comenz\u00f3 con IOE. Si lo hizo, puede <a href=\"https:\/\/myaccount.uscis.gov\/\">crear una cuenta<\/a> y vincular su caso con un c\u00f3digo de acceso en l\u00ednea. Una vez que su caso haya sido vinculado, puede actualizar su direcci\u00f3n. Para obtener un nuevo c\u00f3digo de acceso en l\u00ednea, solic\u00edtelo <a href=\"http:\/\/my.uscis.gov\/account\/v1\/needhelp\">aqu\u00ed<\/a>.<\/p>\r\n<h2>Aseg\u00farese De Actualizar Su Direcci\u00f3n Con Todas Las Dem\u00e1s Agencias Requeridas Tambi\u00e9n<\/h2>\r\n<p>Si bien puede ser frustrante que no pueda presentar una notificaci\u00f3n de cambio de direcci\u00f3n que actualice su informaci\u00f3n con todas las agencias estatales y federales a la vez, ese no es el caso. Una vez que haya notificado adecuadamente a USCIS y al Servicio Postal de EE. UU., tambi\u00e9n debe considerar qu\u00e9 otras agencias deben actualizarse sobre su mudanza.<\/p>\r\n<p>Por ejemplo, tambi\u00e9n debe actualizar su tarjeta de identificaci\u00f3n estatal o licencia de conducir con su nueva direcci\u00f3n. Su identificaci\u00f3n oficial debe coincidir con la informaci\u00f3n que el USCIS tiene registrada para usted. Si eres un estudiante en el pa\u00eds con una visa acad\u00e9mica, tambi\u00e9n debes asegurarte de que el funcionario de tu escuela designado <a href=\"https:\/\/studyinthestates.dhs.gov\/sevis-help-hub\/student-records\/update-student-records\/personal-information\">actualice tu direcci\u00f3n en SEVIS.<\/a> Si est\u00e1 en proceso de inmigraci\u00f3n, tambi\u00e9n debe notificar a la Corte de Inmigraci\u00f3n de su cambio de direcci\u00f3n.<\/p>\r\n<h2>\u00bfQui\u00e9n No Tiene Que Informar A USCIS De Un Cambio De Direcci\u00f3n?<\/h2>\r\n<p>Pr\u00e1cticamente todas las personas involucradas en los procesos que pasan por USCIS deben notificar a USCIS cuando se mudan, pero hay tres excepciones. Dado que los titulares de visas de no inmigrante con menos de 30 d\u00edas en el pa\u00eds solo tienen alojamiento temporal, no tienen que informar la direcci\u00f3n del alojamiento cambiado. Los titulares de visas G y A pueden, y generalmente lo hacen, usar la direcci\u00f3n de sus organizaciones oficiales como la direcci\u00f3n registrada en USCIS.<\/p>\r\n<h2>\u00bfTiene Preguntas Para Un Abogado Sobre Inmigraci\u00f3n?<\/h2>\r\n<p>Nos damos cuenta de que no mucho es simple cuando se trata de visas y residencia permanente. Si bien el manejo de una mudanza es lo suficientemente estresante para los ciudadanos estadounidenses, la carga es a\u00fan mayor para los no ciudadanos que viven en los Estados Unidos. Si todo esto parece abrumador, estamos aqu\u00ed para ayudarte. Llame a nuestra oficina para programar una consulta con un abogado de inmigraci\u00f3n con experiencia ahora, podemos brindarle la orientaci\u00f3n que necesita. Si lo prefieres, tambi\u00e9n puedes utilizar nuestro formulario de contacto para <a href=\"https:\/\/gldlaw.com\/es\/contacto\/\">agendar una consulta gratuita.<\/a><\/p>\r\n<h2><a href=\"https:\/\/gldlaw.com\/es\/contacto\/\">Haga Clic Hoy Para Su Consulta Gratis<\/a><\/h2>\r\n<p><a href=\"https:\/\/gldlaw.com\/es\/contacto\/\" target=\"_self\" rel=\"noopener\"> Oprima Aqu\u00ed <\/a><\/p>\r\n","protected":false},"excerpt":{"rendered":"<p>C\u00f3mo Reportar Un Cambio De Direcci\u00f3n A USCIS C\u00f3mo puede reportar su cambio de direcci\u00f3n a USCIS Si te has mudado recientemente (o est\u00e1s a punto de hacerlo), debes informar tu nueva direcci\u00f3n al USCIS. Esta gu\u00eda explica c\u00f3mo y por qu\u00e9, as\u00ed como lo que podr\u00eda suceder si no actualiza su informaci\u00f3n. Es absolutamente&hellip;<\/p>\n","protected":false},"author":5,"featured_media":0,"parent":3409,"menu_order":0,"comment_status":"closed","ping_status":"closed","template":"","meta":{"_monsterinsights_skip_tracking":false,"_monsterinsights_sitenote_active":false,"_monsterinsights_sitenote_note":"","_monsterinsights_sitenote_category":0,"footnotes":""},"class_list":["post-9659","page","type-page","status-publish","hentry"],"yoast_head":"<!-- This site is optimized with the Yoast SEO plugin v27.6 - https:\/\/yoast.com\/product\/yoast-seo-wordpress\/ -->\n<title>\u00bfC\u00f3mo Puedo Cambiar Mi Direcci\u00f3n en los Archivos de USCIS?<\/title>\n<meta name=\"description\" content=\"Si su direcci\u00f3n ha cambiado, o si est\u00e1 a punto de cambiar, debe informar su nueva direcci\u00f3n a USCIS. Esta gu\u00eda explica c\u00f3mo (y por qu\u00e9) hacerlo.\" \/>\n<meta name=\"robots\" content=\"index, follow, max-snippet:-1, max-image-preview:large, max-video-preview:-1\" \/>\n<link rel=\"canonical\" href=\"https:\/\/gldlaw.com\/es\/inmigracion\/cambio-de-direccion\/\" \/>\n<meta property=\"og:locale\" content=\"es_MX\" \/>\n<meta property=\"og:type\" content=\"article\" \/>\n<meta property=\"og:title\" content=\"\u00bfC\u00f3mo Puedo Cambiar Mi Direcci\u00f3n en los Archivos de USCIS?\" \/>\n<meta property=\"og:description\" content=\"Si su direcci\u00f3n ha cambiado, o si est\u00e1 a punto de cambiar, debe informar su nueva direcci\u00f3n a USCIS. Esta gu\u00eda explica c\u00f3mo (y por qu\u00e9) hacerlo.\" \/>\n<meta property=\"og:url\" content=\"https:\/\/gldlaw.com\/es\/inmigracion\/cambio-de-direccion\/\" \/>\n<meta property=\"og:site_name\" content=\"Davis &amp; Associates\" \/>\n<meta property=\"article:publisher\" content=\"https:\/\/www.facebook.com\/GLDavisandAssociates\/\" \/>\n<meta property=\"article:modified_time\" content=\"2024-07-17T18:10:32+00:00\" \/>\n<meta property=\"og:image\" content=\"https:\/\/gldlaw.com\/wp-content\/uploads\/2023\/12\/Como-Reportar-Un-Cambio-De-Direccion-A-USCIS-Davis-Associates-.jpeg\" \/>\n<meta name=\"twitter:card\" content=\"summary_large_image\" \/>\n<meta name=\"twitter:site\" content=\"@GLD_Law\" \/>\n<meta name=\"twitter:label1\" content=\"Tiempo de lectura\" \/>\n\t<meta name=\"twitter:data1\" content=\"8 minutos\" \/>\n<script type=\"application\/ld+json\" class=\"yoast-schema-graph\">{\"@context\":\"https:\\\/\\\/schema.org\",\"@graph\":[{\"@type\":\"WebPage\",\"@id\":\"https:\\\/\\\/gldlaw.com\\\/es\\\/inmigracion\\\/cambio-de-direccion\\\/\",\"url\":\"https:\\\/\\\/gldlaw.com\\\/es\\\/inmigracion\\\/cambio-de-direccion\\\/\",\"name\":\"\u00bfC\u00f3mo Puedo Cambiar Mi Direcci\u00f3n en los Archivos de USCIS?\",\"isPartOf\":{\"@id\":\"https:\\\/\\\/gldlaw.com\\\/es\\\/#website\"},\"primaryImageOfPage\":{\"@id\":\"https:\\\/\\\/gldlaw.com\\\/es\\\/inmigracion\\\/cambio-de-direccion\\\/#primaryimage\"},\"image\":{\"@id\":\"https:\\\/\\\/gldlaw.com\\\/es\\\/inmigracion\\\/cambio-de-direccion\\\/#primaryimage\"},\"thumbnailUrl\":\"https:\\\/\\\/gldlaw.com\\\/wp-content\\\/uploads\\\/2023\\\/12\\\/Como-Reportar-Un-Cambio-De-Direccion-A-USCIS-Davis-Associates-.jpeg\",\"datePublished\":\"2022-09-27T15:34:50+00:00\",\"dateModified\":\"2024-07-17T18:10:32+00:00\",\"description\":\"Si su direcci\u00f3n ha cambiado, o si est\u00e1 a punto de cambiar, debe informar su nueva direcci\u00f3n a USCIS. Esta gu\u00eda explica c\u00f3mo (y por qu\u00e9) hacerlo.\",\"breadcrumb\":{\"@id\":\"https:\\\/\\\/gldlaw.com\\\/es\\\/inmigracion\\\/cambio-de-direccion\\\/#breadcrumb\"},\"inLanguage\":\"es\",\"potentialAction\":[{\"@type\":\"ReadAction\",\"target\":[\"https:\\\/\\\/gldlaw.com\\\/es\\\/inmigracion\\\/cambio-de-direccion\\\/\"]}]},{\"@type\":\"ImageObject\",\"inLanguage\":\"es\",\"@id\":\"https:\\\/\\\/gldlaw.com\\\/es\\\/inmigracion\\\/cambio-de-direccion\\\/#primaryimage\",\"url\":\"https:\\\/\\\/gldlaw.com\\\/wp-content\\\/uploads\\\/2023\\\/12\\\/Como-Reportar-Un-Cambio-De-Direccion-A-USCIS-Davis-Associates-.jpeg\",\"contentUrl\":\"https:\\\/\\\/gldlaw.com\\\/wp-content\\\/uploads\\\/2023\\\/12\\\/Como-Reportar-Un-Cambio-De-Direccion-A-USCIS-Davis-Associates-.jpeg\"},{\"@type\":\"BreadcrumbList\",\"@id\":\"https:\\\/\\\/gldlaw.com\\\/es\\\/inmigracion\\\/cambio-de-direccion\\\/#breadcrumb\",\"itemListElement\":[{\"@type\":\"ListItem\",\"position\":1,\"name\":\"Home\",\"item\":\"https:\\\/\\\/gldlaw.com\\\/es\\\/\"},{\"@type\":\"ListItem\",\"position\":2,\"name\":\"Areas de Pr\u00e1ctica\",\"item\":\"https:\\\/\\\/gldlaw.com\\\/es\\\/inmigracion\\\/\"},{\"@type\":\"ListItem\",\"position\":3,\"name\":\"C\u00f3mo Reportar Un Cambio De Direcci\u00f3n A USCIS\"}]},{\"@type\":\"WebSite\",\"@id\":\"https:\\\/\\\/gldlaw.com\\\/es\\\/#website\",\"url\":\"https:\\\/\\\/gldlaw.com\\\/es\\\/\",\"name\":\"Davis &amp; Associates\",\"description\":\"Dallas \\\/ Fort Worth Immigration Attorney\",\"potentialAction\":[{\"@type\":\"SearchAction\",\"target\":{\"@type\":\"EntryPoint\",\"urlTemplate\":\"https:\\\/\\\/gldlaw.com\\\/es\\\/?s={search_term_string}\"},\"query-input\":{\"@type\":\"PropertyValueSpecification\",\"valueRequired\":true,\"valueName\":\"search_term_string\"}}],\"inLanguage\":\"es\"}]}<\/script>\n<!-- \/ Yoast SEO plugin. -->","yoast_head_json":{"title":"\u00bfC\u00f3mo Puedo Cambiar Mi Direcci\u00f3n en los Archivos de USCIS?","description":"Si su direcci\u00f3n ha cambiado, o si est\u00e1 a punto de cambiar, debe informar su nueva direcci\u00f3n a USCIS. Esta gu\u00eda explica c\u00f3mo (y por qu\u00e9) hacerlo.","robots":{"index":"index","follow":"follow","max-snippet":"max-snippet:-1","max-image-preview":"max-image-preview:large","max-video-preview":"max-video-preview:-1"},"canonical":"https:\/\/gldlaw.com\/es\/inmigracion\/cambio-de-direccion\/","og_locale":"es_MX","og_type":"article","og_title":"\u00bfC\u00f3mo Puedo Cambiar Mi Direcci\u00f3n en los Archivos de USCIS?","og_description":"Si su direcci\u00f3n ha cambiado, o si est\u00e1 a punto de cambiar, debe informar su nueva direcci\u00f3n a USCIS. Esta gu\u00eda explica c\u00f3mo (y por qu\u00e9) hacerlo.","og_url":"https:\/\/gldlaw.com\/es\/inmigracion\/cambio-de-direccion\/","og_site_name":"Davis &amp; Associates","article_publisher":"https:\/\/www.facebook.com\/GLDavisandAssociates\/","article_modified_time":"2024-07-17T18:10:32+00:00","og_image":[{"url":"https:\/\/gldlaw.com\/wp-content\/uploads\/2023\/12\/Como-Reportar-Un-Cambio-De-Direccion-A-USCIS-Davis-Associates-.jpeg","type":"","width":"","height":""}],"twitter_card":"summary_large_image","twitter_site":"@GLD_Law","twitter_misc":{"Tiempo de lectura":"8 minutos"},"schema":{"@context":"https:\/\/schema.org","@graph":[{"@type":"WebPage","@id":"https:\/\/gldlaw.com\/es\/inmigracion\/cambio-de-direccion\/","url":"https:\/\/gldlaw.com\/es\/inmigracion\/cambio-de-direccion\/","name":"\u00bfC\u00f3mo Puedo Cambiar Mi Direcci\u00f3n en los Archivos de USCIS?","isPartOf":{"@id":"https:\/\/gldlaw.com\/es\/#website"},"primaryImageOfPage":{"@id":"https:\/\/gldlaw.com\/es\/inmigracion\/cambio-de-direccion\/#primaryimage"},"image":{"@id":"https:\/\/gldlaw.com\/es\/inmigracion\/cambio-de-direccion\/#primaryimage"},"thumbnailUrl":"https:\/\/gldlaw.com\/wp-content\/uploads\/2023\/12\/Como-Reportar-Un-Cambio-De-Direccion-A-USCIS-Davis-Associates-.jpeg","datePublished":"2022-09-27T15:34:50+00:00","dateModified":"2024-07-17T18:10:32+00:00","description":"Si su direcci\u00f3n ha cambiado, o si est\u00e1 a punto de cambiar, debe informar su nueva direcci\u00f3n a USCIS. Esta gu\u00eda explica c\u00f3mo (y por qu\u00e9) hacerlo.","breadcrumb":{"@id":"https:\/\/gldlaw.com\/es\/inmigracion\/cambio-de-direccion\/#breadcrumb"},"inLanguage":"es","potentialAction":[{"@type":"ReadAction","target":["https:\/\/gldlaw.com\/es\/inmigracion\/cambio-de-direccion\/"]}]},{"@type":"ImageObject","inLanguage":"es","@id":"https:\/\/gldlaw.com\/es\/inmigracion\/cambio-de-direccion\/#primaryimage","url":"https:\/\/gldlaw.com\/wp-content\/uploads\/2023\/12\/Como-Reportar-Un-Cambio-De-Direccion-A-USCIS-Davis-Associates-.jpeg","contentUrl":"https:\/\/gldlaw.com\/wp-content\/uploads\/2023\/12\/Como-Reportar-Un-Cambio-De-Direccion-A-USCIS-Davis-Associates-.jpeg"},{"@type":"BreadcrumbList","@id":"https:\/\/gldlaw.com\/es\/inmigracion\/cambio-de-direccion\/#breadcrumb","itemListElement":[{"@type":"ListItem","position":1,"name":"Home","item":"https:\/\/gldlaw.com\/es\/"},{"@type":"ListItem","position":2,"name":"Areas de Pr\u00e1ctica","item":"https:\/\/gldlaw.com\/es\/inmigracion\/"},{"@type":"ListItem","position":3,"name":"C\u00f3mo Reportar Un Cambio De Direcci\u00f3n A USCIS"}]},{"@type":"WebSite","@id":"https:\/\/gldlaw.com\/es\/#website","url":"https:\/\/gldlaw.com\/es\/","name":"Davis &amp; Associates","description":"Dallas \/ Fort Worth Immigration Attorney","potentialAction":[{"@type":"SearchAction","target":{"@type":"EntryPoint","urlTemplate":"https:\/\/gldlaw.com\/es\/?s={search_term_string}"},"query-input":{"@type":"PropertyValueSpecification","valueRequired":true,"valueName":"search_term_string"}}],"inLanguage":"es"}]}},"_links":{"self":[{"href":"https:\/\/gldlaw.com\/es\/wp-json\/wp\/v2\/pages\/9659","targetHints":{"allow":["GET"]}}],"collection":[{"href":"https:\/\/gldlaw.com\/es\/wp-json\/wp\/v2\/pages"}],"about":[{"href":"https:\/\/gldlaw.com\/es\/wp-json\/wp\/v2\/types\/page"}],"author":[{"embeddable":true,"href":"https:\/\/gldlaw.com\/es\/wp-json\/wp\/v2\/users\/5"}],"replies":[{"embeddable":true,"href":"https:\/\/gldlaw.com\/es\/wp-json\/wp\/v2\/comments?post=9659"}],"version-history":[{"count":6,"href":"https:\/\/gldlaw.com\/es\/wp-json\/wp\/v2\/pages\/9659\/revisions"}],"predecessor-version":[{"id":11410,"href":"https:\/\/gldlaw.com\/es\/wp-json\/wp\/v2\/pages\/9659\/revisions\/11410"}],"up":[{"embeddable":true,"href":"https:\/\/gldlaw.com\/es\/wp-json\/wp\/v2\/pages\/3409"}],"wp:attachment":[{"href":"https:\/\/gldlaw.com\/es\/wp-json\/wp\/v2\/media?parent=9659"}],"curies":[{"name":"wp","href":"https:\/\/api.w.org\/{rel}","templated":true}]}}