{"id":9745,"date":"2020-09-25T15:49:06","date_gmt":"2020-09-25T15:49:06","guid":{"rendered":"https:\/\/gldlaw.com\/inmigracion\/la-inmigracion-de-negocios\/eb-5-investor-visa\/"},"modified":"2025-04-14T10:56:44","modified_gmt":"2025-04-14T15:56:44","slug":"visa-de-inversionista-eb-5","status":"publish","type":"page","link":"https:\/\/gldlaw.com\/es\/inmigracion\/la-inmigracion-de-negocios\/visa-de-inversionista-eb-5\/","title":{"rendered":"Abogados de la Tarjeta Verde de Inversi\u00f3n Eb5 de Texas"},"content":{"rendered":"\n\n\t<h1>Abogados de Texas especializados en la tarjeta verde de inversi\u00f3n EB-5<\/h1>\n\t<p>Para muchas personas, la manera m\u00e1s f\u00e1cil de obtener una visa de inmigrante o una tarjeta verde estadounidense es a trav\u00e9s de la inmigraci\u00f3n comercial o la inversi\u00f3n en una nueva empresa.<\/p>\n<p>Las personas con un alto patrimonio que deseen inmigrar a Estados Unidos de forma permanente pueden calificar para obtener la residencia permanente mediante una inversi\u00f3n.<\/p>\n<p>El programa que permite esto se llama EB-5; algunos lo llaman la visa para la creaci\u00f3n de empleo.<\/p>\n\t\t\t\t<img loading=\"lazy\" decoding=\"async\" src=\"https:\/\/gldlaw.com\/wp-content\/uploads\/2021\/06\/EB5-Investor-Green-Card-Davis-Associates-1.png\" alt=\"EB5 Investor Green Card - Davis &amp; Associates\" itemprop=\"image\" height=\"630\" width=\"1200\" title=\"EB5 Investor Green Card - Davis &amp; Associates\" onerror=\"this.style.display='none'\"  \/>\n\t<h2>\u00bfQu\u00e9 es el Programa de Visas EB-5?<\/h2>\n<p>La visa EB-5 permite a los inversionistas extranjeros, sus c\u00f3nyuges e hijos solteros menores de 21 a\u00f1os obtener la residencia permanente legal en Estados Unidos. El programa se cre\u00f3 en 1990 para estimular la econom\u00eda y fomentar el crecimiento laboral. Para calificar para una visa EB-5, el inversionista debe cumplir con requisitos espec\u00edficos. Una vez obtenida, puede ingresar a Estados Unidos y solicitar la tarjeta verde.<\/p>\n<p>La visa de creaci\u00f3n de empleo, o tarjeta verde para inversionistas EB-5, requiere que una persona invierta al menos $1.05 millones en una nueva empresa comercial estadounidense y cree al menos diez nuevos empleos a tiempo completo en dicha empresa en un plazo de dos a\u00f1os. Sin embargo, en algunos casos, la inversi\u00f3n puede ser tan peque\u00f1a como $800,000. Lo m\u00e1s f\u00e1cil es trabajar con un abogado especializado en EB-5 durante todo el proceso.<\/p>\n\t<h2><a href=\"https:\/\/www.gldlaw.com\/contact-us-for-a-free-consultation\/#~o4H7t91\">SCHEDULE YOUR <strong>FREE<\/strong> CONSULTATION TODAY \u00bb<\/a><\/h2>\n\t\t\t<a href=\"https:\/\/www.gldlaw.com\/contact-us-for-a-free-consultation\/\" target=\"_self\">\n\t\t\t\t\t\t\tGET STARTED &raquo;\n\t\t\t\t\t<\/a>\n<header><img loading=\"lazy\" decoding=\"async\" src=\"https:\/\/gldlaw.com\/wp-content\/uploads\/2021\/06\/Eb5-Investment-Green-Card-Attorney-Davis-Associates.png\" alt=\"Eb5 Investment Green Card Attorney - Davis &amp; Associates\" width=\"450\" height=\"338\" \/><\/header>\n<h3>\u00bfQui\u00e9n es elegible para una visa EB-5?<\/h3>\n<p>Para calificar para una visa EB-5, un inversionista debe:<\/p>\n<ul>\n<li>Invertir o estar en proceso de invertir al menos $1.05 millones en una nueva empresa comercial en los Estados Unidos o<\/li>\n<li>Invertir o estar en proceso de invertir al menos $800,000 en un \u00c1rea de Empleo Objetivo.<\/li>\n<\/ul>\n<p>(El 15 de marzo de 2022, estos montos aumentaron; antes de esa fecha, el gobierno de EE. UU. requer\u00eda una inversi\u00f3n m\u00ednima de $1 mill\u00f3n a menos que un inversor estuviera invirtiendo en un \u00c1rea de Empleo Espec\u00edfica; en ese caso, pod\u00eda invertir tan solo $500,000).<\/p>\n<h4>\u00bfQu\u00e9 es un \u00c1rea de Empleo Espec\u00edfica?<\/h4>\n<p>Una Zona de Empleo Espec\u00edfico es una zona rural o con alto \u00edndice de desempleo. M\u00e1s espec\u00edficamente, es una zona que experimenta al menos el 150 % de la tasa promedio nacional de desempleo.<\/p>\n<h3>Excepci\u00f3n al requisito de inversi\u00f3n de $1.05 millones para la Tarjeta Verde de Inversionista EB-5<\/h3>\n<p>Existen algunas excepciones a la inversi\u00f3n de $1.05 millones en una empresa comercial. Una opci\u00f3n es establecer la empresa de inversi\u00f3n en una zona econ\u00f3micamente desfavorecida. Por ejemplo, se podr\u00eda realizar una inversi\u00f3n comercial menor, de $800,000, en una zona rural con menos de 20,000 habitantes.<\/p>\n<p>Otra opci\u00f3n es que el inversionista demuestre que la zona donde operar\u00e1 la empresa de inversi\u00f3n tiene una alta tasa de desempleo, superior al 150% del promedio nacional. Los datos proporcionados para establecer un nivel de desempleo suficiente deben provenir de fuentes gubernamentales.<\/p>\n<p>Finalmente, una persona que solicite una tarjeta verde o visa de inversionista EB-5 puede invertir en un centro regional designado por el gobierno de EE. UU. Un Centro Regional es una empresa de inversi\u00f3n autorizada por el USCIS y otras entidades gubernamentales para ofrecer opciones de inversi\u00f3n a los inversionistas que buscan obtener la residencia permanente a trav\u00e9s del EB-5. La lista de centros regionales aprobados se puede encontrar en <a href=\"https:\/\/www.uscis.gov\/working-in-the-united-states\/permanent-workers\/employment-based-immigration-fifth-preference-eb-5\/eb-5-immigrant-investor-regional-centers\/approved-eb-5-immigrant-investor-regional-centers\">USCIS website<\/a>.<\/p>\n<p>Las inversiones en Centros Regionales permiten considerar el impacto econ\u00f3mico en la econom\u00eda local mediante la creaci\u00f3n de empleo indirecto. Se pueden utilizar metodolog\u00edas econ\u00f3micas razonables para establecer suficiente empleo indirecto para cumplir con el requisito de creaci\u00f3n de empleo.<\/p>\n<p>No todos los centros regionales son iguales. Cualquier inversor que considere invertir en un Centro Regional debe tener mucho cuidado al considerar la experiencia y el \u00e9xito de la empresa antes de invertir. Adem\u00e1s, es recomendable colaborar con asesores de inversi\u00f3n, fiscales y de otro tipo para revisar las diversas ofertas de la empresa y considerar los riesgos, las implicaciones fiscales y el impacto general en la cartera antes de comprometerse con una inversi\u00f3n espec\u00edfica.<\/p>\n<p><strong>Nota:<\/strong> <em>Una inversi\u00f3n en un Centro Regional no garantiza la rentabilidad de la inversi\u00f3n. El dinero invertido debe estar sujeto a riesgo.<\/em><\/p>\n<p>Invertir en un Centro Regional ofrece ventajas significativas, y generalmente fomentamos este enfoque por estas razones. Una de ellas, como se mencion\u00f3 anteriormente, es el requisito de inversi\u00f3n reducido de $800,000 en comparaci\u00f3n con el requisito de $1.05 millones mediante inversi\u00f3n directa fuera de una zona econ\u00f3micamente desfavorecida. La otra es que la inversi\u00f3n en el Centro Regional no tiene que generar la creaci\u00f3n de diez nuevos empleos a tiempo completo por inversionista, como ocurre con la inversi\u00f3n directa.<\/p>\n<p>Las inversiones en Centros Regionales permiten considerar el impacto econ\u00f3mico en la econom\u00eda local en forma de empleo indirecto. Se pueden utilizar metodolog\u00edas econ\u00f3micas razonables para establecer suficiente empleo indirecto para cumplir con el requisito de creaci\u00f3n de empleo.<\/p>\n<h2>C\u00f3mo obtener una tarjeta verde como inversionista inmigrante<\/h2>\n<p>Tras obtener una visa EB-5, un inversionista puede solicitar la residencia permanente (Green Card). El proceso es el mismo para todos. Primero, debe presentar una petici\u00f3n I-526 ante el Servicio de Ciudadan\u00eda e Inmigraci\u00f3n de Estados Unidos (USCIS). Esta petici\u00f3n debe incluir evidencia de que la inversi\u00f3n generar\u00e1 empleo a tiempo completo para al menos 10 ciudadanos estadounidenses, residentes permanentes u otros inmigrantes autorizados para trabajar en Estados Unidos.<\/p>\n<p>Una vez que el USCIS apruebe la petici\u00f3n I-526, el inversionista puede solicitar la residencia permanente (Green Card). Esto se puede hacer de dos maneras:<\/p>\n<ul>\n<li>Si el inversionista ya est\u00e1 en los Estados Unidos con una visa v\u00e1lida, puede presentar el formulario I-485, Solicitud de Ajuste de Estatus a Residente Permanente.<\/li>\n<li>Si el inversionista se encuentra fuera de Estados Unidos, deber\u00e1 realizar un tr\u00e1mite consular. Esto implica acudir a una embajada o consulado estadounidense y solicitar una visa de inmigrante.<\/li>\n<\/ul>\n<h3>\u00bfQu\u00e9 es una Tarjeta Verde Condicional?<\/h3>\n<p>Las tarjetas verdes para inversionistas conllevan condiciones. Esto significa que, si recibe una de estas tarjetas, deber\u00e1 realizar algunos tr\u00e1mites adicionales para eliminar dichas condiciones y obtener una tarjeta verde completa y permanente.<\/p>\n<p>Las condiciones para obtener una tarjeta verde para inversionistas son las siguientes:<\/p>\n<ul>\n<li>La inversi\u00f3n debe mantenerse vigente durante al menos dos a\u00f1os.<\/li>\n<li>El inversionista debe participar activamente en el proyecto comercial.<\/li>\n<li>La inversi\u00f3n debe generar empleo a tiempo completo para al menos 10 ciudadanos estadounidenses, residentes permanentes u otros inmigrantes autorizados para trabajar en Estados Unidos.<\/li>\n<\/ul>\n\t<h2><a href=\"https:\/\/www.gldlaw.com\/contact-us-for-a-free-consultation\/#~o4H7t91\">SCHEDULE YOUR <strong>FREE<\/strong> CONSULTATION TODAY \u00bb<\/a><\/h2>\n\t\t\t<a href=\"https:\/\/www.gldlaw.com\/contact-us-for-a-free-consultation\/\" target=\"_self\">\n\t\t\t\t\t\t\tGET STARTED &raquo;\n\t\t\t\t\t<\/a>\n\t<h2>El proceso de visa de inversionista EB-5 y tarjeta verde<\/h2>\n<h2><img loading=\"lazy\" decoding=\"async\" src=\"https:\/\/gldlaw.com\/wp-content\/uploads\/2021\/06\/Texas-Eb5-Investment-Green-Card-Attorneys.png\" alt=\"Texas Eb5 Investment Green Card Attorneys\" width=\"499\" height=\"374\" \/><\/h2>\n<p>&nbsp;<\/p>\n<p>A menudo, las personas optan por trabajar con un abogado para participar en el programa de inversionistas EB-5. Un abogado puede completar y presentar todos los formularios por usted, lo que le facilita concentrarse en el crecimiento o la expansi\u00f3n de su negocio.<\/p>\n<p>En general, el proceso EB-5 es el siguiente:<\/p>\n<ol>\n<li>Usted realiza la inversi\u00f3n<\/li>\n<li>Su abogado presenta una petici\u00f3n I-526<\/li>\n<li>USCIS puede emitir una solicitud para obtener m\u00e1s informaci\u00f3n<\/li>\n<li>Usted solicita su tarjeta de residencia condicional<\/li>\n<\/ol>\n<p>He aqu\u00ed una mirada m\u00e1s de cerca a cada uno.<\/p>\n<h3>Paso 1: Encuentra el proyecto adecuado en el que invertir<\/h3>\n<p>Como inversionista, es posible que ya tenga en mente una empresa en la que le gustar\u00eda invertir; si no es as\u00ed, el primer paso para obtener la tarjeta verde de inversionista es encontrar una. Las oportunidades que califican son nuevas empresas comerciales o emprendimientos que expandan una empresa existente.<\/p>\n<p>Para calificar como nueva empresa comercial, la empresa debe haberse creado despu\u00e9s del 29 de noviembre de 1990, o debe ser una empresa creada en o antes de esa fecha, pero que haya experimentado un &#8220;cambio de propiedad y control&#8221; desde entonces. Un cambio de propiedad y control significa que al menos el 50% de la empresa debe haber sido adquirida por nuevos inversionistas.<\/p>\n<h3>Paso 2: Realizas la inversi\u00f3n<\/h3>\n<p>El siguiente paso es concretar su inversi\u00f3n. Recuerde que la cantidad m\u00ednima que necesita invertir es de $1.05 millones; si invierte en un \u00e1rea de empleo espec\u00edfica, esa cantidad se reduce a $800,000. Es importante tener en cuenta que el programa EB-5 est\u00e1 dise\u00f1ado para quienes desean participar activamente en su negocio, lo que significa que los inversionistas no pueden simplemente invertir su dinero en un negocio y luego retirarse. Deber\u00e1 participar en las operaciones diarias del negocio para calificar para una visa EB-5.<\/p>\n<h3>Paso 3: Su abogado presenta una petici\u00f3n I-526<\/h3>\n<p>Despu\u00e9s de realizar su inversi\u00f3n, el siguiente paso es que su abogado presente una petici\u00f3n I-526 ante el USCIS. En este proceso, deber\u00e1 demostrar que ha cumplido con todos los requisitos del programa EB-5, incluyendo la inversi\u00f3n requerida y que su inversi\u00f3n generar\u00e1 empleo a tiempo completo para al menos 10 personas. Si invierte en un centro regional, tambi\u00e9n deber\u00e1 demostrar que su inversi\u00f3n se realiz\u00f3 a trav\u00e9s de un centro regional designado.<\/p>\n<p>El USCIS suele tardar entre 6 y 18 meses en revisar una petici\u00f3n I-526. Si su petici\u00f3n es aprobada, pasar\u00e1 al siguiente paso del proceso.<\/p>\n<h3>Step #4: USCIS Issues a Request for Information<\/h3>\n<p>USCIS puede emitir lo que se llama una solicitud de informaci\u00f3n, o <a href=\"https:\/\/gldlaw.com\/es\/inmigracion\/solicitud-de-evidencia\/\">RFE<\/a>, Despu\u00e9s de revisar su petici\u00f3n I-526, una RFE simplemente significa que USCIS necesita m\u00e1s informaci\u00f3n suya para tomar una decisi\u00f3n sobre su petici\u00f3n. En la mayor\u00eda de los casos, una RFE solicitar\u00e1 evidencia adicional de su inversi\u00f3n o evidencia de que cumple con los requisitos para un \u00e1rea de empleo espec\u00edfica.<\/p>\n<p>Si recibe una RFE, aseg\u00farese de responder lo antes posible. Una vez que USCIS tenga la informaci\u00f3n necesaria, tomar\u00e1 una decisi\u00f3n sobre su petici\u00f3n.<\/p>\n<h3>Paso 5: Solicita tu Tarjeta Verde Condicional<\/h3>\n<p>Si su petici\u00f3n I-526 es aprobada, el siguiente paso del proceso es solicitar su tarjeta de residencia condicional. Para ello, deber\u00e1 presentar la solicitud I-485 ante el USCIS; si se encuentra fuera de Estados Unidos, deber\u00e1 presentarla ante el Departamento de Estado.<\/p>\n<h2>\u00bfNecesita hablar con un abogado sobre el Programa de Inversionistas EB-5?<\/h2>\n<p>Si le interesa participar en el programa de inversionistas EB-5, podemos ayudarle a comenzar. Llame a nuestra oficina ahora para programar una consulta con un profesional que podr\u00e1 responder sus preguntas y ayudarle a iniciar el proceso.<\/p>\n<h2>\u00bfQu\u00e9 otros tipos de visas de trabajo est\u00e1n disponibles en los Estados Unidos?<\/h2>\n<p>Las visas de trabajo m\u00e1s populares en los EE. UU. incluyen:<\/p>\n<ul>\n<li><a href=\"https:\/\/gldlaw.com\/es\/inmigracion\/la-inmigracion-de-negocios\/h-1b-employment-visa-2\/\">H-1B Visa<\/a><\/li>\n<li><a href=\"https:\/\/gldlaw.com\/immigration\/business-immigration\/h-4-visas\/\">H-4 Visa<\/a><\/li>\n<li><a href=\"https:\/\/gldlaw.com\/dallas\/business-immigration\/l-1-visas-for-intracompany-transferees\/\">L-1 Visa<\/a><\/li>\n<li><a href=\"https:\/\/gldlaw.com\/es\/inmigracion\/la-inmigracion-de-negocios\/visas-l-1b\/\">L-1B Visa<\/a><\/li>\n<li><a href=\"https:\/\/gldlaw.com\/es\/inmigracion\/la-inmigracion-de-negocios\/visa-e-1\/\">E-1 Visa<\/a><\/li>\n<li><a href=\"https:\/\/gldlaw.com\/es\/inmigracion\/la-inmigracion-de-negocios\/visado-e-2\/\">E-2 Visa<\/a><\/li>\n<li><a href=\"https:\/\/gldlaw.com\/es\/inmigracion\/la-inmigracion-de-negocios\/visas-eb-1\/\">EB-1 Visa<\/a><\/li>\n<li><a href=\"https:\/\/www.gldlaw.com\/dallas\/business-immigration\/eb-5-investor-visa\/\">EB-5 Visa<\/a><\/li>\n<li><a href=\"https:\/\/gldlaw.com\/es\/inmigracion\/visas\/visa-j-1\/\">J-1 Visa<\/a><\/li>\n<\/ul>\n<p><a href=\"https:\/\/gldlaw.com\/understanding-employment-based-visas\/\">Obtenga m\u00e1s informaci\u00f3n sobre las visas de trabajo en EE. UU. \u00bb<\/a><\/p>\n\t<h2><a href=\"https:\/\/www.gldlaw.com\/contact-us-for-a-free-consultation\/#~o4H7t91\">SCHEDULE YOUR <strong>FREE<\/strong> CONSULTATION TODAY \u00bb<\/a><\/h2>\n\t\t\t<a href=\"https:\/\/www.gldlaw.com\/contact-us-for-a-free-consultation\/\" target=\"_self\">\n\t\t\t\t\t\t\tGET STARTED &raquo;\n\t\t\t\t\t<\/a>\n\n","protected":false},"excerpt":{"rendered":"<p>Abogados de Texas especializados en la tarjeta verde de inversi\u00f3n EB-5 Para muchas personas, la manera m\u00e1s f\u00e1cil de obtener una visa de inmigrante o una tarjeta verde estadounidense es a trav\u00e9s de la inmigraci\u00f3n comercial o la inversi\u00f3n en una nueva empresa. Las personas con un alto patrimonio que deseen inmigrar a Estados Unidos&hellip;<\/p>\n","protected":false},"author":18,"featured_media":0,"parent":3412,"menu_order":0,"comment_status":"closed","ping_status":"closed","template":"","meta":{"_monsterinsights_skip_tracking":false,"_monsterinsights_sitenote_active":false,"_monsterinsights_sitenote_note":"","_monsterinsights_sitenote_category":0,"footnotes":""},"class_list":["post-9745","page","type-page","status-publish","hentry"],"yoast_head":"<!-- This site is optimized with the Yoast SEO plugin v27.3 - https:\/\/yoast.com\/product\/yoast-seo-wordpress\/ -->\n<title>EB5 Investor Green Card | Texas Business Immigration Lawyer<\/title>\n<meta name=\"description\" content=\"Our EB5 immigration attorney will help with EB5 investor green card process, including requirements and filing an EB-5 application.\" \/>\n<meta name=\"robots\" content=\"index, follow, max-snippet:-1, max-image-preview:large, max-video-preview:-1\" \/>\n<link rel=\"canonical\" href=\"https:\/\/gldlaw.com\/es\/inmigracion\/la-inmigracion-de-negocios\/visa-de-inversionista-eb-5\/\" \/>\n<meta property=\"og:locale\" content=\"es_MX\" \/>\n<meta property=\"og:type\" content=\"article\" \/>\n<meta property=\"og:title\" content=\"EB5 Investor Green Card | Texas Business Immigration Lawyer\" \/>\n<meta property=\"og:description\" content=\"Our EB5 immigration attorney will help with EB5 investor green card process, including requirements and filing an EB-5 application.\" \/>\n<meta property=\"og:url\" content=\"https:\/\/gldlaw.com\/es\/inmigracion\/la-inmigracion-de-negocios\/visa-de-inversionista-eb-5\/\" \/>\n<meta property=\"og:site_name\" content=\"Davis &amp; Associates\" \/>\n<meta property=\"article:publisher\" content=\"https:\/\/www.facebook.com\/GLDavisandAssociates\/\" \/>\n<meta property=\"article:modified_time\" content=\"2025-04-14T15:56:44+00:00\" \/>\n<meta property=\"og:image\" content=\"https:\/\/gldlaw.com\/wp-content\/uploads\/2021\/06\/EB5-Investor-Green-Card-Davis-Associates-1.png\" \/>\n<meta name=\"twitter:card\" content=\"summary_large_image\" \/>\n<meta name=\"twitter:site\" content=\"@GLD_Law\" \/>\n<meta name=\"twitter:label1\" content=\"Tiempo de lectura\" \/>\n\t<meta name=\"twitter:data1\" content=\"9 minutos\" \/>\n<script type=\"application\/ld+json\" class=\"yoast-schema-graph\">{\"@context\":\"https:\\\/\\\/schema.org\",\"@graph\":[{\"@type\":\"WebPage\",\"@id\":\"https:\\\/\\\/gldlaw.com\\\/es\\\/inmigracion\\\/la-inmigracion-de-negocios\\\/visa-de-inversionista-eb-5\\\/\",\"url\":\"https:\\\/\\\/gldlaw.com\\\/es\\\/inmigracion\\\/la-inmigracion-de-negocios\\\/visa-de-inversionista-eb-5\\\/\",\"name\":\"EB5 Investor Green Card | Texas Business Immigration Lawyer\",\"isPartOf\":{\"@id\":\"https:\\\/\\\/gldlaw.com\\\/es\\\/#website\"},\"primaryImageOfPage\":{\"@id\":\"https:\\\/\\\/gldlaw.com\\\/es\\\/inmigracion\\\/la-inmigracion-de-negocios\\\/visa-de-inversionista-eb-5\\\/#primaryimage\"},\"image\":{\"@id\":\"https:\\\/\\\/gldlaw.com\\\/es\\\/inmigracion\\\/la-inmigracion-de-negocios\\\/visa-de-inversionista-eb-5\\\/#primaryimage\"},\"thumbnailUrl\":\"https:\\\/\\\/gldlaw.com\\\/wp-content\\\/uploads\\\/2021\\\/06\\\/EB5-Investor-Green-Card-Davis-Associates-1.png\",\"datePublished\":\"2020-09-25T15:49:06+00:00\",\"dateModified\":\"2025-04-14T15:56:44+00:00\",\"description\":\"Our EB5 immigration attorney will help with EB5 investor green card process, including requirements and filing an EB-5 application.\",\"breadcrumb\":{\"@id\":\"https:\\\/\\\/gldlaw.com\\\/es\\\/inmigracion\\\/la-inmigracion-de-negocios\\\/visa-de-inversionista-eb-5\\\/#breadcrumb\"},\"inLanguage\":\"es\",\"potentialAction\":[{\"@type\":\"ReadAction\",\"target\":[\"https:\\\/\\\/gldlaw.com\\\/es\\\/inmigracion\\\/la-inmigracion-de-negocios\\\/visa-de-inversionista-eb-5\\\/\"]}]},{\"@type\":\"ImageObject\",\"inLanguage\":\"es\",\"@id\":\"https:\\\/\\\/gldlaw.com\\\/es\\\/inmigracion\\\/la-inmigracion-de-negocios\\\/visa-de-inversionista-eb-5\\\/#primaryimage\",\"url\":\"https:\\\/\\\/gldlaw.com\\\/wp-content\\\/uploads\\\/2021\\\/06\\\/EB5-Investor-Green-Card-Davis-Associates-1.png\",\"contentUrl\":\"https:\\\/\\\/gldlaw.com\\\/wp-content\\\/uploads\\\/2021\\\/06\\\/EB5-Investor-Green-Card-Davis-Associates-1.png\"},{\"@type\":\"BreadcrumbList\",\"@id\":\"https:\\\/\\\/gldlaw.com\\\/es\\\/inmigracion\\\/la-inmigracion-de-negocios\\\/visa-de-inversionista-eb-5\\\/#breadcrumb\",\"itemListElement\":[{\"@type\":\"ListItem\",\"position\":1,\"name\":\"Home\",\"item\":\"https:\\\/\\\/gldlaw.com\\\/es\\\/\"},{\"@type\":\"ListItem\",\"position\":2,\"name\":\"Areas de Pr\u00e1ctica\",\"item\":\"https:\\\/\\\/gldlaw.com\\\/es\\\/inmigracion\\\/\"},{\"@type\":\"ListItem\",\"position\":3,\"name\":\"Inmigraci\u00f3n de Negocio\",\"item\":\"https:\\\/\\\/gldlaw.com\\\/es\\\/inmigracion\\\/la-inmigracion-de-negocios\\\/\"},{\"@type\":\"ListItem\",\"position\":4,\"name\":\"Abogados de la Tarjeta Verde de Inversi\u00f3n Eb5 de Texas\"}]},{\"@type\":\"WebSite\",\"@id\":\"https:\\\/\\\/gldlaw.com\\\/es\\\/#website\",\"url\":\"https:\\\/\\\/gldlaw.com\\\/es\\\/\",\"name\":\"Davis &amp; Associates\",\"description\":\"Dallas \\\/ Fort Worth Immigration Attorney\",\"potentialAction\":[{\"@type\":\"SearchAction\",\"target\":{\"@type\":\"EntryPoint\",\"urlTemplate\":\"https:\\\/\\\/gldlaw.com\\\/es\\\/?s={search_term_string}\"},\"query-input\":{\"@type\":\"PropertyValueSpecification\",\"valueRequired\":true,\"valueName\":\"search_term_string\"}}],\"inLanguage\":\"es\"}]}<\/script>\n<!-- \/ Yoast SEO plugin. -->","yoast_head_json":{"title":"EB5 Investor Green Card | Texas Business Immigration Lawyer","description":"Our EB5 immigration attorney will help with EB5 investor green card process, including requirements and filing an EB-5 application.","robots":{"index":"index","follow":"follow","max-snippet":"max-snippet:-1","max-image-preview":"max-image-preview:large","max-video-preview":"max-video-preview:-1"},"canonical":"https:\/\/gldlaw.com\/es\/inmigracion\/la-inmigracion-de-negocios\/visa-de-inversionista-eb-5\/","og_locale":"es_MX","og_type":"article","og_title":"EB5 Investor Green Card | Texas Business Immigration Lawyer","og_description":"Our EB5 immigration attorney will help with EB5 investor green card process, including requirements and filing an EB-5 application.","og_url":"https:\/\/gldlaw.com\/es\/inmigracion\/la-inmigracion-de-negocios\/visa-de-inversionista-eb-5\/","og_site_name":"Davis &amp; Associates","article_publisher":"https:\/\/www.facebook.com\/GLDavisandAssociates\/","article_modified_time":"2025-04-14T15:56:44+00:00","og_image":[{"url":"https:\/\/gldlaw.com\/wp-content\/uploads\/2021\/06\/EB5-Investor-Green-Card-Davis-Associates-1.png","type":"","width":"","height":""}],"twitter_card":"summary_large_image","twitter_site":"@GLD_Law","twitter_misc":{"Tiempo de lectura":"9 minutos"},"schema":{"@context":"https:\/\/schema.org","@graph":[{"@type":"WebPage","@id":"https:\/\/gldlaw.com\/es\/inmigracion\/la-inmigracion-de-negocios\/visa-de-inversionista-eb-5\/","url":"https:\/\/gldlaw.com\/es\/inmigracion\/la-inmigracion-de-negocios\/visa-de-inversionista-eb-5\/","name":"EB5 Investor Green Card | Texas Business Immigration Lawyer","isPartOf":{"@id":"https:\/\/gldlaw.com\/es\/#website"},"primaryImageOfPage":{"@id":"https:\/\/gldlaw.com\/es\/inmigracion\/la-inmigracion-de-negocios\/visa-de-inversionista-eb-5\/#primaryimage"},"image":{"@id":"https:\/\/gldlaw.com\/es\/inmigracion\/la-inmigracion-de-negocios\/visa-de-inversionista-eb-5\/#primaryimage"},"thumbnailUrl":"https:\/\/gldlaw.com\/wp-content\/uploads\/2021\/06\/EB5-Investor-Green-Card-Davis-Associates-1.png","datePublished":"2020-09-25T15:49:06+00:00","dateModified":"2025-04-14T15:56:44+00:00","description":"Our EB5 immigration attorney will help with EB5 investor green card process, including requirements and filing an EB-5 application.","breadcrumb":{"@id":"https:\/\/gldlaw.com\/es\/inmigracion\/la-inmigracion-de-negocios\/visa-de-inversionista-eb-5\/#breadcrumb"},"inLanguage":"es","potentialAction":[{"@type":"ReadAction","target":["https:\/\/gldlaw.com\/es\/inmigracion\/la-inmigracion-de-negocios\/visa-de-inversionista-eb-5\/"]}]},{"@type":"ImageObject","inLanguage":"es","@id":"https:\/\/gldlaw.com\/es\/inmigracion\/la-inmigracion-de-negocios\/visa-de-inversionista-eb-5\/#primaryimage","url":"https:\/\/gldlaw.com\/wp-content\/uploads\/2021\/06\/EB5-Investor-Green-Card-Davis-Associates-1.png","contentUrl":"https:\/\/gldlaw.com\/wp-content\/uploads\/2021\/06\/EB5-Investor-Green-Card-Davis-Associates-1.png"},{"@type":"BreadcrumbList","@id":"https:\/\/gldlaw.com\/es\/inmigracion\/la-inmigracion-de-negocios\/visa-de-inversionista-eb-5\/#breadcrumb","itemListElement":[{"@type":"ListItem","position":1,"name":"Home","item":"https:\/\/gldlaw.com\/es\/"},{"@type":"ListItem","position":2,"name":"Areas de Pr\u00e1ctica","item":"https:\/\/gldlaw.com\/es\/inmigracion\/"},{"@type":"ListItem","position":3,"name":"Inmigraci\u00f3n de Negocio","item":"https:\/\/gldlaw.com\/es\/inmigracion\/la-inmigracion-de-negocios\/"},{"@type":"ListItem","position":4,"name":"Abogados de la Tarjeta Verde de Inversi\u00f3n Eb5 de Texas"}]},{"@type":"WebSite","@id":"https:\/\/gldlaw.com\/es\/#website","url":"https:\/\/gldlaw.com\/es\/","name":"Davis &amp; Associates","description":"Dallas \/ Fort Worth Immigration Attorney","potentialAction":[{"@type":"SearchAction","target":{"@type":"EntryPoint","urlTemplate":"https:\/\/gldlaw.com\/es\/?s={search_term_string}"},"query-input":{"@type":"PropertyValueSpecification","valueRequired":true,"valueName":"search_term_string"}}],"inLanguage":"es"}]}},"_links":{"self":[{"href":"https:\/\/gldlaw.com\/es\/wp-json\/wp\/v2\/pages\/9745","targetHints":{"allow":["GET"]}}],"collection":[{"href":"https:\/\/gldlaw.com\/es\/wp-json\/wp\/v2\/pages"}],"about":[{"href":"https:\/\/gldlaw.com\/es\/wp-json\/wp\/v2\/types\/page"}],"author":[{"embeddable":true,"href":"https:\/\/gldlaw.com\/es\/wp-json\/wp\/v2\/users\/18"}],"replies":[{"embeddable":true,"href":"https:\/\/gldlaw.com\/es\/wp-json\/wp\/v2\/comments?post=9745"}],"version-history":[{"count":10,"href":"https:\/\/gldlaw.com\/es\/wp-json\/wp\/v2\/pages\/9745\/revisions"}],"predecessor-version":[{"id":12082,"href":"https:\/\/gldlaw.com\/es\/wp-json\/wp\/v2\/pages\/9745\/revisions\/12082"}],"up":[{"embeddable":true,"href":"https:\/\/gldlaw.com\/es\/wp-json\/wp\/v2\/pages\/3412"}],"wp:attachment":[{"href":"https:\/\/gldlaw.com\/es\/wp-json\/wp\/v2\/media?parent=9745"}],"curies":[{"name":"wp","href":"https:\/\/api.w.org\/{rel}","templated":true}]}}