{"id":9760,"date":"2022-11-21T00:51:46","date_gmt":"2022-11-21T06:51:46","guid":{"rendered":"https:\/\/gldlaw.com\/es-usted-elegible-para-una-tarjeta-verde-prueba\/"},"modified":"2023-01-12T14:44:56","modified_gmt":"2023-01-12T20:44:56","slug":"es-usted-elegible-para-una-tarjeta-verde-prueba","status":"publish","type":"page","link":"https:\/\/gldlaw.com\/es\/es-usted-elegible-para-una-tarjeta-verde-prueba\/","title":{"rendered":"\u00bfEs usted elegible para una tarjeta verde? Prueba"},"content":{"rendered":"","protected":false},"excerpt":{"rendered":"","protected":false},"author":5,"featured_media":0,"parent":0,"menu_order":0,"comment_status":"closed","ping_status":"closed","template":"tpl-no-header-footer.php","meta":{"_monsterinsights_skip_tracking":false,"_monsterinsights_sitenote_active":false,"_monsterinsights_sitenote_note":"","_monsterinsights_sitenote_category":0,"footnotes":""},"class_list":["post-9760","page","type-page","status-publish","hentry"],"yoast_head":"<!-- This site is optimized with the Yoast SEO plugin v27.4 - https:\/\/yoast.com\/product\/yoast-seo-wordpress\/ -->\n<title>\u00bfEs usted elegible para una tarjeta verde? Prueba - Davis &amp; Associates<\/title>\n<meta name=\"description\" content=\"\u00bfEs usted elegible para una tarjeta verde? Desc\u00fabralo ahora respondiendo nuestro cuestionario r\u00e1pido sobre la tarjeta verde o ll\u00e1menos al 214-628-9888 para una consulta gratuita.\" \/>\n<meta name=\"robots\" content=\"index, follow, max-snippet:-1, max-image-preview:large, max-video-preview:-1\" \/>\n<link rel=\"canonical\" href=\"https:\/\/gldlaw.com\/are-you-eligible-for-a-green-card-quiz\/\" \/>\n<meta property=\"og:locale\" content=\"es_MX\" \/>\n<meta property=\"og:type\" content=\"article\" \/>\n<meta property=\"og:title\" content=\"\u00bfEs usted elegible para una tarjeta verde? Prueba - Davis &amp; Associates\" \/>\n<meta property=\"og:description\" content=\"\u00bfEs usted elegible para una tarjeta verde? Desc\u00fabralo ahora respondiendo nuestro cuestionario r\u00e1pido sobre la tarjeta verde o ll\u00e1menos al 214-628-9888 para una consulta gratuita.\" \/>\n<meta property=\"og:url\" content=\"https:\/\/gldlaw.com\/are-you-eligible-for-a-green-card-quiz\/\" \/>\n<meta property=\"og:site_name\" content=\"Davis &amp; Associates\" \/>\n<meta property=\"article:publisher\" content=\"https:\/\/www.facebook.com\/GLDavisandAssociates\/\" \/>\n<meta property=\"article:modified_time\" content=\"2023-01-12T20:44:56+00:00\" \/>\n<meta property=\"og:image\" content=\"https:\/\/gldlaw.com\/wp-content\/uploads\/2016\/09\/Attorney-At-Law-Mag-5.png\" \/>\n\t<meta property=\"og:image:width\" content=\"560\" \/>\n\t<meta property=\"og:image:height\" content=\"315\" \/>\n\t<meta property=\"og:image:type\" content=\"image\/png\" \/>\n<meta name=\"twitter:card\" content=\"summary_large_image\" \/>\n<meta name=\"twitter:site\" content=\"@GLD_Law\" \/>\n<script type=\"application\/ld+json\" class=\"yoast-schema-graph\">{\"@context\":\"https:\\\/\\\/schema.org\",\"@graph\":[{\"@type\":\"WebPage\",\"@id\":\"https:\\\/\\\/gldlaw.com\\\/are-you-eligible-for-a-green-card-quiz\\\/\",\"url\":\"https:\\\/\\\/gldlaw.com\\\/are-you-eligible-for-a-green-card-quiz\\\/\",\"name\":\"\u00bfEs usted elegible para una tarjeta verde? Prueba - Davis &amp; Associates\",\"isPartOf\":{\"@id\":\"https:\\\/\\\/gldlaw.com\\\/es\\\/#website\"},\"datePublished\":\"2022-11-21T06:51:46+00:00\",\"dateModified\":\"2023-01-12T20:44:56+00:00\",\"description\":\"\u00bfEs usted elegible para una tarjeta verde? Desc\u00fabralo ahora respondiendo nuestro cuestionario r\u00e1pido sobre la tarjeta verde o ll\u00e1menos al 214-628-9888 para una consulta gratuita.\",\"breadcrumb\":{\"@id\":\"https:\\\/\\\/gldlaw.com\\\/are-you-eligible-for-a-green-card-quiz\\\/#breadcrumb\"},\"inLanguage\":\"es\",\"potentialAction\":[{\"@type\":\"ReadAction\",\"target\":[\"https:\\\/\\\/gldlaw.com\\\/are-you-eligible-for-a-green-card-quiz\\\/\"]}]},{\"@type\":\"BreadcrumbList\",\"@id\":\"https:\\\/\\\/gldlaw.com\\\/are-you-eligible-for-a-green-card-quiz\\\/#breadcrumb\",\"itemListElement\":[{\"@type\":\"ListItem\",\"position\":1,\"name\":\"Home\",\"item\":\"https:\\\/\\\/gldlaw.com\\\/es\\\/\"},{\"@type\":\"ListItem\",\"position\":2,\"name\":\"\u00bfEs usted elegible para una tarjeta verde? Prueba\"}]},{\"@type\":\"WebSite\",\"@id\":\"https:\\\/\\\/gldlaw.com\\\/es\\\/#website\",\"url\":\"https:\\\/\\\/gldlaw.com\\\/es\\\/\",\"name\":\"Davis &amp; Associates\",\"description\":\"Dallas \\\/ Fort Worth Immigration Attorney\",\"potentialAction\":[{\"@type\":\"SearchAction\",\"target\":{\"@type\":\"EntryPoint\",\"urlTemplate\":\"https:\\\/\\\/gldlaw.com\\\/es\\\/?s={search_term_string}\"},\"query-input\":{\"@type\":\"PropertyValueSpecification\",\"valueRequired\":true,\"valueName\":\"search_term_string\"}}],\"inLanguage\":\"es\"}]}<\/script>\n<!-- \/ Yoast SEO plugin. -->","yoast_head_json":{"title":"\u00bfEs usted elegible para una tarjeta verde? Prueba - Davis &amp; Associates","description":"\u00bfEs usted elegible para una tarjeta verde? Desc\u00fabralo ahora respondiendo nuestro cuestionario r\u00e1pido sobre la tarjeta verde o ll\u00e1menos al 214-628-9888 para una consulta gratuita.","robots":{"index":"index","follow":"follow","max-snippet":"max-snippet:-1","max-image-preview":"max-image-preview:large","max-video-preview":"max-video-preview:-1"},"canonical":"https:\/\/gldlaw.com\/are-you-eligible-for-a-green-card-quiz\/","og_locale":"es_MX","og_type":"article","og_title":"\u00bfEs usted elegible para una tarjeta verde? Prueba - Davis &amp; Associates","og_description":"\u00bfEs usted elegible para una tarjeta verde? Desc\u00fabralo ahora respondiendo nuestro cuestionario r\u00e1pido sobre la tarjeta verde o ll\u00e1menos al 214-628-9888 para una consulta gratuita.","og_url":"https:\/\/gldlaw.com\/are-you-eligible-for-a-green-card-quiz\/","og_site_name":"Davis &amp; Associates","article_publisher":"https:\/\/www.facebook.com\/GLDavisandAssociates\/","article_modified_time":"2023-01-12T20:44:56+00:00","og_image":[{"width":560,"height":315,"url":"https:\/\/gldlaw.com\/wp-content\/uploads\/2016\/09\/Attorney-At-Law-Mag-5.png","type":"image\/png"}],"twitter_card":"summary_large_image","twitter_site":"@GLD_Law","schema":{"@context":"https:\/\/schema.org","@graph":[{"@type":"WebPage","@id":"https:\/\/gldlaw.com\/are-you-eligible-for-a-green-card-quiz\/","url":"https:\/\/gldlaw.com\/are-you-eligible-for-a-green-card-quiz\/","name":"\u00bfEs usted elegible para una tarjeta verde? Prueba - Davis &amp; Associates","isPartOf":{"@id":"https:\/\/gldlaw.com\/es\/#website"},"datePublished":"2022-11-21T06:51:46+00:00","dateModified":"2023-01-12T20:44:56+00:00","description":"\u00bfEs usted elegible para una tarjeta verde? Desc\u00fabralo ahora respondiendo nuestro cuestionario r\u00e1pido sobre la tarjeta verde o ll\u00e1menos al 214-628-9888 para una consulta gratuita.","breadcrumb":{"@id":"https:\/\/gldlaw.com\/are-you-eligible-for-a-green-card-quiz\/#breadcrumb"},"inLanguage":"es","potentialAction":[{"@type":"ReadAction","target":["https:\/\/gldlaw.com\/are-you-eligible-for-a-green-card-quiz\/"]}]},{"@type":"BreadcrumbList","@id":"https:\/\/gldlaw.com\/are-you-eligible-for-a-green-card-quiz\/#breadcrumb","itemListElement":[{"@type":"ListItem","position":1,"name":"Home","item":"https:\/\/gldlaw.com\/es\/"},{"@type":"ListItem","position":2,"name":"\u00bfEs usted elegible para una tarjeta verde? Prueba"}]},{"@type":"WebSite","@id":"https:\/\/gldlaw.com\/es\/#website","url":"https:\/\/gldlaw.com\/es\/","name":"Davis &amp; Associates","description":"Dallas \/ Fort Worth Immigration Attorney","potentialAction":[{"@type":"SearchAction","target":{"@type":"EntryPoint","urlTemplate":"https:\/\/gldlaw.com\/es\/?s={search_term_string}"},"query-input":{"@type":"PropertyValueSpecification","valueRequired":true,"valueName":"search_term_string"}}],"inLanguage":"es"}]}},"_links":{"self":[{"href":"https:\/\/gldlaw.com\/es\/wp-json\/wp\/v2\/pages\/9760","targetHints":{"allow":["GET"]}}],"collection":[{"href":"https:\/\/gldlaw.com\/es\/wp-json\/wp\/v2\/pages"}],"about":[{"href":"https:\/\/gldlaw.com\/es\/wp-json\/wp\/v2\/types\/page"}],"author":[{"embeddable":true,"href":"https:\/\/gldlaw.com\/es\/wp-json\/wp\/v2\/users\/5"}],"replies":[{"embeddable":true,"href":"https:\/\/gldlaw.com\/es\/wp-json\/wp\/v2\/comments?post=9760"}],"version-history":[{"count":1,"href":"https:\/\/gldlaw.com\/es\/wp-json\/wp\/v2\/pages\/9760\/revisions"}],"predecessor-version":[{"id":9761,"href":"https:\/\/gldlaw.com\/es\/wp-json\/wp\/v2\/pages\/9760\/revisions\/9761"}],"wp:attachment":[{"href":"https:\/\/gldlaw.com\/es\/wp-json\/wp\/v2\/media?parent=9760"}],"curies":[{"name":"wp","href":"https:\/\/api.w.org\/{rel}","templated":true}]}}