{"id":9807,"date":"2022-06-20T12:01:15","date_gmt":"2022-06-20T17:01:15","guid":{"rendered":"https:\/\/gldlaw.com\/inmigracion\/visas\/r-visas\/"},"modified":"2025-04-14T11:48:58","modified_gmt":"2025-04-14T16:48:58","slug":"la-guia-completa-de-visas-r","status":"publish","type":"page","link":"https:\/\/gldlaw.com\/es\/inmigracion\/visas\/la-guia-completa-de-visas-r\/","title":{"rendered":"C\u00f3mo Obtener Visas R para Trabajadores Religiosos en EE.UU."},"content":{"rendered":"\n\n\t<h1>La gu\u00eda completa sobre las visas R en Estados Unidos y Texas<\/h1>\n\t<p>Si usted es miembro de una denominaci\u00f3n religiosa que tiene una organizaci\u00f3n religiosa genuina sin fines de lucro en los Estados Unidos, y viene a los Estados Unidos temporalmente para trabajar como ministro o en una vocaci\u00f3n u ocupaci\u00f3n religiosa, puede ser elegible para una visa R-1.<\/p>\n<h2>\u00bfQu\u00e9 es una Visa R?<\/h2>\n<p>Las visas R son <a href=\"https:\/\/gldlaw.com\/es\/inmigracion\/visas\/\">nonimmigrant visas<\/a> disponible para trabajadores religiosos que deseen ingresar temporalmente a Estados Unidos para ejercer una profesi\u00f3n u ocupaci\u00f3n religiosa, o para realizar trabajo religioso temporal. Existen tres tipos de visas R:<\/p>\n\t\t\t\t<img loading=\"lazy\" decoding=\"async\" src=\"https:\/\/gldlaw.com\/wp-content\/uploads\/2022\/06\/R-Visas-with-Davis-Associates.png\" alt=\"R Visas with Davis &amp; Associates\" itemprop=\"image\" height=\"630\" width=\"1200\" title=\"R Visas with Davis &amp; Associates\" onerror=\"this.style.display='none'\"  \/>\n\t<ul>\n<li>Las visas R-1 est\u00e1n disponibles para trabajadores religiosos que deseen ingresar a Estados Unidos para ejercer una profesi\u00f3n u ocupaci\u00f3n religiosa de forma temporal.<\/li>\n<li>Las visas R-2 est\u00e1n disponibles para los c\u00f3nyuges e hijos solteros menores de 21 a\u00f1os de titulares de visas R-1.<\/li>\n<li>Las visas R-3 est\u00e1n disponibles para trabajadores religiosos que deseen ingresar a Estados Unidos temporalmente para realizar labores religiosas a tiempo parcial.<\/li>\n<\/ul>\n\t<h2><a href=\"https:\/\/www.gldlaw.com\/contact-us-for-a-free-consultation\/#~o4H7t91\">SCHEDULE YOUR <strong>FREE<\/strong> CONSULTATION TODAY \u00bb<\/a><\/h2>\n\t\t\t<a href=\"https:\/\/www.gldlaw.com\/contact-us-for-a-free-consultation\/\" target=\"_self\">\n\t\t\t\t\t\t\tGET STARTED &raquo;\n\t\t\t\t\t<\/a>\n<header>\n<h3><img loading=\"lazy\" decoding=\"async\" src=\"https:\/\/gldlaw.com\/wp-content\/uploads\/2022\/06\/R-Visa-Religious-Worker-Visas.png\" alt=\"R Visa - Religious Worker Visas\" width=\"502\" height=\"377\" \/>\u00bfQui\u00e9n califica para una Visa R?<\/h3>\n<p>Para calificar para una visa R, primero debe demostrar que es miembro de una denominaci\u00f3n religiosa que tenga una organizaci\u00f3n religiosa sin fines de lucro en Estados Unidos. Tambi\u00e9n debe venir a Estados Unidos temporalmente para trabajar como ministro o ejercer una profesi\u00f3n u ocupaci\u00f3n religiosa.<\/p>\n<p>Debe haber sido miembro de su denominaci\u00f3n religiosa durante al menos dos a\u00f1os inmediatamente antes de presentar la solicitud. Si viene a Estados Unidos para trabajar como ministro, debe estar autorizado por su denominaci\u00f3n religiosa para ejercer sus funciones religiosas.<\/p>\n<h3>\u00bfQu\u00e9 es una inspecci\u00f3n en el sitio realizada por USCIS?<\/h3>\n<p>U.S. Citizenship and Immigration Services (<a href=\"https:\/\/www.uscis.gov\/working-in-the-united-states\/temporary-workers\/r-1-nonimmigrant-religious-workers\">USCIS<\/a>) en ocasiones, el USCIS realiza inspecciones previas a la aprobaci\u00f3n antes de otorgar visas R. El motivo por el cual realiza estas inspecciones es determinar si la organizaci\u00f3n religiosa que busca emplear al titular de la visa R-1 es una organizaci\u00f3n religiosa genuina sin fines de lucro.<\/p>\n<p>Durante la inspecci\u00f3n, un funcionario del USCIS entrevistar\u00e1 a los funcionarios y empleados de la organizaci\u00f3n religiosa y recorrer\u00e1 sus instalaciones. El funcionario tambi\u00e9n revisar\u00e1 el acta constitutiva, los estatutos y su exenci\u00f3n de impuestos.<\/p>\n<h3>\u00bfCu\u00e1nto tiempo puede permanecer en EE. UU. con una visa R?<\/h3>\n<p>El titular de una visa R-1 puede permanecer en Estados Unidos hasta 30 meses. Los c\u00f3nyuges e hijos solteros de titulares de visas R-1 pueden permanecer en Estados Unidos durante el mismo per\u00edodo con una visa R-2. Los titulares de visas R-3 pueden permanecer en Estados Unidos hasta dos a\u00f1os.<\/p>\n<h3>\u00bfPuede extender su estad\u00eda en EE. UU. con una visa R?<\/h3>\n<p>S\u00ed, puede extender su estad\u00eda en Estados Unidos con una visa R. Para ello, debe presentar una solicitud ante el USCIS antes del vencimiento de su visa R. Si su solicitud es aprobada, puede permanecer en Estados Unidos 30 meses adicionales.<\/p>\n<h3>\u00bfNecesita un patrocinador para una visa R en Estados Unidos?<\/h3>\n<p>S\u00ed. Necesitar\u00e1 un patrocinador para solicitar una visa R en Estados Unidos. Su patrocinador debe ser una organizaci\u00f3n religiosa sin fines de lucro con una s\u00f3lida reputaci\u00f3n en Estados Unidos.<\/p>\n<h3>\u00bfCu\u00e1les son los requisitos para un patrocinador?<\/h3>\n<p>Para ser considerado patrocinador, su organizaci\u00f3n religiosa debe:<\/p>\n<ul>\n<li>Ser una organizaci\u00f3n religiosa sin fines de lucro en Estados Unidos.<\/li>\n<li>Tener un prop\u00f3sito religioso leg\u00edtimo.<\/li>\n<li>Tener una presencia religiosa aut\u00e9ntica en Estados Unidos.<\/li>\n<li>Poder demostrar que tiene la capacidad para pagar su salario.<\/li>\n<li>Estar registrado en el USCIS.<\/li>\n<\/ul>\n<h2>\u00bfPuede un abogado solicitar una visa R en su nombre?<\/h2>\n<p>Un abogado puede solicitar una visa R en su nombre. La ventaja de contar con un abogado que le ayude con su solicitud es que puede garantizar que est\u00e9 completa y sea precisa, y que cumpla con todos los requisitos para una visa R.<\/p>\n<p>Si le interesa venir a Estados Unidos con una visa R, o si forma parte de una organizaci\u00f3n religiosa que desea traer a un miembro extranjero de su grupo para trabajar en un \u00e1mbito religioso, podemos ayudarle. Llame a nuestra oficina hoy mismo para programar una consulta gratuita con un abogado de inmigraci\u00f3n que podr\u00e1 responder a todas sus preguntas y orientarle en el camino correcto.<\/p>\n<\/header>\n\t<h2><a href=\"https:\/\/www.gldlaw.com\/contact-us-for-a-free-consultation\/#~o4H7t91\">SCHEDULE YOUR <strong>FREE<\/strong> CONSULTATION TODAY \u00bb<\/a><\/h2>\n\t\t\t<a href=\"https:\/\/www.gldlaw.com\/contact-us-for-a-free-consultation\/\" target=\"_self\">\n\t\t\t\t\t\t\tGET STARTED &raquo;\n\t\t\t\t\t<\/a>\n\n","protected":false},"excerpt":{"rendered":"<p>La gu\u00eda completa sobre las visas R en Estados Unidos y Texas Si usted es miembro de una denominaci\u00f3n religiosa que tiene una organizaci\u00f3n religiosa genuina sin fines de lucro en los Estados Unidos, y viene a los Estados Unidos temporalmente para trabajar como ministro o en una vocaci\u00f3n u ocupaci\u00f3n religiosa, puede ser elegible&hellip;<\/p>\n","protected":false},"author":5,"featured_media":0,"parent":3427,"menu_order":0,"comment_status":"closed","ping_status":"closed","template":"","meta":{"_monsterinsights_skip_tracking":false,"_monsterinsights_sitenote_active":false,"_monsterinsights_sitenote_note":"","_monsterinsights_sitenote_category":0,"footnotes":""},"class_list":["post-9807","page","type-page","status-publish","hentry"],"yoast_head":"<!-- This site is optimized with the Yoast SEO plugin v27.4 - https:\/\/yoast.com\/product\/yoast-seo-wordpress\/ -->\n<title>La Gu\u00eda Completa De Visas R En Los Estados Unidos<\/title>\n<meta name=\"description\" content=\"\u00bfQu\u00e9 es una visa R y c\u00f3mo funciona? \u00bfEres elegible? Esta gu\u00eda explica las visas R para trabajadores religiosos no inmigrantes.\" \/>\n<meta name=\"robots\" content=\"index, follow, max-snippet:-1, max-image-preview:large, max-video-preview:-1\" \/>\n<link rel=\"canonical\" href=\"https:\/\/gldlaw.com\/es\/inmigracion\/visas\/la-guia-completa-de-visas-r\/\" \/>\n<meta property=\"og:locale\" content=\"es_MX\" \/>\n<meta property=\"og:type\" content=\"article\" \/>\n<meta property=\"og:title\" content=\"La Gu\u00eda Completa De Visas R En Los Estados Unidos\" \/>\n<meta property=\"og:description\" content=\"\u00bfQu\u00e9 es una visa R y c\u00f3mo funciona? \u00bfEres elegible? Esta gu\u00eda explica las visas R para trabajadores religiosos no inmigrantes.\" \/>\n<meta property=\"og:url\" content=\"https:\/\/gldlaw.com\/es\/inmigracion\/visas\/la-guia-completa-de-visas-r\/\" \/>\n<meta property=\"og:site_name\" content=\"Davis &amp; Associates\" \/>\n<meta property=\"article:publisher\" content=\"https:\/\/www.facebook.com\/GLDavisandAssociates\/\" \/>\n<meta property=\"article:modified_time\" content=\"2025-04-14T16:48:58+00:00\" \/>\n<meta property=\"og:image\" content=\"https:\/\/gldlaw.com\/wp-content\/uploads\/2022\/06\/R-Visas-with-Davis-Associates.png\" \/>\n<meta name=\"twitter:card\" content=\"summary_large_image\" \/>\n<meta name=\"twitter:site\" content=\"@GLD_Law\" \/>\n<meta name=\"twitter:label1\" content=\"Tiempo de lectura\" \/>\n\t<meta name=\"twitter:data1\" content=\"4 minutos\" \/>\n<script type=\"application\/ld+json\" class=\"yoast-schema-graph\">{\"@context\":\"https:\\\/\\\/schema.org\",\"@graph\":[{\"@type\":\"WebPage\",\"@id\":\"https:\\\/\\\/gldlaw.com\\\/es\\\/inmigracion\\\/visas\\\/la-guia-completa-de-visas-r\\\/\",\"url\":\"https:\\\/\\\/gldlaw.com\\\/es\\\/inmigracion\\\/visas\\\/la-guia-completa-de-visas-r\\\/\",\"name\":\"La Gu\u00eda Completa De Visas R En Los Estados Unidos\",\"isPartOf\":{\"@id\":\"https:\\\/\\\/gldlaw.com\\\/es\\\/#website\"},\"primaryImageOfPage\":{\"@id\":\"https:\\\/\\\/gldlaw.com\\\/es\\\/inmigracion\\\/visas\\\/la-guia-completa-de-visas-r\\\/#primaryimage\"},\"image\":{\"@id\":\"https:\\\/\\\/gldlaw.com\\\/es\\\/inmigracion\\\/visas\\\/la-guia-completa-de-visas-r\\\/#primaryimage\"},\"thumbnailUrl\":\"https:\\\/\\\/gldlaw.com\\\/wp-content\\\/uploads\\\/2022\\\/06\\\/R-Visas-with-Davis-Associates.png\",\"datePublished\":\"2022-06-20T17:01:15+00:00\",\"dateModified\":\"2025-04-14T16:48:58+00:00\",\"description\":\"\u00bfQu\u00e9 es una visa R y c\u00f3mo funciona? \u00bfEres elegible? Esta gu\u00eda explica las visas R para trabajadores religiosos no inmigrantes.\",\"breadcrumb\":{\"@id\":\"https:\\\/\\\/gldlaw.com\\\/es\\\/inmigracion\\\/visas\\\/la-guia-completa-de-visas-r\\\/#breadcrumb\"},\"inLanguage\":\"es\",\"potentialAction\":[{\"@type\":\"ReadAction\",\"target\":[\"https:\\\/\\\/gldlaw.com\\\/es\\\/inmigracion\\\/visas\\\/la-guia-completa-de-visas-r\\\/\"]}]},{\"@type\":\"ImageObject\",\"inLanguage\":\"es\",\"@id\":\"https:\\\/\\\/gldlaw.com\\\/es\\\/inmigracion\\\/visas\\\/la-guia-completa-de-visas-r\\\/#primaryimage\",\"url\":\"https:\\\/\\\/gldlaw.com\\\/wp-content\\\/uploads\\\/2022\\\/06\\\/R-Visas-with-Davis-Associates.png\",\"contentUrl\":\"https:\\\/\\\/gldlaw.com\\\/wp-content\\\/uploads\\\/2022\\\/06\\\/R-Visas-with-Davis-Associates.png\"},{\"@type\":\"BreadcrumbList\",\"@id\":\"https:\\\/\\\/gldlaw.com\\\/es\\\/inmigracion\\\/visas\\\/la-guia-completa-de-visas-r\\\/#breadcrumb\",\"itemListElement\":[{\"@type\":\"ListItem\",\"position\":1,\"name\":\"Home\",\"item\":\"https:\\\/\\\/gldlaw.com\\\/es\\\/\"},{\"@type\":\"ListItem\",\"position\":2,\"name\":\"Areas de Pr\u00e1ctica\",\"item\":\"https:\\\/\\\/gldlaw.com\\\/es\\\/inmigracion\\\/\"},{\"@type\":\"ListItem\",\"position\":3,\"name\":\"Inmigraci\u00f3n y Visas\",\"item\":\"https:\\\/\\\/gldlaw.com\\\/es\\\/inmigracion\\\/visas\\\/\"},{\"@type\":\"ListItem\",\"position\":4,\"name\":\"C\u00f3mo Obtener Visas R para Trabajadores Religiosos en EE.UU.\"}]},{\"@type\":\"WebSite\",\"@id\":\"https:\\\/\\\/gldlaw.com\\\/es\\\/#website\",\"url\":\"https:\\\/\\\/gldlaw.com\\\/es\\\/\",\"name\":\"Davis &amp; Associates\",\"description\":\"Dallas \\\/ Fort Worth Immigration Attorney\",\"potentialAction\":[{\"@type\":\"SearchAction\",\"target\":{\"@type\":\"EntryPoint\",\"urlTemplate\":\"https:\\\/\\\/gldlaw.com\\\/es\\\/?s={search_term_string}\"},\"query-input\":{\"@type\":\"PropertyValueSpecification\",\"valueRequired\":true,\"valueName\":\"search_term_string\"}}],\"inLanguage\":\"es\"}]}<\/script>\n<!-- \/ Yoast SEO plugin. -->","yoast_head_json":{"title":"La Gu\u00eda Completa De Visas R En Los Estados Unidos","description":"\u00bfQu\u00e9 es una visa R y c\u00f3mo funciona? \u00bfEres elegible? Esta gu\u00eda explica las visas R para trabajadores religiosos no inmigrantes.","robots":{"index":"index","follow":"follow","max-snippet":"max-snippet:-1","max-image-preview":"max-image-preview:large","max-video-preview":"max-video-preview:-1"},"canonical":"https:\/\/gldlaw.com\/es\/inmigracion\/visas\/la-guia-completa-de-visas-r\/","og_locale":"es_MX","og_type":"article","og_title":"La Gu\u00eda Completa De Visas R En Los Estados Unidos","og_description":"\u00bfQu\u00e9 es una visa R y c\u00f3mo funciona? \u00bfEres elegible? Esta gu\u00eda explica las visas R para trabajadores religiosos no inmigrantes.","og_url":"https:\/\/gldlaw.com\/es\/inmigracion\/visas\/la-guia-completa-de-visas-r\/","og_site_name":"Davis &amp; Associates","article_publisher":"https:\/\/www.facebook.com\/GLDavisandAssociates\/","article_modified_time":"2025-04-14T16:48:58+00:00","og_image":[{"url":"https:\/\/gldlaw.com\/wp-content\/uploads\/2022\/06\/R-Visas-with-Davis-Associates.png","type":"","width":"","height":""}],"twitter_card":"summary_large_image","twitter_site":"@GLD_Law","twitter_misc":{"Tiempo de lectura":"4 minutos"},"schema":{"@context":"https:\/\/schema.org","@graph":[{"@type":"WebPage","@id":"https:\/\/gldlaw.com\/es\/inmigracion\/visas\/la-guia-completa-de-visas-r\/","url":"https:\/\/gldlaw.com\/es\/inmigracion\/visas\/la-guia-completa-de-visas-r\/","name":"La Gu\u00eda Completa De Visas R En Los Estados Unidos","isPartOf":{"@id":"https:\/\/gldlaw.com\/es\/#website"},"primaryImageOfPage":{"@id":"https:\/\/gldlaw.com\/es\/inmigracion\/visas\/la-guia-completa-de-visas-r\/#primaryimage"},"image":{"@id":"https:\/\/gldlaw.com\/es\/inmigracion\/visas\/la-guia-completa-de-visas-r\/#primaryimage"},"thumbnailUrl":"https:\/\/gldlaw.com\/wp-content\/uploads\/2022\/06\/R-Visas-with-Davis-Associates.png","datePublished":"2022-06-20T17:01:15+00:00","dateModified":"2025-04-14T16:48:58+00:00","description":"\u00bfQu\u00e9 es una visa R y c\u00f3mo funciona? \u00bfEres elegible? Esta gu\u00eda explica las visas R para trabajadores religiosos no inmigrantes.","breadcrumb":{"@id":"https:\/\/gldlaw.com\/es\/inmigracion\/visas\/la-guia-completa-de-visas-r\/#breadcrumb"},"inLanguage":"es","potentialAction":[{"@type":"ReadAction","target":["https:\/\/gldlaw.com\/es\/inmigracion\/visas\/la-guia-completa-de-visas-r\/"]}]},{"@type":"ImageObject","inLanguage":"es","@id":"https:\/\/gldlaw.com\/es\/inmigracion\/visas\/la-guia-completa-de-visas-r\/#primaryimage","url":"https:\/\/gldlaw.com\/wp-content\/uploads\/2022\/06\/R-Visas-with-Davis-Associates.png","contentUrl":"https:\/\/gldlaw.com\/wp-content\/uploads\/2022\/06\/R-Visas-with-Davis-Associates.png"},{"@type":"BreadcrumbList","@id":"https:\/\/gldlaw.com\/es\/inmigracion\/visas\/la-guia-completa-de-visas-r\/#breadcrumb","itemListElement":[{"@type":"ListItem","position":1,"name":"Home","item":"https:\/\/gldlaw.com\/es\/"},{"@type":"ListItem","position":2,"name":"Areas de Pr\u00e1ctica","item":"https:\/\/gldlaw.com\/es\/inmigracion\/"},{"@type":"ListItem","position":3,"name":"Inmigraci\u00f3n y Visas","item":"https:\/\/gldlaw.com\/es\/inmigracion\/visas\/"},{"@type":"ListItem","position":4,"name":"C\u00f3mo Obtener Visas R para Trabajadores Religiosos en EE.UU."}]},{"@type":"WebSite","@id":"https:\/\/gldlaw.com\/es\/#website","url":"https:\/\/gldlaw.com\/es\/","name":"Davis &amp; Associates","description":"Dallas \/ Fort Worth Immigration Attorney","potentialAction":[{"@type":"SearchAction","target":{"@type":"EntryPoint","urlTemplate":"https:\/\/gldlaw.com\/es\/?s={search_term_string}"},"query-input":{"@type":"PropertyValueSpecification","valueRequired":true,"valueName":"search_term_string"}}],"inLanguage":"es"}]}},"_links":{"self":[{"href":"https:\/\/gldlaw.com\/es\/wp-json\/wp\/v2\/pages\/9807","targetHints":{"allow":["GET"]}}],"collection":[{"href":"https:\/\/gldlaw.com\/es\/wp-json\/wp\/v2\/pages"}],"about":[{"href":"https:\/\/gldlaw.com\/es\/wp-json\/wp\/v2\/types\/page"}],"author":[{"embeddable":true,"href":"https:\/\/gldlaw.com\/es\/wp-json\/wp\/v2\/users\/5"}],"replies":[{"embeddable":true,"href":"https:\/\/gldlaw.com\/es\/wp-json\/wp\/v2\/comments?post=9807"}],"version-history":[{"count":8,"href":"https:\/\/gldlaw.com\/es\/wp-json\/wp\/v2\/pages\/9807\/revisions"}],"predecessor-version":[{"id":12161,"href":"https:\/\/gldlaw.com\/es\/wp-json\/wp\/v2\/pages\/9807\/revisions\/12161"}],"up":[{"embeddable":true,"href":"https:\/\/gldlaw.com\/es\/wp-json\/wp\/v2\/pages\/3427"}],"wp:attachment":[{"href":"https:\/\/gldlaw.com\/es\/wp-json\/wp\/v2\/media?parent=9807"}],"curies":[{"name":"wp","href":"https:\/\/api.w.org\/{rel}","templated":true}]}}