{"id":9810,"date":"2022-12-01T11:58:34","date_gmt":"2022-12-01T17:58:34","guid":{"rendered":"https:\/\/gldlaw.com\/inmigracion\/refugee-lawyer\/"},"modified":"2024-06-06T10:21:49","modified_gmt":"2024-06-06T15:21:49","slug":"abogado-de-refugiados","status":"publish","type":"page","link":"https:\/\/gldlaw.com\/es\/inmigracion\/abogado-de-refugiados\/","title":{"rendered":"Abogado de Refugiados"},"content":{"rendered":"\n\n\t<h1>Abogado De Refugiados en Texas<\/h1>\n\t<h2>ABOGADOS DE REFUGIADOS DE HOUSTON Y DALLAS<\/h2>\n<p>\u00bfEs usted un miembro de la familia de alguien que ha huido recientemente de su pa\u00eds de origen para escapar de la persecuci\u00f3n?<\/p>\n<p>Si es as\u00ed, es posible que se pregunte qu\u00e9 implicar\u00e1 el proceso de buscar refugio en los Estados Unidos. Afortunadamente, hay expertos disponibles para ayudarlo a guiarlo a trav\u00e9s del complejo proceso legal.<\/p>\n\t\t\t\t<img loading=\"lazy\" decoding=\"async\" src=\"https:\/\/gldlaw.com\/wp-content\/uploads\/2022\/12\/ABOGADOS-DE-REFUGIADOS-DE-HOUSTON-Y-DALLAS-Davis-Associates.png\" alt=\"ABOGADOS DE REFUGIADOS DE HOUSTON Y DALLAS - Davis &amp; Associates\" itemprop=\"image\" height=\"630\" width=\"1200\" title=\"ABOGADOS DE REFUGIADOS DE HOUSTON Y DALLAS - Davis &amp; Associates\" onerror=\"this.style.display='none'\"  \/>\n\t<p>Davis &amp; Associates, abogados de refugiados de Texas, pueden brindarle apoyo y asesoramiento vitales mientras trabaja para garantizar la seguridad de su ser querido. Con su ayuda, puede sentirse seguro de que su pariente est\u00e1 teniendo la mejor oportunidad posible de una nueva vida.<\/p>\n<h2>\u00bfQu\u00e9 es el estatus de refugiado?<\/h2>\n<p><a href=\"https:\/\/www.uscis.gov\/humanitarian\/refugees-asylum\">El estatus de refugiado se<\/a> puede otorgar a alguien que se encuentra fuera de los Estados Unidos y busca entrada legal y protecci\u00f3n en los Estados Unidos debido a la persecuci\u00f3n o el temor de ser perseguido en su pa\u00eds de origen. La persecuci\u00f3n puede deberse a la raza, nacionalidad, creencias religiosas, opini\u00f3n pol\u00edtica o pertenencia a un determinado grupo social. Los grupos perseguidos pueden ser presionados para unirse a militantes o bandas violentas y ser amenazados de muerte si se niegan.<\/p>\n<h3>\u00bfQui\u00e9n califica para el estatus de refugiado?<\/h3>\n<p>You debe estar ubicado fuera de los EE. UU. para \u00a0ser considerado para el estatuto de refugiado. No todas lascondiciones adversas en \u00a0su pa\u00eds de origen lo califican para el reasentamiento en los Estados Unidos. Por ejemplo, si huy\u00f3 de su pa\u00eds debido a un desastre natural o una guerra civil, es posible que no sea elegible. \u00a0No se le considerar\u00e1si particip\u00f3 en la persecuci\u00f3n o da\u00f1o de \u00a0otros de ninguna manera.<\/p>\n\t<h2><a href=\"https:\/\/www.gldlaw.com\/contact-us-for-a-free-consultation\/#~o4H7t91\">SCHEDULE YOUR <strong>FREE<\/strong> CONSULTATION TODAY \u00bb<\/a><\/h2>\n\t\t\t<a href=\"https:\/\/www.gldlaw.com\/contact-us-for-a-free-consultation\/\" target=\"_self\" role=\"button\" rel=\"noopener\">\n\t\t\t\t\t\t\tGET STARTED &raquo;\n\t\t\t\t\t<\/a>\n\t\t\t\t<img loading=\"lazy\" decoding=\"async\" src=\"https:\/\/gldlaw.com\/wp-content\/uploads\/2022\/12\/Abogado-de-refugiados-Davis-Associates.png\" alt=\"Abogado de refugiados - Davis &amp; Associates\" itemprop=\"image\" height=\"750\" width=\"1000\" title=\"Abogado de refugiados - Davis &amp; Associates\" onerror=\"this.style.display='none'\"  \/>\n\t<h2>C\u00f3mo se solicita el estatus de refugiado?<\/h2>\n<p>Si est\u00e1 buscando refugio en los EE. UU., primero debe \u00a0obtener una referencia a los EE. UU.<\/p>\n<p>Se \u00a0considerar\u00e1 el P rogram de admisi\u00f3n de refugiados (USRAP). Una vez que tenga una referencia, deber\u00e1 completar una solicitud de estatus de refugiado y se le brindar\u00e1 asistencia.<\/p>\n<p>Luego ser\u00e1 entrevistado por un oficial de USCIS que decidir\u00e1 si califica o no para el reasentamiento en los Estados Unidos como refugiado. Si se le otorga el estatus de refugiado, se le emitir\u00e1 el <a href=\"https:\/\/gldlaw.com\/immigration\/form-i-94\/\"  data-wpil-monitor-id=\"5\">Formulario I-94<\/a>, que le otorga un a\u00f1o de residencia legal en los Estados Unidos.<\/p>\n\t<h3>\u00bfPuede su familia venir con usted si usted es un refugiado en los Estados Unidos?<\/h3>\n<p>Su c\u00f3nyuge e hijos solteros menores de 21 a\u00f1os \u00a0que viven en el extranjero pueden reunirse con usted en los Estados Unidos. Para hacerlo, debe presentar el Formulario I-730 dentro de dos a\u00f1osdespu\u00e9s de llegar a los EE. UU.<\/p>\n<p>Si su c\u00f3nyuge,hijos solteros menores de \u00a021 a\u00f1os o sus padres son refugiados fuera de los Estados Unidos, es posible que pueda reunirse con ellos en suelo estadounidense a trav\u00e9s del Programa de Admisi\u00f3n de Refugiados de los Estados Unidos. Para iniciar el proceso \u00a0de solicitud \u00a0para que sus familiares elegibles vengan a los Estados Unidos como refugiados, \u00a0debe \u00a0presentar lo que se conoce como una Declaraci\u00f3n Jurada de Relaci\u00f3n, que documenta la informaci\u00f3n sobre sus relaciones familiares.<\/p>\n<h3>\u00a0\u00bfCu\u00e1nto tiempo puede permaneceren los Estados Unidos comorefugiado?<\/h3>\n<p>Despu\u00e9s deun a\u00f1o como refugiado en los Estados Unidos. \u00a0Usted puede solicitar convertirse en un residente permanente legal, que es obtener su<a href=\"https:\/\/gldlaw.com\/es\/inmigracion\/tarjeta-verdes\/\"> tarjeta verde<\/a>. \u00a0Aqu\u00ed est\u00e1 la documentaci\u00f3n y la evidencia que necesitar\u00e1 para aplicar:<\/p>\n<ul>\n<li>Formulario I-485 (Esta es su solicitud para convertirse en residente permanente legal. Aser un refugiado, no tiene que pagar la tarifa de presentaci\u00f3n de este formulario, o la tarifa por servicios biom\u00e9tricos)<\/li>\n<li>Una copia del Formulario I-94, que muestrael techo de su admisi\u00f3n a los Estados Unidos como refugiado<\/li>\n<li>Evidencia de que ha estado viviendo en los Estados Unidos durante un a\u00f1o<\/li>\n<li>Ynuestro certificado de nacimiento, si est\u00e1 disponible<\/li>\n<li>Una copia de su documento de identidadcon foto (emitido por el gobierno)<\/li>\n<li>Dos fotograf\u00edas que te muestran mirando hacia el frente y mirando hacia adelante (estilo pasaporte)<\/li>\n<li>Formulario I-693 (examen m\u00e9dico e informe de registro de vacunaci\u00f3n )<\/li>\n<\/ul>\n<h3>\u00bfTrabajassi eres un refugiado?<\/h3>\n<p>S\u00ed, puede trabajar inmediatamente despu\u00e9s de llegar a los EE. UU. Despu\u00e9s de que \u00a0se le otorgue el estatus de refugiado, \u00a0\u00a0recibir\u00e1 Form I-94, y puede usarlo para mostrarle a un posible empleador que est\u00e1 aprobado para trabajar en los Estados Unidos. Se presentar\u00e1 una solicitud deautorizaci\u00f3n de empleo (Formulario I-765) en sunombre para que pueda obtener un Documento de Autorizaci\u00f3n de Empleo (EAD).<\/p>\n<h3>\u00bfPuedes convertirte en ciudadano si eres un refugiado?<\/h3>\n<p>Despu\u00e9s de vivir en los Estados Unidos con una residencia permanente durante cinco a\u00f1os, puede solicitar los Estados Unidos. \u00a0ciudadan\u00eda. \u00a0El USCIS le permitir\u00e1 solicitar la ciudadan\u00eda 90 d\u00edas antes de alcanzar el requisito de 5 a\u00f1os. \u00a0Para determinar su fecha de presentaci\u00f3n anticipada, \u00a0simplemente cuente hacia atr\u00e1s 90 d\u00edas calendar desde el aniversario de 5 a\u00f1os de la fecha de \u00a0admisi\u00f3n \u00a0en su tarjeta verde.<\/p>\n<h2>\u00bfCu\u00e1l es la diferencia entre el estatus de refugiado y el asilo?<\/h2>\n<p>LosR efugees son personas que \u00a0se encuentran fuera de los Estados Unidos en el momento en que solicitan la entrada y protecci\u00f3n. <a href=\"https:\/\/gldlaw.com\/es\/inmigracion\/asilo\/\">\u00a0Los solicitantes de asilo<\/a> ya est\u00e1n f\u00edsicamente en los Estados Unidos. S. , o en un puerto de entrada de los Estados Unidos \u00a0, y est\u00e1n solicitando permiso para quedarse. La elegibilidad para que se le otorgue protecci\u00f3n y residencia, y los \u00a0beneficios que resultan, son los mismos en ambos casos. \u00a0A diferencia de un refugiado, \u00a0un asilado no tiene que solicitar un Green Card despu\u00e9s \u00a0de una\u00f1o de vivir en los Estados Unidos.<\/p>\n<h2>\u00bfNecesita hablar con un abogado de refugiados?<\/h2>\n<p>Si est\u00e1 pensando en solicitar al gobierno de los Estados Unidos el estatus de refugiado, es posible que podamos ayudarlo. \u00a0Nuestros abogados con experiencia en refugiados ofrecen <a href=\"https:\/\/gldlaw.com\/es\/contacto\/\">consultas gratuitas<\/a> y pueden brindarle el asesoramiento legal que necesita para comenzar a avanzar en la direcci\u00f3n correcta.<\/p>\n\t<h2><a href=\"https:\/\/www.gldlaw.com\/contact-us-for-a-free-consultation\/#~o4H7t91\">SCHEDULE YOUR <strong>FREE<\/strong> CONSULTATION TODAY \u00bb<\/a><\/h2>\n\t\t\t<a href=\"https:\/\/www.gldlaw.com\/contact-us-for-a-free-consultation\/\" target=\"_self\" role=\"button\" rel=\"noopener\">\n\t\t\t\t\t\t\tGET STARTED &raquo;\n\t\t\t\t\t<\/a>\n\n","protected":false},"excerpt":{"rendered":"<p>Abogado De Refugiados en Texas ABOGADOS DE REFUGIADOS DE HOUSTON Y DALLAS \u00bfEs usted un miembro de la familia de alguien que ha huido recientemente de su pa\u00eds de origen para escapar de la persecuci\u00f3n? Si es as\u00ed, es posible que se pregunte qu\u00e9 implicar\u00e1 el proceso de buscar refugio en los Estados Unidos. Afortunadamente,&hellip;<\/p>\n","protected":false},"author":5,"featured_media":0,"parent":3409,"menu_order":0,"comment_status":"closed","ping_status":"closed","template":"","meta":{"_monsterinsights_skip_tracking":false,"_monsterinsights_sitenote_active":false,"_monsterinsights_sitenote_note":"","_monsterinsights_sitenote_category":0,"footnotes":""},"class_list":["post-9810","page","type-page","status-publish","hentry"],"yoast_head":"<!-- This site is optimized with the Yoast SEO plugin v27.6 - https:\/\/yoast.com\/product\/yoast-seo-wordpress\/ -->\n<title>Abogado de Refugiados | Davis &amp; Associates<\/title>\n<meta name=\"description\" content=\"Si usted o un miembro de su familia necesitan servicios de abogados refugiados en Houston y Dallas, elija Davis &amp; Associates.\" \/>\n<meta name=\"robots\" content=\"index, follow, max-snippet:-1, max-image-preview:large, max-video-preview:-1\" \/>\n<link rel=\"canonical\" href=\"https:\/\/gldlaw.com\/immigration\/refugee-lawyer\/\" \/>\n<meta property=\"og:locale\" content=\"es_MX\" \/>\n<meta property=\"og:type\" content=\"article\" \/>\n<meta property=\"og:title\" content=\"Abogado de Refugiados | Davis &amp; Associates\" \/>\n<meta property=\"og:description\" content=\"Si usted o un miembro de su familia necesitan servicios de abogados refugiados en Houston y Dallas, elija Davis &amp; Associates.\" \/>\n<meta property=\"og:url\" content=\"https:\/\/gldlaw.com\/immigration\/refugee-lawyer\/\" \/>\n<meta property=\"og:site_name\" content=\"Davis &amp; Associates\" \/>\n<meta property=\"article:publisher\" content=\"https:\/\/www.facebook.com\/GLDavisandAssociates\/\" \/>\n<meta property=\"article:modified_time\" content=\"2024-06-06T15:21:49+00:00\" \/>\n<meta property=\"og:image\" content=\"https:\/\/gldlaw.com\/wp-content\/uploads\/2022\/12\/ABOGADOS-DE-REFUGIADOS-DE-HOUSTON-Y-DALLAS-Davis-Associates.png\" \/>\n<meta name=\"twitter:card\" content=\"summary_large_image\" \/>\n<meta name=\"twitter:site\" content=\"@GLD_Law\" \/>\n<meta name=\"twitter:label1\" content=\"Tiempo de lectura\" \/>\n\t<meta name=\"twitter:data1\" content=\"5 minutos\" \/>\n<script type=\"application\/ld+json\" class=\"yoast-schema-graph\">{\"@context\":\"https:\\\/\\\/schema.org\",\"@graph\":[{\"@type\":\"WebPage\",\"@id\":\"https:\\\/\\\/gldlaw.com\\\/immigration\\\/refugee-lawyer\\\/\",\"url\":\"https:\\\/\\\/gldlaw.com\\\/immigration\\\/refugee-lawyer\\\/\",\"name\":\"Abogado de Refugiados | Davis & Associates\",\"isPartOf\":{\"@id\":\"https:\\\/\\\/gldlaw.com\\\/es\\\/#website\"},\"primaryImageOfPage\":{\"@id\":\"https:\\\/\\\/gldlaw.com\\\/immigration\\\/refugee-lawyer\\\/#primaryimage\"},\"image\":{\"@id\":\"https:\\\/\\\/gldlaw.com\\\/immigration\\\/refugee-lawyer\\\/#primaryimage\"},\"thumbnailUrl\":\"https:\\\/\\\/gldlaw.com\\\/wp-content\\\/uploads\\\/2022\\\/12\\\/ABOGADOS-DE-REFUGIADOS-DE-HOUSTON-Y-DALLAS-Davis-Associates.png\",\"datePublished\":\"2022-12-01T17:58:34+00:00\",\"dateModified\":\"2024-06-06T15:21:49+00:00\",\"description\":\"Si usted o un miembro de su familia necesitan servicios de abogados refugiados en Houston y Dallas, elija Davis & Associates.\",\"breadcrumb\":{\"@id\":\"https:\\\/\\\/gldlaw.com\\\/immigration\\\/refugee-lawyer\\\/#breadcrumb\"},\"inLanguage\":\"es\",\"potentialAction\":[{\"@type\":\"ReadAction\",\"target\":[\"https:\\\/\\\/gldlaw.com\\\/immigration\\\/refugee-lawyer\\\/\"]}]},{\"@type\":\"ImageObject\",\"inLanguage\":\"es\",\"@id\":\"https:\\\/\\\/gldlaw.com\\\/immigration\\\/refugee-lawyer\\\/#primaryimage\",\"url\":\"https:\\\/\\\/gldlaw.com\\\/wp-content\\\/uploads\\\/2022\\\/12\\\/ABOGADOS-DE-REFUGIADOS-DE-HOUSTON-Y-DALLAS-Davis-Associates.png\",\"contentUrl\":\"https:\\\/\\\/gldlaw.com\\\/wp-content\\\/uploads\\\/2022\\\/12\\\/ABOGADOS-DE-REFUGIADOS-DE-HOUSTON-Y-DALLAS-Davis-Associates.png\"},{\"@type\":\"BreadcrumbList\",\"@id\":\"https:\\\/\\\/gldlaw.com\\\/immigration\\\/refugee-lawyer\\\/#breadcrumb\",\"itemListElement\":[{\"@type\":\"ListItem\",\"position\":1,\"name\":\"Home\",\"item\":\"https:\\\/\\\/gldlaw.com\\\/es\\\/\"},{\"@type\":\"ListItem\",\"position\":2,\"name\":\"Areas de Pr\u00e1ctica\",\"item\":\"https:\\\/\\\/gldlaw.com\\\/es\\\/inmigracion\\\/\"},{\"@type\":\"ListItem\",\"position\":3,\"name\":\"Abogado de Refugiados\"}]},{\"@type\":\"WebSite\",\"@id\":\"https:\\\/\\\/gldlaw.com\\\/es\\\/#website\",\"url\":\"https:\\\/\\\/gldlaw.com\\\/es\\\/\",\"name\":\"Davis &amp; Associates\",\"description\":\"Dallas \\\/ Fort Worth Immigration Attorney\",\"potentialAction\":[{\"@type\":\"SearchAction\",\"target\":{\"@type\":\"EntryPoint\",\"urlTemplate\":\"https:\\\/\\\/gldlaw.com\\\/es\\\/?s={search_term_string}\"},\"query-input\":{\"@type\":\"PropertyValueSpecification\",\"valueRequired\":true,\"valueName\":\"search_term_string\"}}],\"inLanguage\":\"es\"}]}<\/script>\n<!-- \/ Yoast SEO plugin. -->","yoast_head_json":{"title":"Abogado de Refugiados | Davis & Associates","description":"Si usted o un miembro de su familia necesitan servicios de abogados refugiados en Houston y Dallas, elija Davis & Associates.","robots":{"index":"index","follow":"follow","max-snippet":"max-snippet:-1","max-image-preview":"max-image-preview:large","max-video-preview":"max-video-preview:-1"},"canonical":"https:\/\/gldlaw.com\/immigration\/refugee-lawyer\/","og_locale":"es_MX","og_type":"article","og_title":"Abogado de Refugiados | Davis & Associates","og_description":"Si usted o un miembro de su familia necesitan servicios de abogados refugiados en Houston y Dallas, elija Davis & Associates.","og_url":"https:\/\/gldlaw.com\/immigration\/refugee-lawyer\/","og_site_name":"Davis &amp; Associates","article_publisher":"https:\/\/www.facebook.com\/GLDavisandAssociates\/","article_modified_time":"2024-06-06T15:21:49+00:00","og_image":[{"url":"https:\/\/gldlaw.com\/wp-content\/uploads\/2022\/12\/ABOGADOS-DE-REFUGIADOS-DE-HOUSTON-Y-DALLAS-Davis-Associates.png","type":"","width":"","height":""}],"twitter_card":"summary_large_image","twitter_site":"@GLD_Law","twitter_misc":{"Tiempo de lectura":"5 minutos"},"schema":{"@context":"https:\/\/schema.org","@graph":[{"@type":"WebPage","@id":"https:\/\/gldlaw.com\/immigration\/refugee-lawyer\/","url":"https:\/\/gldlaw.com\/immigration\/refugee-lawyer\/","name":"Abogado de Refugiados | Davis & Associates","isPartOf":{"@id":"https:\/\/gldlaw.com\/es\/#website"},"primaryImageOfPage":{"@id":"https:\/\/gldlaw.com\/immigration\/refugee-lawyer\/#primaryimage"},"image":{"@id":"https:\/\/gldlaw.com\/immigration\/refugee-lawyer\/#primaryimage"},"thumbnailUrl":"https:\/\/gldlaw.com\/wp-content\/uploads\/2022\/12\/ABOGADOS-DE-REFUGIADOS-DE-HOUSTON-Y-DALLAS-Davis-Associates.png","datePublished":"2022-12-01T17:58:34+00:00","dateModified":"2024-06-06T15:21:49+00:00","description":"Si usted o un miembro de su familia necesitan servicios de abogados refugiados en Houston y Dallas, elija Davis & Associates.","breadcrumb":{"@id":"https:\/\/gldlaw.com\/immigration\/refugee-lawyer\/#breadcrumb"},"inLanguage":"es","potentialAction":[{"@type":"ReadAction","target":["https:\/\/gldlaw.com\/immigration\/refugee-lawyer\/"]}]},{"@type":"ImageObject","inLanguage":"es","@id":"https:\/\/gldlaw.com\/immigration\/refugee-lawyer\/#primaryimage","url":"https:\/\/gldlaw.com\/wp-content\/uploads\/2022\/12\/ABOGADOS-DE-REFUGIADOS-DE-HOUSTON-Y-DALLAS-Davis-Associates.png","contentUrl":"https:\/\/gldlaw.com\/wp-content\/uploads\/2022\/12\/ABOGADOS-DE-REFUGIADOS-DE-HOUSTON-Y-DALLAS-Davis-Associates.png"},{"@type":"BreadcrumbList","@id":"https:\/\/gldlaw.com\/immigration\/refugee-lawyer\/#breadcrumb","itemListElement":[{"@type":"ListItem","position":1,"name":"Home","item":"https:\/\/gldlaw.com\/es\/"},{"@type":"ListItem","position":2,"name":"Areas de Pr\u00e1ctica","item":"https:\/\/gldlaw.com\/es\/inmigracion\/"},{"@type":"ListItem","position":3,"name":"Abogado de Refugiados"}]},{"@type":"WebSite","@id":"https:\/\/gldlaw.com\/es\/#website","url":"https:\/\/gldlaw.com\/es\/","name":"Davis &amp; Associates","description":"Dallas \/ Fort Worth Immigration Attorney","potentialAction":[{"@type":"SearchAction","target":{"@type":"EntryPoint","urlTemplate":"https:\/\/gldlaw.com\/es\/?s={search_term_string}"},"query-input":{"@type":"PropertyValueSpecification","valueRequired":true,"valueName":"search_term_string"}}],"inLanguage":"es"}]}},"_links":{"self":[{"href":"https:\/\/gldlaw.com\/es\/wp-json\/wp\/v2\/pages\/9810","targetHints":{"allow":["GET"]}}],"collection":[{"href":"https:\/\/gldlaw.com\/es\/wp-json\/wp\/v2\/pages"}],"about":[{"href":"https:\/\/gldlaw.com\/es\/wp-json\/wp\/v2\/types\/page"}],"author":[{"embeddable":true,"href":"https:\/\/gldlaw.com\/es\/wp-json\/wp\/v2\/users\/5"}],"replies":[{"embeddable":true,"href":"https:\/\/gldlaw.com\/es\/wp-json\/wp\/v2\/comments?post=9810"}],"version-history":[{"count":4,"href":"https:\/\/gldlaw.com\/es\/wp-json\/wp\/v2\/pages\/9810\/revisions"}],"predecessor-version":[{"id":11064,"href":"https:\/\/gldlaw.com\/es\/wp-json\/wp\/v2\/pages\/9810\/revisions\/11064"}],"up":[{"embeddable":true,"href":"https:\/\/gldlaw.com\/es\/wp-json\/wp\/v2\/pages\/3409"}],"wp:attachment":[{"href":"https:\/\/gldlaw.com\/es\/wp-json\/wp\/v2\/media?parent=9810"}],"curies":[{"name":"wp","href":"https:\/\/api.w.org\/{rel}","templated":true}]}}