{"id":9827,"date":"2022-12-01T12:46:02","date_gmt":"2022-12-01T18:46:02","guid":{"rendered":"https:\/\/gldlaw.com\/inmigracion\/lawyers-for-tps\/"},"modified":"2025-04-21T14:44:05","modified_gmt":"2025-04-21T19:44:05","slug":"abogados-para-tps","status":"publish","type":"page","link":"https:\/\/gldlaw.com\/es\/inmigracion\/abogados-para-tps\/","title":{"rendered":"Abogados de Inmigraci\u00f3n con Experiencia para TPS"},"content":{"rendered":"\r\n<h1>Abogados De Inmigraci\u00f3n Con Experiencia Para TPS<\/h1>\r\n<h2>ABOGADOS DE TPS EN HOUSTON Y DALLAS<\/h2>\r\n<p>Los pa\u00edses que experimentan condiciones adversas, como un desastre natural, una epidemia, un conflicto armado u otra situaci\u00f3n inusual, pueden ser inseguros y no estar equipados para manejar a sus nacionales que regresan.<\/p>\r\n<p>Estos pa\u00edses debenser designados para el Temporary Protected Status (TPS).<\/p>\r\n<p><img loading=\"lazy\" decoding=\"async\" title=\"Experienced Immigration Lawyers for TPS - Davis &amp; Associates\" src=\"https:\/\/gldlaw.com\/wp-content\/uploads\/2022\/12\/Experienced-Immigration-Lawyers-for-TPS-Davis-Associates.png\" alt=\"Experienced Immigration Lawyers for TPS - Davis &amp; Associates\" width=\"1200\" height=\"630\" \/><\/p>\r\n<p>El TPS permite que las personas de ciertos pa\u00edses que se encuentran en los Estados Unidos permanezcan aqu\u00ed por un per\u00edodo temporal de tiempo porque no es seguro para ellos regresar a su pa\u00eds de origen. Si usted es un inmigrante o el miembro de la familia de un inmigrante, es importante entender qu\u00e9 es el TPS y c\u00f3mo puede ayudarle. Le explicaremos todo lo que necesita saber sobre el Estatus de Protecci\u00f3n Temporal, incluido qui\u00e9n es elegible para \u00e9l y qu\u00e9 pasos debe seguir si desea solicitarlo.<\/p>\r\n<h2><a href=\"https:\/\/gldlaw.com\/es\/contacto\/\">PROGAME SU CONSULTA GRATIS HOY \u00bb<\/a><\/h2>\r\n<p><a role=\"button\" href=\"https:\/\/gldlaw.com\/es\/contacto\/\" target=\"_self\" rel=\"noopener\"> Oprima Aqu\u00ed <\/a><\/p>\r\n<h2>\u00bfQui\u00e9n es elegible para TPS?<\/h2>\r\n<p>Para ser elegible para el<a href=\"https:\/\/www.uscis.gov\/humanitarian\/temporary-protected-status\"> Estatus de Protecci\u00f3n Temporal<\/a>, usted debe:<\/p>\r\n<ul>\r\n<li>Ser nacional de un pa\u00eds designado para el estado protegido por el per\u00edodo de protecci\u00f3n temporal, o no tener nacionalidad, pero su pa\u00eds de residencia reciente fue un pa\u00eds designado.<\/li>\r\n<li>Presente su solicitud de TPS durante el per\u00edodo de registro inicial abierto o reinscripci\u00f3n (o califique para la extensi\u00f3n de presentaci\u00f3n inicial tard\u00eda)<\/li>\r\n<li>Haber estado f\u00edsicamente presente en los Estados Unidos, excepto para viajes breves fuera del pa\u00eds, desde la fecha m\u00e1s reciente en que su pa\u00eds fue designado para TPS. Esto se llama estar continuamente presente f\u00edsicamente (CPP, por sus siglas en ingl\u00e9s). \u00a0Cuando vaya a solicitar o volver a registrarse para TPS, tendr\u00e1 que notificar a USCIS \u00a0de todos sus viajes fuera de los EE. UU. desde las fechas de CPP y CR, y ellos decidir\u00e1n si califica o no para la excepci\u00f3n.<\/li>\r\n<li>Haber estado residiendo continuamente (CR) en los Estados Unidos desde la fecha de designaci\u00f3n m\u00e1s reciente de TPS de su pa\u00eds.<\/li>\r\n<\/ul>\r\n<h3>Pa\u00edses designados para TPS<\/h3>\r\n<p>Actualmente hay 15 pa\u00edses designados para el estatus de protecci\u00f3n temporal: Afganist\u00e1n, Ucrania, Nepal, Birmania (Myanmar), Hait\u00ed, Yemen, Camer\u00fan, Honduras, El Salvador, Somalia, Nicaragua, Sud\u00e1n, Sud\u00e1n del Sur, Siria y Venezuela.<\/p>\r\n<h3>\u00bfQu\u00e9 evidencia necesita para una solicitud de TPS?<\/h3>\r\n<h4>Evidencia de identidad y nacionalidad<\/h4>\r\n<p>Debe proporcionar evidencia de identidad y nacionalidadpara probar su identidad y que es ciudadano de un pa\u00eds designado para TPS \u00a0, o que no tiene una nacionalidad y vivi\u00f3 principalmente en un pa\u00eds designado para TPS.<\/p>\r\n<p>Debe presentar documentos que se consideren evidencia primaria. Si sus documentos no son satisfactorios para USCIS, le enviar\u00e1n una <a href=\"https:\/\/gldlaw.com\/es\/inmigracion\/solicitud-de-evidencia\/\">solicitud de m\u00e1s<\/a>. La evidencia primaria incluye documentos como: una identificaci\u00f3n con foto, una copia de su certificado de nacimiento, una copia de su pasaporte y cualquier documento de identidad nacional emitido por su pa\u00eds (o el Consulado o Embajada de su pa\u00eds en los Estados Unidos) que contenga su fotograf\u00eda o huella digital, como un certificado de naturalizaci\u00f3n o una tarjeta de identificaci\u00f3n nacional.<\/p>\r\n<p>Si no puede proporcionar ning\u00fan documento de evidencia primaria, deber\u00e1 presentar una declaraci\u00f3n jurada al USCIS que demuestre que intent\u00f3 obtener esos documentos y explicar por qu\u00e9 no pudo hacerlo a trav\u00e9s de la Embajada o Consulado de los Estados Unidos de su pa\u00eds. Puede ser en su mejor inter\u00e9s comunicarse con un abogado para que lo ayude a trav\u00e9s de este proceso.<\/p>\r\n<p>Si necesita presentar una prueba s\u00f3lida, debe ser documentaci\u00f3n sobre su nacionalidad, como un certificado de naturalizaci\u00f3n, incluso si no contiene su fotograf\u00eda y una huella digital. \u00a0Tambi\u00e9n puede presentar un certificado de bautismo si especifica su nacionalidad o la de uno de sus padres.<\/p>\r\n<p>Tambi\u00e9n puede proporcionar cualquier documento de inmigraci\u00f3n que indique su identidad y nacionalidad, as\u00ed como registros m\u00e9dicos o escolares si contienen informaci\u00f3n que ayude a respaldar su reclamo de ser nacional de un pa\u00eds designado para TPS.<\/p>\r\n<p>Tambi\u00e9n puede presentar declaraciones juradas de familiares y amigos que conozcan la fecha y el lugar de su nacimiento, y la nacionalidad de sus padres. Tenga en cuenta que la persona que hace la declaraci\u00f3n jurada debe explicar c\u00f3mo lo conoce, o est\u00e1 relacionado con usted, y c\u00f3mo conoce los detalles sobre sus antecedentes. (Es importante que sepas que la nacionalidad de tus padres es significativa si eres de un pa\u00eds donde la nacionalidad est\u00e1 determinada por el origen de tus padres).<\/p>\r\n<p>Fecha de entrada Evidencia<br \/>Deber\u00e1 proporcionar evidencia de cu\u00e1ndo ingres\u00f3 a los EE. UU. \u00a0Para hacer esto, puede proporcionar una copia de su pasaporte, un registro de llegada \/ salida I-94 u otros documentos similares que demuestren su residencia continua en los Estados Unidos.<\/p>\r\n<h4>Evidencia de residencia continua (RC)<\/h4>\r\n<p>Deber\u00e1 proporcionar evidenciapara demostrar que ha estado en los Estados Unidos desde la fecha de RC que se especific\u00f3 para su pa\u00eds. Esto significa registros de empleo, facturas de servicios p\u00fablicos, recibos de alquiler, registros escolares, registros m\u00e9dicos y testimonios de personas que lo conocen y d\u00f3nde ha estado viviendo, como funcionarios de su iglesia u otras organizaciones.<\/p>\r\n<p>Cualquier documento queno est\u00e9 escrito en ingl\u00e9s debe tener una traducci\u00f3n completa al ingl\u00e9s, y el\u00a0 traductor debe certificar que es un hablante competente de ingl\u00e9s y que\u00a0 domina el idioma extranjero que se utiliza en el documento original. \u00a0Eltraductor debe confirmar que la traducci\u00f3n es verdadera y exacta, lo mejor que pueda.<\/p>\r\n<h2><a href=\"https:\/\/gldlaw.com\/es\/contacto\/\">PROGAME SU CONSULTA GRATIS HOY \u00bb<\/a><\/h2>\r\n<p><a role=\"button\" href=\"https:\/\/gldlaw.com\/es\/contacto\/\" target=\"_self\" rel=\"noopener\"> Oprima Aqu\u00ed <\/a><\/p>\r\n<h2>C\u00f3mo funciona el proceso de estatus de protecci\u00f3n temporal<\/h2>\r\n<h4><img loading=\"lazy\" decoding=\"async\" src=\"https:\/\/gldlaw.com\/wp-content\/uploads\/2022\/12\/Abogado-de-refugiados-Davis-Associates-1.png\" alt=\"Abogado de refugiados - Davis &amp; Associates\" width=\"500\" height=\"375\" \/>Usted presenta su petici\u00f3n<\/h4>\r\n<p>Una vez que haya preparado su paquete de presentaci\u00f3n de TPS, incluidos todos los formularios requeridos, la evidencia y las tarifas de presentaci\u00f3n, deber\u00e1 enviarlo por correo a la direcci\u00f3n especificada para su pa\u00eds. Aseg\u00farese de firmar su solicitud e incluir la tarifa de presentaci\u00f3n correcta, o una solicitud de exenci\u00f3n de tarifas debidamente completada. Las firmas faltantes y las tarifas incorrectas son errores comunes en las solicitudes de TPS y son motivo de rechazo. Es por eso que es mejor hablar con un abogado para que lo ayude a trav\u00e9s de esta parte cr\u00edticamente importante del proceso de solicitud.<\/p>\r\n<h4>USCIS revisa su solicitud<\/h4>\r\n<p>Despu\u00e9s de recibir su solicitud, USCIS la revisar\u00e1 para asegurarse de que est\u00e9 debidamente completada y que se hayan incluido las tarifas de presentaci\u00f3n correctas. Si su caso es aceptado, recibir\u00e1 un aviso de recibo, que tendr\u00e1 un n\u00famero de recibo que puede usar para conectarse en l\u00ednea y verificar el estado de su caso.<\/p>\r\n<h4>USCIS se pondr\u00e1 en contacto con tu<\/h4>\r\n<p>Si USCIS necesita reunir lo que se llama <em>biometr\u00eda<\/em>, que son su fotograf\u00eda, firma y huellas dactilares, le enviar\u00e1n un aviso de cita para ir a un Centro de Soporte de Aplicaciones (ASC). Los datos biom\u00e9tricos se utilizan para verificar su identidad, realizar una verificaci\u00f3n de antecedentes y crear un Documento de Autorizaci\u00f3n de Empleo (EAD), si realiz\u00f3 una solicitud de uno. Los solicitantes de TPS mayores de 14 a\u00f1os deben presentar datos biom\u00e9tricos.<\/p>\r\n<h3 id=\"tw-target-text\" dir=\"ltr\" data-placeholder=\"Translation\">Reportaje Para una Entrevista<\/h3>\r\n<p>Cuando vaya a un ASC, debe traer estos art\u00edculos:<\/p>\r\n<ul>\r\n<li>Evidencia de su nacionalidad y entidad de identificaci\u00f3n que tiene una fotograf\u00eda suya. Por ejemplo, un pasaporte<\/li>\r\n<li>Un aviso de cita de ASC<\/li>\r\n<li>Nuestro aviso de recibo<\/li>\r\n<li>Su EAD, siya tiene uno<\/li>\r\n<\/ul>\r\n<p>Si no puede asistir a sucita programada, puede reprogramarla.<\/p>\r\n<h4>USCISM akes a Decision on Yosu trabajo Eelegibilidad<\/h4>\r\n<p>Si esta es la primera vez que solicita TPS y est\u00e1 buscando un EAD, USCIS revivir\u00e1 su solicitud de TPS para determinar si es elegible o no para trabajar antes de que tomen una decisi\u00f3n final sobrela solicitud. Si se considera que es elegible, recibir\u00e1 un EAD.<\/p>\r\n<h4>USCIS hace unaD ecision on suaplicaci\u00f3n<\/h4>\r\n<p>Si USCIS aprueba su solicitud de TPS, le enviar\u00e1n un aviso de aprobaci\u00f3n y un EAD si solicit\u00f3 uno y a\u00fan no lo ha recibido.<\/p>\r\n<h3>\u00bfC\u00f3mo se mantiene el estado de TPS?<\/h3>\r\n<p>Despu\u00e9s de que se le apruebe el estado de TPS, tenga en cuenta que deber\u00e1 volver a registrarse durante cada per\u00edodo de reinscripci\u00f3npara mantener sus beneficios. Esto se refiere a todos losneficiarios, ya sea que hayan sido aprobados inicialmente para el \u00a0estatus de TPS por USCIS, un Juez de Inmigraci\u00f3n o el Librode Apelaciones de Inmigraci\u00f3n (BIA).<\/p>\r\n<h3>\u00bfQu\u00e9 pasa con la autorizaci\u00f3n de empleo?<\/h3>\r\n<p>Hay ocasiones en que el Departamento de Seguridad Nacional emitir\u00e1 una extensi\u00f3n autom\u00e1tica de los EAD que est\u00e1n a punto de expirar para los efectivos de TPS de un pa\u00eds espec\u00edfico para proporcionar tiempo para que se emitan EAD con nuevas fechas de validez.<\/p>\r\n<h3>\u00bfQu\u00e9 pasa si USCIS niega su estatus de TPS?<\/h3>\r\n<p>Si su solicitud de TPS es denegada, es mejor que hable con un abogado. \u00a0Nuestros profesionales podr\u00e1n decidir si debe <a href=\"https:\/\/gldlaw.com\/es\/inmigracion\/abogados-de-apelaciones-de-inmigracion-de-texas\/\">presentar una apelaci\u00f3n<\/a> o una moci\u00f3n.<\/p>\r\n<h2>\u00bfNecesita trabajar con un abogado de inmigraci\u00f3n o en una solicitud de protecci\u00f3n temporal con estatuos?<\/h2>\r\n<p>Si necesita solicitar el Estatus de Protecci\u00f3n Temporal en los Estados Unidos, debe consultar con un abogado antes de hacerlo. Ofrecemos <a href=\"https:\/\/gldlaw.com\/es\/contacto\/\">consultas gratuitas<\/a> y podemos brindarle el asesoramiento legal que necesita para comenzar a avanzar en la direcci\u00f3n correcta. Llame nuestra oficina hoy.<\/p>\r\n<h2><a href=\"https:\/\/gldlaw.com\/es\/contacto\/\">PROGAME SU CONSULTA GRATIS HOY \u00bb<\/a><\/h2>\r\n<p><a role=\"button\" href=\"https:\/\/gldlaw.com\/es\/contacto\/\" target=\"_self\" rel=\"noopener\"> Oprima Aqu\u00ed <\/a><\/p>\r\n","protected":false},"excerpt":{"rendered":"<p>Abogados De Inmigraci\u00f3n Con Experiencia Para TPS ABOGADOS DE TPS EN HOUSTON Y DALLAS Los pa\u00edses que experimentan condiciones adversas, como un desastre natural, una epidemia, un conflicto armado u otra situaci\u00f3n inusual, pueden ser inseguros y no estar equipados para manejar a sus nacionales que regresan. Estos pa\u00edses debenser designados para el Temporary Protected&hellip;<\/p>\n","protected":false},"author":5,"featured_media":0,"parent":3409,"menu_order":0,"comment_status":"closed","ping_status":"closed","template":"","meta":{"_monsterinsights_skip_tracking":false,"_monsterinsights_sitenote_active":false,"_monsterinsights_sitenote_note":"","_monsterinsights_sitenote_category":0,"footnotes":""},"class_list":["post-9827","page","type-page","status-publish","hentry"],"yoast_head":"<!-- This site is optimized with the Yoast SEO plugin v27.6 - https:\/\/yoast.com\/product\/yoast-seo-wordpress\/ -->\n<title>Abogados Expertos en Inmigraci\u00f3n para TPS<\/title>\n<meta name=\"description\" content=\"Davis &amp; Associates es un bufete de abogados dedicado a ayudar a personas y familias con el Estatus de Protecci\u00f3n Temporal (TPS).\" \/>\n<meta name=\"robots\" content=\"index, follow, max-snippet:-1, max-image-preview:large, max-video-preview:-1\" \/>\n<link rel=\"canonical\" href=\"https:\/\/gldlaw.com\/immigration\/lawyers-for-tps\/\" \/>\n<meta property=\"og:locale\" content=\"es_MX\" \/>\n<meta property=\"og:type\" content=\"article\" \/>\n<meta property=\"og:title\" content=\"Abogados Expertos en Inmigraci\u00f3n para TPS\" \/>\n<meta property=\"og:description\" content=\"Davis &amp; Associates es un bufete de abogados dedicado a ayudar a personas y familias con el Estatus de Protecci\u00f3n Temporal (TPS).\" \/>\n<meta property=\"og:url\" content=\"https:\/\/gldlaw.com\/immigration\/lawyers-for-tps\/\" \/>\n<meta property=\"og:site_name\" content=\"Davis &amp; Associates\" \/>\n<meta property=\"article:publisher\" content=\"https:\/\/www.facebook.com\/GLDavisandAssociates\/\" \/>\n<meta property=\"article:modified_time\" content=\"2025-04-21T19:44:05+00:00\" \/>\n<meta property=\"og:image\" content=\"https:\/\/gldlaw.com\/wp-content\/uploads\/2022\/12\/Experienced-Immigration-Lawyers-for-TPS-Davis-Associates.png\" \/>\n<meta name=\"twitter:card\" content=\"summary_large_image\" \/>\n<meta name=\"twitter:site\" content=\"@GLD_Law\" \/>\n<meta name=\"twitter:label1\" content=\"Tiempo de lectura\" \/>\n\t<meta name=\"twitter:data1\" content=\"7 minutos\" \/>\n<script type=\"application\/ld+json\" class=\"yoast-schema-graph\">{\"@context\":\"https:\\\/\\\/schema.org\",\"@graph\":[{\"@type\":\"WebPage\",\"@id\":\"https:\\\/\\\/gldlaw.com\\\/immigration\\\/lawyers-for-tps\\\/\",\"url\":\"https:\\\/\\\/gldlaw.com\\\/immigration\\\/lawyers-for-tps\\\/\",\"name\":\"Abogados Expertos en Inmigraci\u00f3n para TPS\",\"isPartOf\":{\"@id\":\"https:\\\/\\\/gldlaw.com\\\/es\\\/#website\"},\"primaryImageOfPage\":{\"@id\":\"https:\\\/\\\/gldlaw.com\\\/immigration\\\/lawyers-for-tps\\\/#primaryimage\"},\"image\":{\"@id\":\"https:\\\/\\\/gldlaw.com\\\/immigration\\\/lawyers-for-tps\\\/#primaryimage\"},\"thumbnailUrl\":\"https:\\\/\\\/gldlaw.com\\\/wp-content\\\/uploads\\\/2022\\\/12\\\/Experienced-Immigration-Lawyers-for-TPS-Davis-Associates.png\",\"datePublished\":\"2022-12-01T18:46:02+00:00\",\"dateModified\":\"2025-04-21T19:44:05+00:00\",\"description\":\"Davis & Associates es un bufete de abogados dedicado a ayudar a personas y familias con el Estatus de Protecci\u00f3n Temporal (TPS).\",\"breadcrumb\":{\"@id\":\"https:\\\/\\\/gldlaw.com\\\/immigration\\\/lawyers-for-tps\\\/#breadcrumb\"},\"inLanguage\":\"es\",\"potentialAction\":[{\"@type\":\"ReadAction\",\"target\":[\"https:\\\/\\\/gldlaw.com\\\/immigration\\\/lawyers-for-tps\\\/\"]}]},{\"@type\":\"ImageObject\",\"inLanguage\":\"es\",\"@id\":\"https:\\\/\\\/gldlaw.com\\\/immigration\\\/lawyers-for-tps\\\/#primaryimage\",\"url\":\"https:\\\/\\\/gldlaw.com\\\/wp-content\\\/uploads\\\/2022\\\/12\\\/Experienced-Immigration-Lawyers-for-TPS-Davis-Associates.png\",\"contentUrl\":\"https:\\\/\\\/gldlaw.com\\\/wp-content\\\/uploads\\\/2022\\\/12\\\/Experienced-Immigration-Lawyers-for-TPS-Davis-Associates.png\"},{\"@type\":\"BreadcrumbList\",\"@id\":\"https:\\\/\\\/gldlaw.com\\\/immigration\\\/lawyers-for-tps\\\/#breadcrumb\",\"itemListElement\":[{\"@type\":\"ListItem\",\"position\":1,\"name\":\"Home\",\"item\":\"https:\\\/\\\/gldlaw.com\\\/es\\\/\"},{\"@type\":\"ListItem\",\"position\":2,\"name\":\"Areas de Pr\u00e1ctica\",\"item\":\"https:\\\/\\\/gldlaw.com\\\/es\\\/inmigracion\\\/\"},{\"@type\":\"ListItem\",\"position\":3,\"name\":\"Abogados de Inmigraci\u00f3n con Experiencia para TPS\"}]},{\"@type\":\"WebSite\",\"@id\":\"https:\\\/\\\/gldlaw.com\\\/es\\\/#website\",\"url\":\"https:\\\/\\\/gldlaw.com\\\/es\\\/\",\"name\":\"Davis &amp; Associates\",\"description\":\"Dallas \\\/ Fort Worth Immigration Attorney\",\"potentialAction\":[{\"@type\":\"SearchAction\",\"target\":{\"@type\":\"EntryPoint\",\"urlTemplate\":\"https:\\\/\\\/gldlaw.com\\\/es\\\/?s={search_term_string}\"},\"query-input\":{\"@type\":\"PropertyValueSpecification\",\"valueRequired\":true,\"valueName\":\"search_term_string\"}}],\"inLanguage\":\"es\"}]}<\/script>\n<!-- \/ Yoast SEO plugin. -->","yoast_head_json":{"title":"Abogados Expertos en Inmigraci\u00f3n para TPS","description":"Davis & Associates es un bufete de abogados dedicado a ayudar a personas y familias con el Estatus de Protecci\u00f3n Temporal (TPS).","robots":{"index":"index","follow":"follow","max-snippet":"max-snippet:-1","max-image-preview":"max-image-preview:large","max-video-preview":"max-video-preview:-1"},"canonical":"https:\/\/gldlaw.com\/immigration\/lawyers-for-tps\/","og_locale":"es_MX","og_type":"article","og_title":"Abogados Expertos en Inmigraci\u00f3n para TPS","og_description":"Davis & Associates es un bufete de abogados dedicado a ayudar a personas y familias con el Estatus de Protecci\u00f3n Temporal (TPS).","og_url":"https:\/\/gldlaw.com\/immigration\/lawyers-for-tps\/","og_site_name":"Davis &amp; Associates","article_publisher":"https:\/\/www.facebook.com\/GLDavisandAssociates\/","article_modified_time":"2025-04-21T19:44:05+00:00","og_image":[{"url":"https:\/\/gldlaw.com\/wp-content\/uploads\/2022\/12\/Experienced-Immigration-Lawyers-for-TPS-Davis-Associates.png","type":"","width":"","height":""}],"twitter_card":"summary_large_image","twitter_site":"@GLD_Law","twitter_misc":{"Tiempo de lectura":"7 minutos"},"schema":{"@context":"https:\/\/schema.org","@graph":[{"@type":"WebPage","@id":"https:\/\/gldlaw.com\/immigration\/lawyers-for-tps\/","url":"https:\/\/gldlaw.com\/immigration\/lawyers-for-tps\/","name":"Abogados Expertos en Inmigraci\u00f3n para TPS","isPartOf":{"@id":"https:\/\/gldlaw.com\/es\/#website"},"primaryImageOfPage":{"@id":"https:\/\/gldlaw.com\/immigration\/lawyers-for-tps\/#primaryimage"},"image":{"@id":"https:\/\/gldlaw.com\/immigration\/lawyers-for-tps\/#primaryimage"},"thumbnailUrl":"https:\/\/gldlaw.com\/wp-content\/uploads\/2022\/12\/Experienced-Immigration-Lawyers-for-TPS-Davis-Associates.png","datePublished":"2022-12-01T18:46:02+00:00","dateModified":"2025-04-21T19:44:05+00:00","description":"Davis & Associates es un bufete de abogados dedicado a ayudar a personas y familias con el Estatus de Protecci\u00f3n Temporal (TPS).","breadcrumb":{"@id":"https:\/\/gldlaw.com\/immigration\/lawyers-for-tps\/#breadcrumb"},"inLanguage":"es","potentialAction":[{"@type":"ReadAction","target":["https:\/\/gldlaw.com\/immigration\/lawyers-for-tps\/"]}]},{"@type":"ImageObject","inLanguage":"es","@id":"https:\/\/gldlaw.com\/immigration\/lawyers-for-tps\/#primaryimage","url":"https:\/\/gldlaw.com\/wp-content\/uploads\/2022\/12\/Experienced-Immigration-Lawyers-for-TPS-Davis-Associates.png","contentUrl":"https:\/\/gldlaw.com\/wp-content\/uploads\/2022\/12\/Experienced-Immigration-Lawyers-for-TPS-Davis-Associates.png"},{"@type":"BreadcrumbList","@id":"https:\/\/gldlaw.com\/immigration\/lawyers-for-tps\/#breadcrumb","itemListElement":[{"@type":"ListItem","position":1,"name":"Home","item":"https:\/\/gldlaw.com\/es\/"},{"@type":"ListItem","position":2,"name":"Areas de Pr\u00e1ctica","item":"https:\/\/gldlaw.com\/es\/inmigracion\/"},{"@type":"ListItem","position":3,"name":"Abogados de Inmigraci\u00f3n con Experiencia para TPS"}]},{"@type":"WebSite","@id":"https:\/\/gldlaw.com\/es\/#website","url":"https:\/\/gldlaw.com\/es\/","name":"Davis &amp; Associates","description":"Dallas \/ Fort Worth Immigration Attorney","potentialAction":[{"@type":"SearchAction","target":{"@type":"EntryPoint","urlTemplate":"https:\/\/gldlaw.com\/es\/?s={search_term_string}"},"query-input":{"@type":"PropertyValueSpecification","valueRequired":true,"valueName":"search_term_string"}}],"inLanguage":"es"}]}},"_links":{"self":[{"href":"https:\/\/gldlaw.com\/es\/wp-json\/wp\/v2\/pages\/9827","targetHints":{"allow":["GET"]}}],"collection":[{"href":"https:\/\/gldlaw.com\/es\/wp-json\/wp\/v2\/pages"}],"about":[{"href":"https:\/\/gldlaw.com\/es\/wp-json\/wp\/v2\/types\/page"}],"author":[{"embeddable":true,"href":"https:\/\/gldlaw.com\/es\/wp-json\/wp\/v2\/users\/5"}],"replies":[{"embeddable":true,"href":"https:\/\/gldlaw.com\/es\/wp-json\/wp\/v2\/comments?post=9827"}],"version-history":[{"count":7,"href":"https:\/\/gldlaw.com\/es\/wp-json\/wp\/v2\/pages\/9827\/revisions"}],"predecessor-version":[{"id":12172,"href":"https:\/\/gldlaw.com\/es\/wp-json\/wp\/v2\/pages\/9827\/revisions\/12172"}],"up":[{"embeddable":true,"href":"https:\/\/gldlaw.com\/es\/wp-json\/wp\/v2\/pages\/3409"}],"wp:attachment":[{"href":"https:\/\/gldlaw.com\/es\/wp-json\/wp\/v2\/media?parent=9827"}],"curies":[{"name":"wp","href":"https:\/\/api.w.org\/{rel}","templated":true}]}}