{"id":9859,"date":"2021-10-18T13:17:07","date_gmt":"2021-10-18T18:17:07","guid":{"rendered":"https:\/\/gldlaw.com\/inmigracion\/visas\/m1-visa\/"},"modified":"2024-06-06T10:21:48","modified_gmt":"2024-06-06T15:21:48","slug":"visa-de-estudiante-m-1","status":"publish","type":"page","link":"https:\/\/gldlaw.com\/es\/inmigracion\/visas\/visa-de-estudiante-m-1\/","title":{"rendered":"\u00bfQu\u00e9 Es La Visa de Estudiante M-1?"},"content":{"rendered":"\n\n\t<h1>\u00bfQu\u00e9 es la visa de estudiante M-1?<\/h1>\n\t<h2>\u00bfQu\u00e9 es una visa M-1 para estudiantes?<\/h2>\n\t<p>Si est\u00e1 interesado en venir a los Estados Unidos para realizar estudios no acad\u00e9micos o vocacionales, la visa M-1 puede ser la opci\u00f3n correcta para usted. Pero, \u00bfqu\u00e9 es una visa M-1, c\u00f3mo se solicita y qu\u00e9 puede hacer cuando est\u00e1 en los Estados Unidos bajo esta autorizaci\u00f3n? Esta gu\u00eda explica.<\/p>\n<p>Una visa M-1 est\u00e1 disponible para estudiantes que est\u00e1n cursando una educaci\u00f3n en un programa no acad\u00e9mico o vocacional. Eso significa que asiste a una instituci\u00f3n vocacional u otra instituci\u00f3n no acad\u00e9mica reconocida, que no sea un programa de idiomas. Si asiste a una universidad o colegio, escuela secundaria, seminario, conservatorio u otra instituci\u00f3n acad\u00e9mica, incluido un programa de idiomas, una visa F es la mejor opci\u00f3n para usted.<\/p>\n<p>&nbsp;<\/p>\n\t\t\t\t<img loading=\"lazy\" decoding=\"async\" src=\"https:\/\/gldlaw.com\/wp-content\/uploads\/2022\/12\/Abogada-de-visa-M-1-Visas-de-estudiante-Davis-Associates.png\" alt=\"Abogada de visa M-1 - Visas de estudiante - Davis &amp; Associates\" itemprop=\"image\" height=\"750\" width=\"1000\" title=\"Abogada de visa M-1 - Visas de estudiante - Davis &amp; Associates\" onerror=\"this.style.display='none'\"  \/>\n\t<h2><a href=\"https:\/\/gldlaw.com\/es\/contacto\/\">Haga Clic Hoy Para Su Consulta Gratis &gt;&gt;<\/a><\/h2>\n\t\t\t<a href=\"https:\/\/gldlaw.com\/es\/contacto\/\" target=\"_self\" role=\"button\" rel=\"noopener\">\n\t\t\t\t\t\t\tOprima Aqu\u00ed\n\t\t\t\t\t<\/a>\n<header>\n<h2>\u00bfQui\u00e9n es elegible para una visa M-1?<\/h2>\n<p><img loading=\"lazy\" decoding=\"async\" src=\"https:\/\/gldlaw.com\/wp-content\/uploads\/2022\/12\/Visa-M1-Visas-de-estudiante-en-Texas--1024x538.png\" alt=\"Visa M1 - Visas de estudiante en Texas\" width=\"501\" height=\"263\" \/>Solo puede solicitar una visa M-1 si est\u00e1 aprobado para asistir a una instituci\u00f3n del Programa de Estudiantes y Visitantes de Intercambio, o SEVP. Tambi\u00e9n debes venir a los Estados Unidos para estudiar algo muy espec\u00edfico; Debe ser aprobado para participar en un &#8220;curso completo de estudio&#8221;.<\/p>\n<p>Eso significa que debe estar inscrito como estudiante de tiempo completo en la instituci\u00f3n a la que asiste (a menos que no necesite asistir a tiempo completo porque est\u00e1 terminando su programa).<\/p>\n<p>Tambi\u00e9n debe tener suficiente dinero disponible para mantenerse durante todo el curso de estudio propuesto. Si tiene la intenci\u00f3n de participar en un programa de dos a\u00f1os, tendr\u00e1 que demostrar que tiene suficiente dinero para mantenerse durante todo ese tiempo.<\/p>\n<p>Finalmente, debe mantener una residencia en el extranjero y declarar que no tiene la intenci\u00f3n de renunciar a ella para mudarse a los Estados Unidos.<\/p>\n<h2>\u00bfPuede trabajar si tiene una visa M-1?<\/h2>\n<p>No puede trabajar si est\u00e1 en los Estados Unidos con una visa M-1. Sin embargo, hay una excepci\u00f3n: puede trabajar si su empleo es parte de un programa de capacitaci\u00f3n pr\u00e1ctica. No puede trabajar m\u00e1s de 6 meses, e incluso si su escuela lo contrata, a\u00fan necesita un Documento de Autorizaci\u00f3n de Empleo, o <a href=\"https:\/\/www.uscis.gov\/green-card\/green-card-processes-and-procedures\/employment-authorization-document\">EAD<\/a>.<\/p>\n<h3>\u00bfPuede su familia venir con usted con una visa M-1?<\/h3>\n<p>Si tiene un c\u00f3nyuge o hijos solteros menores de 21 a\u00f1os, es posible que puedan venir a los Estados Unidos con usted. Sin embargo, necesitar\u00e1n visas propias. La visa M-2 permite a los dependientes calificados venir a los Estados Unidos con un titular de visa M-1, y generalmente expira cuando lo hace la visa M-1 del patrocinador. Si usted es un adulto con una visa M-2, no puede trabajar (ni siquiera es elegible para la autorizaci\u00f3n de empleo). Sin embargo, puede inscribirse en cursos recreativos. Sin embargo, los ni\u00f1os menores pueden asistir al jard\u00edn de infantes hasta el grado 12.<\/p>\n<h3>\u00bfCu\u00e1nto tiempo se tarda en obtener una visa M-1?<\/h3>\n<p>El tiempo de procesamiento para una visa M-1 puede ser tan peque\u00f1o como cuatro semanas, aunque puede tomar m\u00e1s tiempo. El n\u00famero de solicitantes determinar\u00e1 cu\u00e1nto tiempo lleva. Su <a href=\"https:\/\/gldlaw.com\/es\/presentacion-de-la-oficina\/\">abogado de inmigraci\u00f3n<\/a> de Dallas puede ayudarlo a determinar cu\u00e1nto tiempo tomar\u00e1, as\u00ed como a responder sus preguntas en cada paso del camino.<\/p>\n<\/header>\n\t<h2><a href=\"https:\/\/gldlaw.com\/es\/contacto\/\">Haga Clic Hoy Para Su Consulta Gratis &gt;&gt;<\/a><\/h2>\n\t\t\t<a href=\"https:\/\/gldlaw.com\/es\/contacto\/\" target=\"_self\" role=\"button\" rel=\"noopener\">\n\t\t\t\t\t\t\tOprima Aqu\u00ed\n\t\t\t\t\t<\/a>\n<header>\n<h2>5 Pasos Para Obtener Una Visa M-1<\/h2>\n<p>Debe seguir varios pasos para obtener una visa M-1 para estudiar en los Estados Unidos, que incluyen:<\/p>\n<ol>\n<li>Aplicar en una escuela certificada por SEVP<\/li>\n<li>C\u00f3mo obtener el Formulario I-20 de su escuela<\/li>\n<li>Pagar su tarifa I-901 SEVIS<\/li>\n<li>Solicitar una visa M-1 en los Estados Unidos<\/li>\n<li>Venir a los EE.UU.<\/li>\n<\/ol>\n<h3>Aplicar en una escuela certificada por SEVP<\/h3>\n<p>Los estudiantes internacionales que deseen asistir a la escuela en los Estados Unidos con una visa M-1 deben solicitar y ser aceptados para asistir a una escuela certificada por SEVP. Estas escuelas est\u00e1n certificadas por el Programa de Estudiantes y Visitantes de Intercambio.<\/p>\n<h3>C\u00f3mo obtener el Formulario I-20 de su escuela<\/h3>\n<p>Debe presentar una solicitud a la escuela antes de poder solicitar una visa M-1. Cuando sea aceptado, recibir\u00e1 un Formulario I-20, Certificado de Elegibilidad para el Estatus de Estudiante No Inmigrante. Este documento vendr\u00e1 de un funcionario escolar designado que maneja estos asuntos para estudiantes internacionales. Su funcionario escolar designado, o DSO, lo ayudar\u00e1 a comprender las reglas asociadas con su visa M-1.<\/p>\n<h3>Pago de su tarifa I-901 SEVIS<\/h3>\n<p>Despu\u00e9s de recibir su Formulario I-20, debe pagar la tarifa I-901 SEVIS. La tarifa de SEVIS es una suma de dinero que usted paga al gobierno de los Estados Unidos. (SEVIS significa Sistema de Informaci\u00f3n de Estudiantes y Visitantes de Intercambio). Por lo general, puede pagar esta tarifa en l\u00ednea, pero si es de uno de los pocos pa\u00edses, es posible que deba pagar con giro postal, un cheque certificado o a trav\u00e9s de Western Union. Sin embargo, su abogado le aconsejar\u00e1 sobre c\u00f3mo puede pagar, no tendr\u00e1 que resolverlo por s\u00ed mismo. A menudo, puede pagar con tarjeta de cr\u00e9dito.<\/p>\n<p>Es muy importante que imprima su recibo de pago. Es posible que lo necesite, especialmente si tiene la intenci\u00f3n de asistir a una escuela diferente a la que originalmente plane\u00f3 asistir. Debe entregar una copia del recibo a su abogado de inmigraci\u00f3n.<\/p>\n<h2>Solicitar una visa M-1 en los Estados Unidos<\/h2>\n<p>Cuando haya sido aceptado en una escuela en los Estados Unidos y haya pagado su tarifa SEVIS, puede solicitar una visa M-1. La mayor\u00eda de las personas solicitan en su embajada o consulado local de los Estados Unidos, o en l\u00ednea utilizando el Formulario <a href=\"https:\/\/travel.state.gov\/content\/travel\/en\/us-visas\/study.html\">DS-160<\/a>. Lo m\u00e1s probable es que tenga que participar en una entrevista de visa en su embajada o consulado local. Los tiempos de espera var\u00edan seg\u00fan la ubicaci\u00f3n, por lo que su abogado de inmigraci\u00f3n probablemente le aconsejar\u00e1 que planifique con anticipaci\u00f3n en consecuencia.<\/p>\n<h3>Llegando a los EE.UU.<\/h3>\n<p>Despu\u00e9s de solicitar una visa, puede ingresar a los Estados Unidos en un puerto de entrada de los Estados Unidos hasta 30 d\u00edas antes de que comience su programa educativo. Por ejemplo, si su programa comienza el 30 de abril, puede llegar el 1 de abril.<\/p>\n<p>Cuando llegue a los Estados Unidos, pasar\u00e1 por un puesto de control de Aduanas y Patrulla Fronteriza de los Estados Unidos. Se reunir\u00e1 con un oficial de CBP que revisar\u00e1 su documentaci\u00f3n, incluido su Formulario I-20, su visa y su pasaporte; Tambi\u00e9n debe tener una copia de los documentos financieros que demuestren que tiene suficiente dinero para mantenerse durante todo el curso de su estudio, su carta de aceptaci\u00f3n de su escuela e informaci\u00f3n de contacto de su oficial de servicio designado y su abogado de inmigraci\u00f3n.<\/p>\n<p>El oficial de CBP tiene la autoridad para aprobar o negar su entrada al pa\u00eds. Despu\u00e9s de ser admitido, recibir\u00e1 un sello de admisi\u00f3n en su pasaporte y emitir\u00e1 un <a href=\"https:\/\/gldlaw.com\/immigration\/form-i-94\/\"  data-wpil-monitor-id=\"3\">Formulario I-94<\/a> electr\u00f3nico, Registro de llegada y salida.<\/p>\n<p>Este registro rastrea cu\u00e1ndo lleg\u00f3 y cu\u00e1ndo se ir\u00e1, as\u00ed como informaci\u00f3n sobre cu\u00e1nto tiempo se le permite legalmente permanecer en los Estados Unidos.<\/p>\n<h2><img loading=\"lazy\" decoding=\"async\" src=\"https:\/\/gldlaw.com\/wp-content\/uploads\/2022\/12\/Abogado-de-visa-M-1-en-Texas-Davis-Associates-1024x538.png\" alt=\"Abogado de visa M-1 en Texas - Davis &amp; Associates\" width=\"501\" height=\"263\" \/>\u00bfNecesita hablar con un abogado sobre una visa M-1?<\/h2>\n<p>Si necesita hablar con un abogado sobre c\u00f3mo solicitar y recibir una visa M-1 para que pueda estudiar en los Estados Unidos, o si no est\u00e1 seguro de qu\u00e9 tipo de visa de estudiante es la adecuada para usted, es posible que podamos ayudarlo.<\/p>\n<p>Llame a nuestra oficina hoy para programar su consulta gratuita; Hablar\u00e1 con un profesional experto que entienda las leyes de inmigraci\u00f3n de los Estados Unidos que pertenecen a los estudiantes y sus familias y obtendr\u00e1 la orientaci\u00f3n que necesita.<\/p>\n<\/header>\n\t<h2><a href=\"https:\/\/gldlaw.com\/es\/contacto\/\">Haga Clic Hoy Para Su Consulta Gratis &gt;&gt;<\/a><\/h2>\n\t\t\t<a href=\"https:\/\/gldlaw.com\/es\/contacto\/\" target=\"_self\" role=\"button\" rel=\"noopener\">\n\t\t\t\t\t\t\tOprima Aqu\u00ed\n\t\t\t\t\t<\/a>\n\n","protected":false},"excerpt":{"rendered":"<p>\u00bfQu\u00e9 es la visa de estudiante M-1? \u00bfQu\u00e9 es una visa M-1 para estudiantes? Si est\u00e1 interesado en venir a los Estados Unidos para realizar estudios no acad\u00e9micos o vocacionales, la visa M-1 puede ser la opci\u00f3n correcta para usted. Pero, \u00bfqu\u00e9 es una visa M-1, c\u00f3mo se solicita y qu\u00e9 puede hacer cuando est\u00e1&hellip;<\/p>\n","protected":false},"author":5,"featured_media":0,"parent":3427,"menu_order":0,"comment_status":"closed","ping_status":"closed","template":"","meta":{"_monsterinsights_skip_tracking":false,"_monsterinsights_sitenote_active":false,"_monsterinsights_sitenote_note":"","_monsterinsights_sitenote_category":0,"footnotes":""},"class_list":["post-9859","page","type-page","status-publish","hentry"],"yoast_head":"<!-- This site is optimized with the Yoast SEO plugin v27.6 - https:\/\/yoast.com\/product\/yoast-seo-wordpress\/ -->\n<title>Visa de Estudiante M-1 | Estudiar En El Extranjero<\/title>\n<meta name=\"description\" content=\"\u00bfQu\u00e9 es una visa M-1 y deber\u00eda solicitar una? Esta gu\u00eda explica la visa de estudiante M-1 y si puede obtener una tarjeta verde us\u00e1ndola.\" \/>\n<meta name=\"robots\" content=\"index, follow, max-snippet:-1, max-image-preview:large, max-video-preview:-1\" \/>\n<link rel=\"canonical\" href=\"https:\/\/gldlaw.com\/immigration\/visas\/m1-visa\/\" \/>\n<meta property=\"og:locale\" content=\"es_MX\" \/>\n<meta property=\"og:type\" content=\"article\" \/>\n<meta property=\"og:title\" content=\"Visa de Estudiante M-1 | Estudiar En El Extranjero\" \/>\n<meta property=\"og:description\" content=\"\u00bfQu\u00e9 es una visa M-1 y deber\u00eda solicitar una? Esta gu\u00eda explica la visa de estudiante M-1 y si puede obtener una tarjeta verde us\u00e1ndola.\" \/>\n<meta property=\"og:url\" content=\"https:\/\/gldlaw.com\/immigration\/visas\/m1-visa\/\" \/>\n<meta property=\"og:site_name\" content=\"Davis &amp; Associates\" \/>\n<meta property=\"article:publisher\" content=\"https:\/\/www.facebook.com\/GLDavisandAssociates\/\" \/>\n<meta property=\"article:modified_time\" content=\"2024-06-06T15:21:48+00:00\" \/>\n<meta property=\"og:image\" content=\"https:\/\/gldlaw.com\/wp-content\/uploads\/2022\/12\/Abogada-de-visa-M-1-Visas-de-estudiante-Davis-Associates.png\" \/>\n<meta name=\"twitter:card\" content=\"summary_large_image\" \/>\n<meta name=\"twitter:site\" content=\"@GLD_Law\" \/>\n<meta name=\"twitter:label1\" content=\"Tiempo de lectura\" \/>\n\t<meta name=\"twitter:data1\" content=\"6 minutos\" \/>\n<script type=\"application\/ld+json\" class=\"yoast-schema-graph\">{\"@context\":\"https:\\\/\\\/schema.org\",\"@graph\":[{\"@type\":\"WebPage\",\"@id\":\"https:\\\/\\\/gldlaw.com\\\/immigration\\\/visas\\\/m1-visa\\\/\",\"url\":\"https:\\\/\\\/gldlaw.com\\\/immigration\\\/visas\\\/m1-visa\\\/\",\"name\":\"Visa de Estudiante M-1 | Estudiar En El Extranjero\",\"isPartOf\":{\"@id\":\"https:\\\/\\\/gldlaw.com\\\/es\\\/#website\"},\"primaryImageOfPage\":{\"@id\":\"https:\\\/\\\/gldlaw.com\\\/immigration\\\/visas\\\/m1-visa\\\/#primaryimage\"},\"image\":{\"@id\":\"https:\\\/\\\/gldlaw.com\\\/immigration\\\/visas\\\/m1-visa\\\/#primaryimage\"},\"thumbnailUrl\":\"https:\\\/\\\/gldlaw.com\\\/wp-content\\\/uploads\\\/2022\\\/12\\\/Abogada-de-visa-M-1-Visas-de-estudiante-Davis-Associates.png\",\"datePublished\":\"2021-10-18T18:17:07+00:00\",\"dateModified\":\"2024-06-06T15:21:48+00:00\",\"description\":\"\u00bfQu\u00e9 es una visa M-1 y deber\u00eda solicitar una? Esta gu\u00eda explica la visa de estudiante M-1 y si puede obtener una tarjeta verde us\u00e1ndola.\",\"breadcrumb\":{\"@id\":\"https:\\\/\\\/gldlaw.com\\\/immigration\\\/visas\\\/m1-visa\\\/#breadcrumb\"},\"inLanguage\":\"es\",\"potentialAction\":[{\"@type\":\"ReadAction\",\"target\":[\"https:\\\/\\\/gldlaw.com\\\/immigration\\\/visas\\\/m1-visa\\\/\"]}]},{\"@type\":\"ImageObject\",\"inLanguage\":\"es\",\"@id\":\"https:\\\/\\\/gldlaw.com\\\/immigration\\\/visas\\\/m1-visa\\\/#primaryimage\",\"url\":\"https:\\\/\\\/gldlaw.com\\\/wp-content\\\/uploads\\\/2022\\\/12\\\/Abogada-de-visa-M-1-Visas-de-estudiante-Davis-Associates.png\",\"contentUrl\":\"https:\\\/\\\/gldlaw.com\\\/wp-content\\\/uploads\\\/2022\\\/12\\\/Abogada-de-visa-M-1-Visas-de-estudiante-Davis-Associates.png\"},{\"@type\":\"BreadcrumbList\",\"@id\":\"https:\\\/\\\/gldlaw.com\\\/immigration\\\/visas\\\/m1-visa\\\/#breadcrumb\",\"itemListElement\":[{\"@type\":\"ListItem\",\"position\":1,\"name\":\"Home\",\"item\":\"https:\\\/\\\/gldlaw.com\\\/es\\\/\"},{\"@type\":\"ListItem\",\"position\":2,\"name\":\"Areas de Pr\u00e1ctica\",\"item\":\"https:\\\/\\\/gldlaw.com\\\/es\\\/inmigracion\\\/\"},{\"@type\":\"ListItem\",\"position\":3,\"name\":\"Inmigraci\u00f3n y Visas\",\"item\":\"https:\\\/\\\/gldlaw.com\\\/es\\\/inmigracion\\\/visas\\\/\"},{\"@type\":\"ListItem\",\"position\":4,\"name\":\"\u00bfQu\u00e9 Es La Visa de Estudiante M-1?\"}]},{\"@type\":\"WebSite\",\"@id\":\"https:\\\/\\\/gldlaw.com\\\/es\\\/#website\",\"url\":\"https:\\\/\\\/gldlaw.com\\\/es\\\/\",\"name\":\"Davis &amp; Associates\",\"description\":\"Dallas \\\/ Fort Worth Immigration Attorney\",\"potentialAction\":[{\"@type\":\"SearchAction\",\"target\":{\"@type\":\"EntryPoint\",\"urlTemplate\":\"https:\\\/\\\/gldlaw.com\\\/es\\\/?s={search_term_string}\"},\"query-input\":{\"@type\":\"PropertyValueSpecification\",\"valueRequired\":true,\"valueName\":\"search_term_string\"}}],\"inLanguage\":\"es\"}]}<\/script>\n<!-- \/ Yoast SEO plugin. -->","yoast_head_json":{"title":"Visa de Estudiante M-1 | Estudiar En El Extranjero","description":"\u00bfQu\u00e9 es una visa M-1 y deber\u00eda solicitar una? Esta gu\u00eda explica la visa de estudiante M-1 y si puede obtener una tarjeta verde us\u00e1ndola.","robots":{"index":"index","follow":"follow","max-snippet":"max-snippet:-1","max-image-preview":"max-image-preview:large","max-video-preview":"max-video-preview:-1"},"canonical":"https:\/\/gldlaw.com\/immigration\/visas\/m1-visa\/","og_locale":"es_MX","og_type":"article","og_title":"Visa de Estudiante M-1 | Estudiar En El Extranjero","og_description":"\u00bfQu\u00e9 es una visa M-1 y deber\u00eda solicitar una? Esta gu\u00eda explica la visa de estudiante M-1 y si puede obtener una tarjeta verde us\u00e1ndola.","og_url":"https:\/\/gldlaw.com\/immigration\/visas\/m1-visa\/","og_site_name":"Davis &amp; Associates","article_publisher":"https:\/\/www.facebook.com\/GLDavisandAssociates\/","article_modified_time":"2024-06-06T15:21:48+00:00","og_image":[{"url":"https:\/\/gldlaw.com\/wp-content\/uploads\/2022\/12\/Abogada-de-visa-M-1-Visas-de-estudiante-Davis-Associates.png","type":"","width":"","height":""}],"twitter_card":"summary_large_image","twitter_site":"@GLD_Law","twitter_misc":{"Tiempo de lectura":"6 minutos"},"schema":{"@context":"https:\/\/schema.org","@graph":[{"@type":"WebPage","@id":"https:\/\/gldlaw.com\/immigration\/visas\/m1-visa\/","url":"https:\/\/gldlaw.com\/immigration\/visas\/m1-visa\/","name":"Visa de Estudiante M-1 | Estudiar En El Extranjero","isPartOf":{"@id":"https:\/\/gldlaw.com\/es\/#website"},"primaryImageOfPage":{"@id":"https:\/\/gldlaw.com\/immigration\/visas\/m1-visa\/#primaryimage"},"image":{"@id":"https:\/\/gldlaw.com\/immigration\/visas\/m1-visa\/#primaryimage"},"thumbnailUrl":"https:\/\/gldlaw.com\/wp-content\/uploads\/2022\/12\/Abogada-de-visa-M-1-Visas-de-estudiante-Davis-Associates.png","datePublished":"2021-10-18T18:17:07+00:00","dateModified":"2024-06-06T15:21:48+00:00","description":"\u00bfQu\u00e9 es una visa M-1 y deber\u00eda solicitar una? Esta gu\u00eda explica la visa de estudiante M-1 y si puede obtener una tarjeta verde us\u00e1ndola.","breadcrumb":{"@id":"https:\/\/gldlaw.com\/immigration\/visas\/m1-visa\/#breadcrumb"},"inLanguage":"es","potentialAction":[{"@type":"ReadAction","target":["https:\/\/gldlaw.com\/immigration\/visas\/m1-visa\/"]}]},{"@type":"ImageObject","inLanguage":"es","@id":"https:\/\/gldlaw.com\/immigration\/visas\/m1-visa\/#primaryimage","url":"https:\/\/gldlaw.com\/wp-content\/uploads\/2022\/12\/Abogada-de-visa-M-1-Visas-de-estudiante-Davis-Associates.png","contentUrl":"https:\/\/gldlaw.com\/wp-content\/uploads\/2022\/12\/Abogada-de-visa-M-1-Visas-de-estudiante-Davis-Associates.png"},{"@type":"BreadcrumbList","@id":"https:\/\/gldlaw.com\/immigration\/visas\/m1-visa\/#breadcrumb","itemListElement":[{"@type":"ListItem","position":1,"name":"Home","item":"https:\/\/gldlaw.com\/es\/"},{"@type":"ListItem","position":2,"name":"Areas de Pr\u00e1ctica","item":"https:\/\/gldlaw.com\/es\/inmigracion\/"},{"@type":"ListItem","position":3,"name":"Inmigraci\u00f3n y Visas","item":"https:\/\/gldlaw.com\/es\/inmigracion\/visas\/"},{"@type":"ListItem","position":4,"name":"\u00bfQu\u00e9 Es La Visa de Estudiante M-1?"}]},{"@type":"WebSite","@id":"https:\/\/gldlaw.com\/es\/#website","url":"https:\/\/gldlaw.com\/es\/","name":"Davis &amp; Associates","description":"Dallas \/ Fort Worth Immigration Attorney","potentialAction":[{"@type":"SearchAction","target":{"@type":"EntryPoint","urlTemplate":"https:\/\/gldlaw.com\/es\/?s={search_term_string}"},"query-input":{"@type":"PropertyValueSpecification","valueRequired":true,"valueName":"search_term_string"}}],"inLanguage":"es"}]}},"_links":{"self":[{"href":"https:\/\/gldlaw.com\/es\/wp-json\/wp\/v2\/pages\/9859","targetHints":{"allow":["GET"]}}],"collection":[{"href":"https:\/\/gldlaw.com\/es\/wp-json\/wp\/v2\/pages"}],"about":[{"href":"https:\/\/gldlaw.com\/es\/wp-json\/wp\/v2\/types\/page"}],"author":[{"embeddable":true,"href":"https:\/\/gldlaw.com\/es\/wp-json\/wp\/v2\/users\/5"}],"replies":[{"embeddable":true,"href":"https:\/\/gldlaw.com\/es\/wp-json\/wp\/v2\/comments?post=9859"}],"version-history":[{"count":4,"href":"https:\/\/gldlaw.com\/es\/wp-json\/wp\/v2\/pages\/9859\/revisions"}],"predecessor-version":[{"id":11063,"href":"https:\/\/gldlaw.com\/es\/wp-json\/wp\/v2\/pages\/9859\/revisions\/11063"}],"up":[{"embeddable":true,"href":"https:\/\/gldlaw.com\/es\/wp-json\/wp\/v2\/pages\/3427"}],"wp:attachment":[{"href":"https:\/\/gldlaw.com\/es\/wp-json\/wp\/v2\/media?parent=9859"}],"curies":[{"name":"wp","href":"https:\/\/api.w.org\/{rel}","templated":true}]}}