{"id":9869,"date":"2022-06-23T12:28:21","date_gmt":"2022-06-23T17:28:21","guid":{"rendered":"https:\/\/gldlaw.com\/inmigracion\/visas\/i-visas\/"},"modified":"2025-04-14T11:43:49","modified_gmt":"2025-04-14T16:43:49","slug":"visas-i-para-periodistas-extranjeras","status":"publish","type":"page","link":"https:\/\/gldlaw.com\/es\/inmigracion\/visas\/visas-i-para-periodistas-extranjeras\/","title":{"rendered":"Su Gu\u00eda Completa Para Las Visas I"},"content":{"rendered":"\n\n\t<h1>Su Gu\u00eda Completa Para Las Visas I en Texas<\/h1>\n\t<p>La visa I es una <a href=\"https:\/\/gldlaw.com\/immigration\/visas\/\">visa de no inmigrante<\/a> para periodistas extranjeros, locutores y otros miembros de los medios de comunicaci\u00f3n que trabajar\u00e1n en los Estados Unidos. Esta visa le permite ingresar a los Estados Unidos para trabajar en su campo de periodismo o medios de comunicaci\u00f3n por hasta tres a\u00f1os.<\/p>\n<p>Descripci\u00f3n general de la visa I<\/p>\n<p>Para calificar para una visa I, debe demostrar que es miembro de la prensa extranjera, los medios de comunicaci\u00f3n u otra organizaci\u00f3n basada en la informaci\u00f3n.<\/p>\n\t\t\t\t<img loading=\"lazy\" decoding=\"async\" src=\"https:\/\/gldlaw.com\/wp-content\/uploads\/2022\/12\/I-Visas-para-Periodistas-y-Locutores-Extranjeros-.png\" alt=\"I Visas para Periodistas y Locutores Extranjeros\" itemprop=\"image\" height=\"630\" width=\"1200\" title=\"I Visas para Periodistas y Locutores Extranjeros\" onerror=\"this.style.display='none'\"  \/>\n\t<p>Tambi\u00e9n debe demostrar que viene a los Estados Unidos para trabajar en su campo de periodismo o medios.<\/p>\n<p>Para calificar para una visa I, usted debe:<\/p>\n<ul>\n<li>Ser periodista, locutor u otro miembro de la prensa extranjera, medios de comunicaci\u00f3n u otra organizaci\u00f3n basada en la informaci\u00f3n<\/li>\n<li>Tener un trabajo profesional o una asignaci\u00f3n en los Estados Unidos en su campo de periodismo o medios<\/li>\n<li>Tener una oficina en casa en un pa\u00eds extranjero<\/li>\n<\/ul>\n\t<h2><a href=\"https:\/\/gldlaw.com\/es\/contacto\/\">Haga Clic Hoy Para Su Consulta Gratis &gt;&gt;<\/a><\/h2>\n\t\t\t<a href=\"https:\/\/gldlaw.com\/es\/contacto\/\" target=\"_self\">\n\t\t\t\t\t\t\tOprima Aqu\u00ed\n\t\t\t\t\t<\/a>\n<header>\n<h2><img loading=\"lazy\" decoding=\"async\" src=\"https:\/\/gldlaw.com\/wp-content\/uploads\/2022\/12\/Su-gui\u0301a-completa-para-visas-I-con-Davis-Associates-.png\" alt=\"Su gui\u0301a completa para visas I con Davis &amp; Associates\" width=\"501\" height=\"376\" \/>\u00bfPuede su familia venir con usted a los Estados Unidos? \u00bfSi tiene una visa I?<\/h2>\n<p>Su c\u00f3nyuge e hijos solteros menores de 21 a\u00f1os pueden venir con usted a los Estados Unidos con una visa I. Se les permitir\u00e1 permanecer en los Estados Unidos mientras tenga su visa I. No se les permite trabajar, pero se les permite estudiar en los Estados Unidos sin solicitar una visa diferente.<\/p>\n<h3>\u00bfCu\u00e1nto tiempo puede permanecer en los EE. UU.? \u00bfCon una visa I?<\/h3>\n<p>Puede permanecer en los Estados Unidos con una visa I todo el tiempo que necesite si contin\u00faa trabajando para el mismo empleador en el mismo medio de informaci\u00f3n. Sin embargo, si su <a href=\"https:\/\/gldlaw.com\/immigration\/form-i-94\/\"  data-wpil-monitor-id=\"2\">Formulario I-94<\/a>, &#8220;Registro de llegada y salida&#8221;, tiene un per\u00edodo autorizado de estad\u00eda y encuentra que necesita permanecer en los Estados Unidos por m\u00e1s tiempo, puede solicitar una extensi\u00f3n a trav\u00e9s del Formulario I-539, &#8220;Solicitud para extender \/ cambiar el estatus de no inmigrante.<\/p>\n<h3>\u00bfEs posible venir a los Estados Unidos? \u00bfY participar en su profesi\u00f3n sin una visa I?<\/h3>\n<p>No se le permite trabajar como representante de medios extranjeros sin una visa I, incluso si es de un pa\u00eds que participa en el Programa de Exenci\u00f3n de Visa de los Estados Unidos. En raras circunstancias, puede ser elegible para viajar a los Estados Unidos con una visa de visitante (como una <a href=\"https:\/\/gldlaw.com\/immigration\/visas\/b-1b-2-visas\/\">visa B1 o B2<\/a>). Sin embargo, debe hablar con un abogado sobre su intenci\u00f3n de venir a los Estados Unidos para dedicarse al periodismo o la radiodifusi\u00f3n; Si est\u00e1 aqu\u00ed con el tipo incorrecto de visa, podr\u00eda ser expulsado del pa\u00eds. En el peor de los casos, se le podr\u00eda prohibir regresar a los Estados Unidos en el futuro.<\/p>\n<h2>\u00bfPuede un abogado ayudarle a solicitar una visa I?<\/h2>\n<p>Un abogado de inmigraci\u00f3n de Dallas puede ayudarle a solicitar una visa I. De hecho, muchas personas optan por trabajar con un abogado porque el proceso de solicitud de visa puede ser complicado. Un abogado puede asegurarse de que complete la documentaci\u00f3n necesaria y cumpla con todos los requisitos para la visa I. Adem\u00e1s, su abogado de inmigraci\u00f3n puede enviar su formulario por usted, as\u00ed como realizar un seguimiento de \u00e9l a medida que se abre camino a trav\u00e9s del sistema.<\/p>\n<h3>\u00bfTiene que pasar por una entrevista de inmigraci\u00f3n para obtener una visa I?<\/h3>\n<p>Lo m\u00e1s probable es que tenga que pasar por una entrevista de <a href=\"https:\/\/gldlaw.com\/immigration\/business-immigration\/us-investor-immigration-guide\/\"  data-wpil-monitor-id=\"415\">inmigraci\u00f3n para<\/a> obtener una visa I. Durante su entrevista, un oficial consular le har\u00e1 preguntas sobre su trabajo en los medios de comunicaci\u00f3n, as\u00ed como sus planes para trabajar en los Estados Unidos.<\/p>\n<p>La entrevista tambi\u00e9n es una oportunidad para que el oficial consular verifique que usted es elegible para una visa I. Aseg\u00farese de llevar toda la documentaci\u00f3n requerida a su entrevista, incluido su pasaporte, solicitud de visa de formulario I y evidencia de sus calificaciones profesionales.<\/p>\n<h3>\u00bfQu\u00e9 sucede si su solicitud de visa I es denegada?<\/h3>\n<p>Si su solicitud de visa I es denegada, usted tiene derecho a apelar la decisi\u00f3n. Debe presentar su apelaci\u00f3n dentro de los 30 d\u00edas posteriores a la recepci\u00f3n del aviso de denegaci\u00f3n. Su abogado puede ayudarlo a presentar su apelaci\u00f3n y representarlo durante su audiencia de inmigraci\u00f3n.<\/p>\n<h2>\u00bfNecesita hablar con un abogado sobre c\u00f3mo obtener una visa I como periodista o locutor?<\/h2>\n<p>Si necesita hablar con un abogado sobre c\u00f3mo obtener una visa I para venir a los Estados Unidos a participar en el periodismo o la radiodifusi\u00f3n como representante de un medio de comunicaci\u00f3n extranjero, es posible que podamos ayudarlo. Llame a nuestra oficina hoy para programar una consulta gratuita con un abogado de inmigraci\u00f3n con experiencia que puede ayudarlo a comenzar.<\/p>\n<\/header>\n\t<h2><a href=\"https:\/\/gldlaw.com\/es\/contacto\/\">Haga Clic Hoy Para Su Consulta Gratis &gt;&gt;<\/a><\/h2>\n\t\t\t<a href=\"https:\/\/gldlaw.com\/es\/contacto\/\" target=\"_self\">\n\t\t\t\t\t\t\tOprima Aqu\u00ed\n\t\t\t\t\t<\/a>\n\n","protected":false},"excerpt":{"rendered":"<p>Su Gu\u00eda Completa Para Las Visas I en Texas La visa I es una visa de no inmigrante para periodistas extranjeros, locutores y otros miembros de los medios de comunicaci\u00f3n que trabajar\u00e1n en los Estados Unidos. Esta visa le permite ingresar a los Estados Unidos para trabajar en su campo de periodismo o medios de&hellip;<\/p>\n","protected":false},"author":5,"featured_media":0,"parent":3427,"menu_order":0,"comment_status":"closed","ping_status":"closed","template":"","meta":{"_monsterinsights_skip_tracking":false,"_monsterinsights_sitenote_active":false,"_monsterinsights_sitenote_note":"","_monsterinsights_sitenote_category":0,"footnotes":""},"class_list":["post-9869","page","type-page","status-publish","hentry"],"yoast_head":"<!-- This site is optimized with the Yoast SEO plugin v27.6 - https:\/\/yoast.com\/product\/yoast-seo-wordpress\/ -->\n<title>Su Gu\u00eda Completa Para Las Visas I | Periodistas Extranjeras<\/title>\n<meta name=\"description\" content=\"\u00bfQu\u00e9 es una visa I para miembros de los medios extranjeros? Esta gu\u00eda explica las visas I, c\u00f3mo obtenerlas y c\u00f3mo funcionan.\" \/>\n<meta name=\"robots\" content=\"index, follow, max-snippet:-1, max-image-preview:large, max-video-preview:-1\" \/>\n<link rel=\"canonical\" href=\"https:\/\/gldlaw.com\/es\/inmigracion\/visas\/visas-i-para-periodistas-extranjeras\/\" \/>\n<meta property=\"og:locale\" content=\"es_MX\" \/>\n<meta property=\"og:type\" content=\"article\" \/>\n<meta property=\"og:title\" content=\"Su Gu\u00eda Completa Para Las Visas I | Periodistas Extranjeras\" \/>\n<meta property=\"og:description\" content=\"\u00bfQu\u00e9 es una visa I para miembros de los medios extranjeros? Esta gu\u00eda explica las visas I, c\u00f3mo obtenerlas y c\u00f3mo funcionan.\" \/>\n<meta property=\"og:url\" content=\"https:\/\/gldlaw.com\/es\/inmigracion\/visas\/visas-i-para-periodistas-extranjeras\/\" \/>\n<meta property=\"og:site_name\" content=\"Davis &amp; Associates\" \/>\n<meta property=\"article:publisher\" content=\"https:\/\/www.facebook.com\/GLDavisandAssociates\/\" \/>\n<meta property=\"article:modified_time\" content=\"2025-04-14T16:43:49+00:00\" \/>\n<meta property=\"og:image\" content=\"https:\/\/gldlaw.com\/wp-content\/uploads\/2022\/12\/I-Visas-para-Periodistas-y-Locutores-Extranjeros-.png\" \/>\n<meta name=\"twitter:card\" content=\"summary_large_image\" \/>\n<meta name=\"twitter:site\" content=\"@GLD_Law\" \/>\n<meta name=\"twitter:label1\" content=\"Tiempo de lectura\" \/>\n\t<meta name=\"twitter:data1\" content=\"4 minutos\" \/>\n<script type=\"application\/ld+json\" class=\"yoast-schema-graph\">{\"@context\":\"https:\\\/\\\/schema.org\",\"@graph\":[{\"@type\":\"WebPage\",\"@id\":\"https:\\\/\\\/gldlaw.com\\\/es\\\/inmigracion\\\/visas\\\/visas-i-para-periodistas-extranjeras\\\/\",\"url\":\"https:\\\/\\\/gldlaw.com\\\/es\\\/inmigracion\\\/visas\\\/visas-i-para-periodistas-extranjeras\\\/\",\"name\":\"Su Gu\u00eda Completa Para Las Visas I | Periodistas Extranjeras\",\"isPartOf\":{\"@id\":\"https:\\\/\\\/gldlaw.com\\\/es\\\/#website\"},\"primaryImageOfPage\":{\"@id\":\"https:\\\/\\\/gldlaw.com\\\/es\\\/inmigracion\\\/visas\\\/visas-i-para-periodistas-extranjeras\\\/#primaryimage\"},\"image\":{\"@id\":\"https:\\\/\\\/gldlaw.com\\\/es\\\/inmigracion\\\/visas\\\/visas-i-para-periodistas-extranjeras\\\/#primaryimage\"},\"thumbnailUrl\":\"https:\\\/\\\/gldlaw.com\\\/wp-content\\\/uploads\\\/2022\\\/12\\\/I-Visas-para-Periodistas-y-Locutores-Extranjeros-.png\",\"datePublished\":\"2022-06-23T17:28:21+00:00\",\"dateModified\":\"2025-04-14T16:43:49+00:00\",\"description\":\"\u00bfQu\u00e9 es una visa I para miembros de los medios extranjeros? Esta gu\u00eda explica las visas I, c\u00f3mo obtenerlas y c\u00f3mo funcionan.\",\"breadcrumb\":{\"@id\":\"https:\\\/\\\/gldlaw.com\\\/es\\\/inmigracion\\\/visas\\\/visas-i-para-periodistas-extranjeras\\\/#breadcrumb\"},\"inLanguage\":\"es\",\"potentialAction\":[{\"@type\":\"ReadAction\",\"target\":[\"https:\\\/\\\/gldlaw.com\\\/es\\\/inmigracion\\\/visas\\\/visas-i-para-periodistas-extranjeras\\\/\"]}]},{\"@type\":\"ImageObject\",\"inLanguage\":\"es\",\"@id\":\"https:\\\/\\\/gldlaw.com\\\/es\\\/inmigracion\\\/visas\\\/visas-i-para-periodistas-extranjeras\\\/#primaryimage\",\"url\":\"https:\\\/\\\/gldlaw.com\\\/wp-content\\\/uploads\\\/2022\\\/12\\\/I-Visas-para-Periodistas-y-Locutores-Extranjeros-.png\",\"contentUrl\":\"https:\\\/\\\/gldlaw.com\\\/wp-content\\\/uploads\\\/2022\\\/12\\\/I-Visas-para-Periodistas-y-Locutores-Extranjeros-.png\"},{\"@type\":\"BreadcrumbList\",\"@id\":\"https:\\\/\\\/gldlaw.com\\\/es\\\/inmigracion\\\/visas\\\/visas-i-para-periodistas-extranjeras\\\/#breadcrumb\",\"itemListElement\":[{\"@type\":\"ListItem\",\"position\":1,\"name\":\"Home\",\"item\":\"https:\\\/\\\/gldlaw.com\\\/es\\\/\"},{\"@type\":\"ListItem\",\"position\":2,\"name\":\"Areas de Pr\u00e1ctica\",\"item\":\"https:\\\/\\\/gldlaw.com\\\/es\\\/inmigracion\\\/\"},{\"@type\":\"ListItem\",\"position\":3,\"name\":\"Inmigraci\u00f3n y Visas\",\"item\":\"https:\\\/\\\/gldlaw.com\\\/es\\\/inmigracion\\\/visas\\\/\"},{\"@type\":\"ListItem\",\"position\":4,\"name\":\"Su Gu\u00eda Completa Para Las Visas I\"}]},{\"@type\":\"WebSite\",\"@id\":\"https:\\\/\\\/gldlaw.com\\\/es\\\/#website\",\"url\":\"https:\\\/\\\/gldlaw.com\\\/es\\\/\",\"name\":\"Davis &amp; Associates\",\"description\":\"Dallas \\\/ Fort Worth Immigration Attorney\",\"potentialAction\":[{\"@type\":\"SearchAction\",\"target\":{\"@type\":\"EntryPoint\",\"urlTemplate\":\"https:\\\/\\\/gldlaw.com\\\/es\\\/?s={search_term_string}\"},\"query-input\":{\"@type\":\"PropertyValueSpecification\",\"valueRequired\":true,\"valueName\":\"search_term_string\"}}],\"inLanguage\":\"es\"}]}<\/script>\n<!-- \/ Yoast SEO plugin. -->","yoast_head_json":{"title":"Su Gu\u00eda Completa Para Las Visas I | Periodistas Extranjeras","description":"\u00bfQu\u00e9 es una visa I para miembros de los medios extranjeros? Esta gu\u00eda explica las visas I, c\u00f3mo obtenerlas y c\u00f3mo funcionan.","robots":{"index":"index","follow":"follow","max-snippet":"max-snippet:-1","max-image-preview":"max-image-preview:large","max-video-preview":"max-video-preview:-1"},"canonical":"https:\/\/gldlaw.com\/es\/inmigracion\/visas\/visas-i-para-periodistas-extranjeras\/","og_locale":"es_MX","og_type":"article","og_title":"Su Gu\u00eda Completa Para Las Visas I | Periodistas Extranjeras","og_description":"\u00bfQu\u00e9 es una visa I para miembros de los medios extranjeros? Esta gu\u00eda explica las visas I, c\u00f3mo obtenerlas y c\u00f3mo funcionan.","og_url":"https:\/\/gldlaw.com\/es\/inmigracion\/visas\/visas-i-para-periodistas-extranjeras\/","og_site_name":"Davis &amp; Associates","article_publisher":"https:\/\/www.facebook.com\/GLDavisandAssociates\/","article_modified_time":"2025-04-14T16:43:49+00:00","og_image":[{"url":"https:\/\/gldlaw.com\/wp-content\/uploads\/2022\/12\/I-Visas-para-Periodistas-y-Locutores-Extranjeros-.png","type":"","width":"","height":""}],"twitter_card":"summary_large_image","twitter_site":"@GLD_Law","twitter_misc":{"Tiempo de lectura":"4 minutos"},"schema":{"@context":"https:\/\/schema.org","@graph":[{"@type":"WebPage","@id":"https:\/\/gldlaw.com\/es\/inmigracion\/visas\/visas-i-para-periodistas-extranjeras\/","url":"https:\/\/gldlaw.com\/es\/inmigracion\/visas\/visas-i-para-periodistas-extranjeras\/","name":"Su Gu\u00eda Completa Para Las Visas I | Periodistas Extranjeras","isPartOf":{"@id":"https:\/\/gldlaw.com\/es\/#website"},"primaryImageOfPage":{"@id":"https:\/\/gldlaw.com\/es\/inmigracion\/visas\/visas-i-para-periodistas-extranjeras\/#primaryimage"},"image":{"@id":"https:\/\/gldlaw.com\/es\/inmigracion\/visas\/visas-i-para-periodistas-extranjeras\/#primaryimage"},"thumbnailUrl":"https:\/\/gldlaw.com\/wp-content\/uploads\/2022\/12\/I-Visas-para-Periodistas-y-Locutores-Extranjeros-.png","datePublished":"2022-06-23T17:28:21+00:00","dateModified":"2025-04-14T16:43:49+00:00","description":"\u00bfQu\u00e9 es una visa I para miembros de los medios extranjeros? Esta gu\u00eda explica las visas I, c\u00f3mo obtenerlas y c\u00f3mo funcionan.","breadcrumb":{"@id":"https:\/\/gldlaw.com\/es\/inmigracion\/visas\/visas-i-para-periodistas-extranjeras\/#breadcrumb"},"inLanguage":"es","potentialAction":[{"@type":"ReadAction","target":["https:\/\/gldlaw.com\/es\/inmigracion\/visas\/visas-i-para-periodistas-extranjeras\/"]}]},{"@type":"ImageObject","inLanguage":"es","@id":"https:\/\/gldlaw.com\/es\/inmigracion\/visas\/visas-i-para-periodistas-extranjeras\/#primaryimage","url":"https:\/\/gldlaw.com\/wp-content\/uploads\/2022\/12\/I-Visas-para-Periodistas-y-Locutores-Extranjeros-.png","contentUrl":"https:\/\/gldlaw.com\/wp-content\/uploads\/2022\/12\/I-Visas-para-Periodistas-y-Locutores-Extranjeros-.png"},{"@type":"BreadcrumbList","@id":"https:\/\/gldlaw.com\/es\/inmigracion\/visas\/visas-i-para-periodistas-extranjeras\/#breadcrumb","itemListElement":[{"@type":"ListItem","position":1,"name":"Home","item":"https:\/\/gldlaw.com\/es\/"},{"@type":"ListItem","position":2,"name":"Areas de Pr\u00e1ctica","item":"https:\/\/gldlaw.com\/es\/inmigracion\/"},{"@type":"ListItem","position":3,"name":"Inmigraci\u00f3n y Visas","item":"https:\/\/gldlaw.com\/es\/inmigracion\/visas\/"},{"@type":"ListItem","position":4,"name":"Su Gu\u00eda Completa Para Las Visas I"}]},{"@type":"WebSite","@id":"https:\/\/gldlaw.com\/es\/#website","url":"https:\/\/gldlaw.com\/es\/","name":"Davis &amp; Associates","description":"Dallas \/ Fort Worth Immigration Attorney","potentialAction":[{"@type":"SearchAction","target":{"@type":"EntryPoint","urlTemplate":"https:\/\/gldlaw.com\/es\/?s={search_term_string}"},"query-input":{"@type":"PropertyValueSpecification","valueRequired":true,"valueName":"search_term_string"}}],"inLanguage":"es"}]}},"_links":{"self":[{"href":"https:\/\/gldlaw.com\/es\/wp-json\/wp\/v2\/pages\/9869","targetHints":{"allow":["GET"]}}],"collection":[{"href":"https:\/\/gldlaw.com\/es\/wp-json\/wp\/v2\/pages"}],"about":[{"href":"https:\/\/gldlaw.com\/es\/wp-json\/wp\/v2\/types\/page"}],"author":[{"embeddable":true,"href":"https:\/\/gldlaw.com\/es\/wp-json\/wp\/v2\/users\/5"}],"replies":[{"embeddable":true,"href":"https:\/\/gldlaw.com\/es\/wp-json\/wp\/v2\/comments?post=9869"}],"version-history":[{"count":7,"href":"https:\/\/gldlaw.com\/es\/wp-json\/wp\/v2\/pages\/9869\/revisions"}],"predecessor-version":[{"id":12159,"href":"https:\/\/gldlaw.com\/es\/wp-json\/wp\/v2\/pages\/9869\/revisions\/12159"}],"up":[{"embeddable":true,"href":"https:\/\/gldlaw.com\/es\/wp-json\/wp\/v2\/pages\/3427"}],"wp:attachment":[{"href":"https:\/\/gldlaw.com\/es\/wp-json\/wp\/v2\/media?parent=9869"}],"curies":[{"name":"wp","href":"https:\/\/api.w.org\/{rel}","templated":true}]}}