{"id":9878,"date":"2021-09-15T11:06:39","date_gmt":"2021-09-15T16:06:39","guid":{"rendered":"https:\/\/gldlaw.com\/richardson-immigration-attorney\/"},"modified":"2025-02-19T18:10:37","modified_gmt":"2025-02-20T00:10:37","slug":"abogados-de-inmigracion-en-richardson","status":"publish","type":"page","link":"https:\/\/gldlaw.com\/es\/abogados-de-inmigracion-en-richardson\/","title":{"rendered":"Abogados de Inmigraci\u00f3n en Richardson, TX"},"content":{"rendered":"\r\n<h1>Richardson Immigration Attorney<\/h1>\r\n<h2>Citizenship, Visas and More<\/h2>\r\n<p>The immigration process in the United States is notoriously complex &#8211; and that&#8217;s why many people choose to work with a Richardson, TX immigration attorney.<\/p>\r\n<p>Whether you want to come to the U.S. on a visitor or work visa, obtain permanent residency in the United States, or become a naturalized citizen, or if you run a company that wants to hire foreign workers, working with a Richardson immigration attorney may be the best choice for you.<\/p>\r\n<p><iframe loading=\"lazy\" title=\"Firm Overview\" src=\"https:\/\/www.youtube.com\/embed\/07-4rts_d60?feature=oembed\" width=\"500\" height=\"281\" frameborder=\"0\" allowfullscreen=\"allowfullscreen\"><\/iframe> <img loading=\"lazy\" decoding=\"async\" title=\"Richardson Immigration Attorney\" src=\"https:\/\/gldlaw.com\/wp-content\/uploads\/2021\/09\/Richardson-Immigration-Attorney.png\" alt=\"Richardson Immigration Attorney\" width=\"1200\" height=\"630\" \/><\/p>\r\n<h2>WHY CHOOSE DAVIS &amp; ASSOCIATES<\/h2>\r\n<ul>\r\n<li>Mr. Davis is Board Certified in Immigration and Nationality Law by the Texas Board of Legal Specialization.<\/li>\r\n<li>(Our motto is &#8220;Families, not Files&#8221; because when you do business with us, you are not just another case file.)<\/li>\r\n<li>Our staff is multi-lingual and many of us have experienced the immigration process with our families and friends.<\/li>\r\n<\/ul>\r\n<h4>Eddy<\/h4>\r\n<p>Getting a green card is a long and tough process; however, Beatriz and her team were there every step of the way. They were always there when my husband and I had questions. It was a huge relief to know we had an amazing team behind us throughout the process. I was so pleased with their attentiveness and professionalism that I recommended them to my mother and friend. Once again thank you Beatriz you are amazing!<\/p>\r\n<h2><a href=\"https:\/\/www.gldlaw.com\/contact-us-for-a-free-consultation\/#~o4H7t91\">SCHEDULE YOUR <strong>FREE<\/strong> CONSULTATION TODAY \u00bb<\/a><\/h2>\r\n<p><a role=\"button\" href=\"https:\/\/www.gldlaw.com\/contact-us-for-a-free-consultation\/\" target=\"_self\" rel=\"noopener\"> GET STARTED \u00bb <\/a><\/p>\r\n<h2>Types of Services You Can Expect From a Richardson Immigration Attorney<\/h2>\r\n<p>Our team of Richardson immigration attorneys can help you with:<\/p>\r\n<ul>\r\n<li>Business immigration<\/li>\r\n<li>Family immigration<\/li>\r\n<li>Visas<\/li>\r\n<li>Green cards<\/li>\r\n<li>Citizenship and naturalization<\/li>\r\n<li>Deportation defense<\/li>\r\n<li>DACA<\/li>\r\n<li>Asylum<\/li>\r\n<li>Immigration appeals<\/li>\r\n<\/ul>\r\n<p><iframe loading=\"lazy\" title=\"Meet The Team\" src=\"https:\/\/www.youtube.com\/embed\/6PqDL99dxVY?feature=oembed\" width=\"500\" height=\"281\" frameborder=\"0\" allowfullscreen=\"allowfullscreen\"><\/iframe><\/p>\r\n<h2>Business Immigration<\/h2>\r\n<p><iframe loading=\"lazy\" title=\"Business Immigration\" src=\"https:\/\/www.youtube.com\/embed\/soc5Zg9_q8Y?feature=oembed\" width=\"500\" height=\"281\" frameborder=\"0\" allowfullscreen=\"allowfullscreen\"><\/iframe><\/p>\r\n<p><a href=\"https:\/\/gldlaw.com\/es\/inmigracion\/la-inmigracion-de-negocios\/\">Business immigration<\/a> is one of the most complicated areas of U.S. immigration law &#8211; so most companies choose to work with a Richardson immigration attorney from the start.<\/p>\r\n<p>These laws apply to any employer that wants to bring in foreign talent, as well as to any foreign employee who wants to work in the United States.<\/p>\r\n<p>For the most part, businesses must petition the U.S. government on behalf of a worker; workers aren&#8217;t allowed to petition for themselves except in very specific cases.<\/p>\r\n<p>However, immigrant investors are eligible to petition for themselves.<\/p>\r\n<p>There are several types of visas available to foreign workers. Some are nonimmigrant visas, and some are immigrant visas. The key difference is whether the visa could lead to permanent residency in the United States or whether the worker is only coming to the U.S. temporarily.<\/p>\r\n<h2>Business Visas in Richardson<\/h2>\r\n<p>If you need a visa, it may be in your best interest to talk to a Richardson immigration attorney. Every foreigner who wants to come to the U.S., whether it&#8217;s for business, immigration purposes or even a visit, must have a valid visa to get into the country.<\/p>\r\n<p>There are several business visas available to workers, but in the vast majority of cases, workers cannot apply for them on their own. Workers must generally be sponsored by an employer in the United States who applies on their behalf. Here&#8217;s a quick glance at the types of business visas that may be available to you:<\/p>\r\n<ul>\r\n<li>CW-1 visas for transitional workers<\/li>\r\n<li><a href=\"https:\/\/gldlaw.com\/es\/inmigracion\/la-inmigracion-de-negocios\/visa-e-1\/\">E-1<\/a>, <a href=\"https:\/\/gldlaw.com\/es\/inmigracion\/la-inmigracion-de-negocios\/visado-e-2\/\">E-2<\/a>, E-2C and E-3, <a href=\"https:\/\/gldlaw.com\/es\/inmigracion\/la-inmigracion-de-negocios\/visas-eb-1\/\">EB-1<\/a>, and <a href=\"https:\/\/gldlaw.com\/es\/inmigracion\/la-inmigracion-de-negocios\/visa-de-inversionista-eb-5\/\">EB-5<\/a> visas for treaty traders, treaty investors, qualified employees, long-term foreign investors, and certain specialty occupation professionals coming from Australia only<\/li>\r\n<li><a href=\"https:\/\/gldlaw.com\/es\/inmigracion\/la-inmigracion-de-negocios\/h-1b-employment-visa\/\">H-1B<\/a> visas for Free Trade Agreement workers, specialty occupations, fashion models of distinguished merit and ability, and workers in specialty occupations<\/li>\r\n<li><a href=\"https:\/\/www.uscis.gov\/archive\/h-1c-registered-nurse-working-in-a-health-professional-shortage-area-as-determined-by-the-department\">H-1C visas for registered nurses<\/a><\/li>\r\n<li>H-2A visas for temporary or seasonal agricultural workers<\/li>\r\n<li><a href=\"https:\/\/gldlaw.com\/es\/?page_id=6831\">H-2B<\/a> visas for temporary non-agricultural workers<\/li>\r\n<li>H-3 visas for trainees (other than medical or academic)<\/li>\r\n<li><a href=\"https:\/\/gldlaw.com\/es\/inmigracion\/la-inmigracion-de-negocios\/visa-h-4\/\">H-4 Visas<\/a><\/li>\r\n<li>I visas for representatives of foreign information media, including the press, radio and film<\/li>\r\n<li><a href=\"https:\/\/gldlaw.com\/es\/inmigracion\/la-inmigracion-de-negocios\/visa-l-1\/\">L-1A<\/a> and <a href=\"https:\/\/gldlaw.com\/es\/inmigracion\/la-inmigracion-de-negocios\/visas-l-1b\/\">L-1B<\/a> visas for intracompany transferees<\/li>\r\n<li><a href=\"https:\/\/gldlaw.com\/es\/inmigracion\/la-inmigracion-de-negocios\/guia-de-visas-o-1\/\">O-1<\/a> and O-2 visas for people with extraordinary ability in the sciences, arts, education, business, athletics, or production in motion pictures and television (and their support staff)<\/li>\r\n<li><a href=\"https:\/\/gldlaw.com\/es\/inmigracion\/la-inmigracion-de-negocios\/visas-p1\/\">P-1A and P-1B visas<\/a> for internationally recognized athletes, entertainers, and members of entertainment groups<\/li>\r\n<li>P-2 and P-3 visas for individual performers and groups entering to perform under reciprocal exchange programs, as well as artists and entertainers coming to the U.S. to perform, teach or coach under a culturally unique program<\/li>\r\n<li>Q-1 visas for people participating in international cultural exchange programs<\/li>\r\n<li>R-1 visas for religious workers<\/li>\r\n<li><a href=\"https:\/\/gldlaw.com\/es\/inmigracion\/la-inmigracion-de-negocios\/tn-visas-for-nafta-professionals\/\">TN visas<\/a> for North American Free Trade Agreement temporary professionals coming from Canada or Mexico<\/li>\r\n<\/ul>\r\n<p>You may also be eligible for a visa to come to the U.S. to marry a U.S. citizen or lawful permanent resident, or, if you&#8217;re already married, to join your spouse here. Your attorney can point you in the right direction.<\/p>\r\n<h2>Working With a Richardson Immigration Attorney on Family Immigration<\/h2>\r\n<p>Family members of U.S. citizens and green card holders may be eligible to come to the U.S. and receive a green card &#8211; that is, lawful permanent residency &#8211; in many ways. You may be able to:<\/p>\r\n<ul>\r\n<li><a href=\"https:\/\/gldlaw.com\/es\/inmigracion\/inmigracion-familiar\/matrimonio-con-tarjeta-verde\/\">Obtain a green card through marriage<\/a><\/li>\r\n<li><a href=\"https:\/\/gldlaw.com\/es\/inmigracion\/inmigracion-familiar\/visas-de-prometido-k-1\/\">Get a visa to marry your fianc\u00e9 in the U.S.<\/a><\/li>\r\n<li>Come to the U.S. as a child, parent or sibling of a U.S. citizen or lawful permanent resident<\/li>\r\n<\/ul>\r\n<p>Generally, U.S. citizens can bring fianc\u00e9s, spouses, children, siblings and parents to the U.S., and lawful permanent<\/p>\r\n<p><iframe loading=\"lazy\" title=\"Family Immigration\" src=\"https:\/\/www.youtube.com\/embed\/-AURpgbdVdE?feature=oembed\" width=\"500\" height=\"281\" frameborder=\"0\" allowfullscreen=\"allowfullscreen\"><\/iframe><\/p>\r\n<p>residents with green cards are often able to bring spouses and children.<\/p>\r\n<p>Some family members must wait for green cards to become available to them, while others may be eligible to apply immediately. That&#8217;s because there are limits on the number of green cards the U.S. government can give to people in certain categories (such as siblings of citizens); there are no limits on immediate family member visas and green cards, though.<\/p>\r\n<p>That means if your spouse is a U.S. citizen or lawful permanent resident (green card-holder), you can apply for your green card immediately without waiting for a spot to open up for you.<\/p>\r\n<p>Family Immigration Visa &amp; Green Cards to Apply For:<\/p>\r\n<p>Helpful Family Immigration Articles:<\/p>\r\n<h2><a href=\"https:\/\/www.gldlaw.com\/contact-us-for-a-free-consultation\/#~o4H7t91\">SCHEDULE YOUR <strong>FREE<\/strong> CONSULTATION TODAY \u00bb<\/a><\/h2>\r\n<p><a role=\"button\" href=\"https:\/\/www.gldlaw.com\/contact-us-for-a-free-consultation\/\" target=\"_self\" rel=\"noopener\"> GET STARTED \u00bb <\/a><\/p>\r\n<h2>Green Cards<\/h2>\r\n<p>Highly sought-after green cards grant a holder lawful permanent residency in the United States.<\/p>\r\n<p>Green card holders are not citizens, but they can live and work in the U.S. indefinitely.<\/p>\r\n<p>Having a green card means you&#8217;re a lawful permanent resident of the United States.<\/p>\r\n<p>As such, you&#8217;re allowed to live and work anywhere you want in the country.<\/p>\r\n<p>However, not everyone is eligible for a green card. You may only be eligible if you fit into one of the following categories:<\/p>\r\n<p><iframe loading=\"lazy\" title=\"Visas and Greencards\" src=\"https:\/\/www.youtube.com\/embed\/tLjediP_qm4?feature=oembed\" width=\"500\" height=\"281\" frameborder=\"0\" allowfullscreen=\"allowfullscreen\"><\/iframe><\/p>\r\n<ul>\r\n<li><strong>Family<\/strong>. This means you have a U.S. citizen family member, or a family member who is a lawful permanent resident of the United States.<\/li>\r\n<li><strong>Employment<\/strong>. You intend to work for a U.S. company in the United States, or you&#8217;re an investor who wishes to invest a substantial amount of capital into an American company.<\/li>\r\n<li><strong>Special immigrant status.<\/strong> You qualify as a special immigrant because you fall into one of a number of categories.<\/li>\r\n<li><strong>Refugee or asylee status<\/strong>. You can get a green card if you&#8217;re an asylee or refugee in the United States.<\/li>\r\n<li><strong>As a human trafficking or crime victim.<\/strong> Many human trafficking and other crime victims are eligible for green cards.<\/li>\r\n<li><strong>As a victim of abuse.<\/strong> Victims of abuse at the hands of a U.S. citizen or lawful permanent resident, such as a spouse, parent or child, are eligible for green cards without their family member&#8217;s application.<\/li>\r\n<li><strong>Through registry.<\/strong> If you&#8217;ve been present in the U.S. for a very long time (since January 1, 1972) you can apply for a green card.<\/li>\r\n<\/ul>\r\n<h2>Citizenship and Naturalization<\/h2>\r\n<p>Your Richardson immigration attorney may help you become a U.S. citizen, provided that you:<\/p>\r\n<ul>\r\n<li>Are at least age 18<\/li>\r\n<li>Are a lawful permanent resident with a green card for at least five years (three if you&#8217;re married to a U.S. citizen)<\/li>\r\n<li>Demonstrate continuous residence in the U.S. for at least 5 years prior to your petition<\/li>\r\n<li>Prove that you&#8217;ve been physically present for 30 months out of the past 5 years at the time you apply<\/li>\r\n<li>Prove at least three months of resident in your state or district<\/li>\r\n<li>Are a person of good moral character<\/li>\r\n<li>Can read, write and speak English passably<\/li>\r\n<li>Respect and adhere to the U.S. Constitutions principles and ideals<\/li>\r\n<li>Swear an oath of allegiance to the United States<\/li>\r\n<\/ul>\r\n<p><iframe loading=\"lazy\" title=\"Naturalized Citizenship\" src=\"https:\/\/www.youtube.com\/embed\/1UIiGpVEO2Q?start=6&amp;feature=oembed\" width=\"500\" height=\"281\" frameborder=\"0\" allowfullscreen=\"allowfullscreen\"><\/iframe><\/p>\r\n<h2><a href=\"https:\/\/www.gldlaw.com\/contact-us-for-a-free-consultation\/#~o4H7t91\">SCHEDULE YOUR <strong>FREE<\/strong> CONSULTATION TODAY \u00bb<\/a><\/h2>\r\n<p><a role=\"button\" href=\"https:\/\/www.gldlaw.com\/contact-us-for-a-free-consultation\/\" target=\"_self\" rel=\"noopener\"> GET STARTED \u00bb <\/a><\/p>\r\n<h2>Deportation Defense in Richardson<\/h2>\r\n<p>If you receive a notice that says you&#8217;re in <a href=\"https:\/\/gldlaw.com\/es\/descripcion-de-los-procedimientos-de-remocion-y-por-que-deberia-contratar-un-abogado-de-deportacion\/\">removal proceedings<\/a>, it means the U.S. government is trying to deport you.<\/p>\r\n<p>The\u00a0<a href=\"https:\/\/www.gldlaw.com\/attorneys\/\">immigration attorneys<\/a> in our firm have tried hundreds of deportation cases in immigration courts throughout the country.<\/p>\r\n<p>Our deportation services help individuals and families navigate the challenges of deportation processing. We help in removal proceedings and Appeals.<\/p>\r\n<p>Our Richardson immigration attorney may be able to help you, and you should call immediately.<\/p>\r\n<p><iframe loading=\"lazy\" title=\"Deportation\" src=\"https:\/\/www.youtube.com\/embed\/HhLYdV0FnCM?feature=oembed\" width=\"500\" height=\"281\" frameborder=\"0\" allowfullscreen=\"allowfullscreen\"><\/iframe><\/p>\r\n<h2>Do You Need a Richardson Immigration Attorney?<\/h2>\r\n<p>If you need help from a Richardson immigration attorney, we&#8217;re here for you. Call us today to schedule your free consultation.<\/p>\r\n<h3>Best Restaurants in Richardson<\/h3>\r\n<ul>\r\n<li><a href=\"http:\/\/www.woodybsbbq.com\/\">Woody B&#8217;s BBQ<\/a><\/li>\r\n<li><a href=\"http:\/\/dangkifusion.com\/\">Dangki Fusion<\/a><\/li>\r\n<li><a href=\"http:\/\/www.freshii.com\/\">Freshii<\/a><\/li>\r\n<\/ul>\r\n<h3>Popular Places to Shop in Richardson<\/h3>\r\n<ul>\r\n<li><a href=\"http:\/\/www.hi-reit.com\/propertiesforlease\/richardson-heights-shopping-center\/\">Richardson Heights Village<\/a><\/li>\r\n<li><a href=\"https:\/\/richardsonsquare.com\/\">Richardson Square<\/a><\/li>\r\n<li><a href=\"http:\/\/citylinedfw.com\/\">CityLine<\/a><\/li>\r\n<\/ul>\r\n<h3>Things to Do and See in Richardson After Your Immigration Petition is Approved<\/h3>\r\n<ul>\r\n<li><a href=\"https:\/\/www.cor.net\/index.aspx?page=638\">Spring Creek Nature Area<\/a><\/li>\r\n<\/ul>\r\n<h2><a href=\"https:\/\/www.gldlaw.com\/contact-us-for-a-free-consultation\/#~o4H7t91\">SCHEDULE YOUR <strong>FREE<\/strong> CONSULTATION TODAY \u00bb<\/a><\/h2>\r\n<p><a role=\"button\" href=\"https:\/\/www.gldlaw.com\/contact-us-for-a-free-consultation\/\" target=\"_self\" rel=\"noopener\"> GET STARTED \u00bb <\/a><\/p>\r\n","protected":false},"excerpt":{"rendered":"<p>Richardson Immigration Attorney Citizenship, Visas and More The immigration process in the United States is notoriously complex &#8211; and that&#8217;s why many people choose to work with a Richardson, TX immigration attorney. Whether you want to come to the U.S. on a visitor or work visa, obtain permanent residency in the United States, or become&hellip;<\/p>\n","protected":false},"author":5,"featured_media":0,"parent":0,"menu_order":0,"comment_status":"closed","ping_status":"closed","template":"","meta":{"_monsterinsights_skip_tracking":false,"_monsterinsights_sitenote_active":false,"_monsterinsights_sitenote_note":"","_monsterinsights_sitenote_category":0,"footnotes":""},"class_list":["post-9878","page","type-page","status-publish","hentry"],"yoast_head":"<!-- This site is optimized with the Yoast SEO plugin v27.6 - https:\/\/yoast.com\/product\/yoast-seo-wordpress\/ -->\n<title>Abogados de Inmigraci\u00f3n en Richardson, TX | Davis &amp; Associates<\/title>\n<meta name=\"description\" content=\"\u00bfNecesita un abogado de inmigraci\u00f3n en Richardson, TX? Podemos ayudar con inmigraci\u00f3n familiar, defensa contra deportaci\u00f3n, inmigraci\u00f3n comercial y m\u00e1s.\" \/>\n<meta name=\"robots\" content=\"index, follow, max-snippet:-1, max-image-preview:large, max-video-preview:-1\" \/>\n<link rel=\"canonical\" href=\"https:\/\/gldlaw.com\/richardson-immigration-attorney\/\" \/>\n<meta property=\"og:locale\" content=\"es_MX\" \/>\n<meta property=\"og:type\" content=\"article\" \/>\n<meta property=\"og:title\" content=\"Abogados de Inmigraci\u00f3n en Richardson, TX | Davis &amp; Associates\" \/>\n<meta property=\"og:description\" content=\"\u00bfNecesita un abogado de inmigraci\u00f3n en Richardson, TX? Podemos ayudar con inmigraci\u00f3n familiar, defensa contra deportaci\u00f3n, inmigraci\u00f3n comercial y m\u00e1s.\" \/>\n<meta property=\"og:url\" content=\"https:\/\/gldlaw.com\/richardson-immigration-attorney\/\" \/>\n<meta property=\"og:site_name\" content=\"Davis &amp; Associates\" \/>\n<meta property=\"article:publisher\" content=\"https:\/\/www.facebook.com\/GLDavisandAssociates\/\" \/>\n<meta property=\"article:modified_time\" content=\"2025-02-20T00:10:37+00:00\" \/>\n<meta property=\"og:image\" content=\"https:\/\/gldlaw.com\/wp-content\/uploads\/2021\/09\/Richardson-Immigration-Attorney.png\" \/>\n<meta name=\"twitter:card\" content=\"summary_large_image\" \/>\n<meta name=\"twitter:site\" content=\"@GLD_Law\" \/>\n<meta name=\"twitter:label1\" content=\"Tiempo de lectura\" \/>\n\t<meta name=\"twitter:data1\" content=\"7 minutos\" \/>\n<script type=\"application\/ld+json\" class=\"yoast-schema-graph\">{\"@context\":\"https:\\\/\\\/schema.org\",\"@graph\":[{\"@type\":\"WebPage\",\"@id\":\"https:\\\/\\\/gldlaw.com\\\/richardson-immigration-attorney\\\/\",\"url\":\"https:\\\/\\\/gldlaw.com\\\/richardson-immigration-attorney\\\/\",\"name\":\"Abogados de Inmigraci\u00f3n en Richardson, TX | Davis & Associates\",\"isPartOf\":{\"@id\":\"https:\\\/\\\/gldlaw.com\\\/es\\\/#website\"},\"primaryImageOfPage\":{\"@id\":\"https:\\\/\\\/gldlaw.com\\\/richardson-immigration-attorney\\\/#primaryimage\"},\"image\":{\"@id\":\"https:\\\/\\\/gldlaw.com\\\/richardson-immigration-attorney\\\/#primaryimage\"},\"thumbnailUrl\":\"https:\\\/\\\/gldlaw.com\\\/wp-content\\\/uploads\\\/2021\\\/09\\\/Richardson-Immigration-Attorney.png\",\"datePublished\":\"2021-09-15T16:06:39+00:00\",\"dateModified\":\"2025-02-20T00:10:37+00:00\",\"description\":\"\u00bfNecesita un abogado de inmigraci\u00f3n en Richardson, TX? Podemos ayudar con inmigraci\u00f3n familiar, defensa contra deportaci\u00f3n, inmigraci\u00f3n comercial y m\u00e1s.\",\"breadcrumb\":{\"@id\":\"https:\\\/\\\/gldlaw.com\\\/richardson-immigration-attorney\\\/#breadcrumb\"},\"inLanguage\":\"es\",\"potentialAction\":[{\"@type\":\"ReadAction\",\"target\":[\"https:\\\/\\\/gldlaw.com\\\/richardson-immigration-attorney\\\/\"]}]},{\"@type\":\"ImageObject\",\"inLanguage\":\"es\",\"@id\":\"https:\\\/\\\/gldlaw.com\\\/richardson-immigration-attorney\\\/#primaryimage\",\"url\":\"https:\\\/\\\/gldlaw.com\\\/wp-content\\\/uploads\\\/2021\\\/09\\\/Richardson-Immigration-Attorney.png\",\"contentUrl\":\"https:\\\/\\\/gldlaw.com\\\/wp-content\\\/uploads\\\/2021\\\/09\\\/Richardson-Immigration-Attorney.png\"},{\"@type\":\"BreadcrumbList\",\"@id\":\"https:\\\/\\\/gldlaw.com\\\/richardson-immigration-attorney\\\/#breadcrumb\",\"itemListElement\":[{\"@type\":\"ListItem\",\"position\":1,\"name\":\"Home\",\"item\":\"https:\\\/\\\/gldlaw.com\\\/es\\\/\"},{\"@type\":\"ListItem\",\"position\":2,\"name\":\"Abogados de Inmigraci\u00f3n en Richardson, TX\"}]},{\"@type\":\"WebSite\",\"@id\":\"https:\\\/\\\/gldlaw.com\\\/es\\\/#website\",\"url\":\"https:\\\/\\\/gldlaw.com\\\/es\\\/\",\"name\":\"Davis &amp; Associates\",\"description\":\"Dallas \\\/ Fort Worth Immigration Attorney\",\"potentialAction\":[{\"@type\":\"SearchAction\",\"target\":{\"@type\":\"EntryPoint\",\"urlTemplate\":\"https:\\\/\\\/gldlaw.com\\\/es\\\/?s={search_term_string}\"},\"query-input\":{\"@type\":\"PropertyValueSpecification\",\"valueRequired\":true,\"valueName\":\"search_term_string\"}}],\"inLanguage\":\"es\"}]}<\/script>\n<!-- \/ Yoast SEO plugin. -->","yoast_head_json":{"title":"Abogados de Inmigraci\u00f3n en Richardson, TX | Davis & Associates","description":"\u00bfNecesita un abogado de inmigraci\u00f3n en Richardson, TX? Podemos ayudar con inmigraci\u00f3n familiar, defensa contra deportaci\u00f3n, inmigraci\u00f3n comercial y m\u00e1s.","robots":{"index":"index","follow":"follow","max-snippet":"max-snippet:-1","max-image-preview":"max-image-preview:large","max-video-preview":"max-video-preview:-1"},"canonical":"https:\/\/gldlaw.com\/richardson-immigration-attorney\/","og_locale":"es_MX","og_type":"article","og_title":"Abogados de Inmigraci\u00f3n en Richardson, TX | Davis & Associates","og_description":"\u00bfNecesita un abogado de inmigraci\u00f3n en Richardson, TX? Podemos ayudar con inmigraci\u00f3n familiar, defensa contra deportaci\u00f3n, inmigraci\u00f3n comercial y m\u00e1s.","og_url":"https:\/\/gldlaw.com\/richardson-immigration-attorney\/","og_site_name":"Davis &amp; Associates","article_publisher":"https:\/\/www.facebook.com\/GLDavisandAssociates\/","article_modified_time":"2025-02-20T00:10:37+00:00","og_image":[{"url":"https:\/\/gldlaw.com\/wp-content\/uploads\/2021\/09\/Richardson-Immigration-Attorney.png","type":"","width":"","height":""}],"twitter_card":"summary_large_image","twitter_site":"@GLD_Law","twitter_misc":{"Tiempo de lectura":"7 minutos"},"schema":{"@context":"https:\/\/schema.org","@graph":[{"@type":"WebPage","@id":"https:\/\/gldlaw.com\/richardson-immigration-attorney\/","url":"https:\/\/gldlaw.com\/richardson-immigration-attorney\/","name":"Abogados de Inmigraci\u00f3n en Richardson, TX | Davis & Associates","isPartOf":{"@id":"https:\/\/gldlaw.com\/es\/#website"},"primaryImageOfPage":{"@id":"https:\/\/gldlaw.com\/richardson-immigration-attorney\/#primaryimage"},"image":{"@id":"https:\/\/gldlaw.com\/richardson-immigration-attorney\/#primaryimage"},"thumbnailUrl":"https:\/\/gldlaw.com\/wp-content\/uploads\/2021\/09\/Richardson-Immigration-Attorney.png","datePublished":"2021-09-15T16:06:39+00:00","dateModified":"2025-02-20T00:10:37+00:00","description":"\u00bfNecesita un abogado de inmigraci\u00f3n en Richardson, TX? Podemos ayudar con inmigraci\u00f3n familiar, defensa contra deportaci\u00f3n, inmigraci\u00f3n comercial y m\u00e1s.","breadcrumb":{"@id":"https:\/\/gldlaw.com\/richardson-immigration-attorney\/#breadcrumb"},"inLanguage":"es","potentialAction":[{"@type":"ReadAction","target":["https:\/\/gldlaw.com\/richardson-immigration-attorney\/"]}]},{"@type":"ImageObject","inLanguage":"es","@id":"https:\/\/gldlaw.com\/richardson-immigration-attorney\/#primaryimage","url":"https:\/\/gldlaw.com\/wp-content\/uploads\/2021\/09\/Richardson-Immigration-Attorney.png","contentUrl":"https:\/\/gldlaw.com\/wp-content\/uploads\/2021\/09\/Richardson-Immigration-Attorney.png"},{"@type":"BreadcrumbList","@id":"https:\/\/gldlaw.com\/richardson-immigration-attorney\/#breadcrumb","itemListElement":[{"@type":"ListItem","position":1,"name":"Home","item":"https:\/\/gldlaw.com\/es\/"},{"@type":"ListItem","position":2,"name":"Abogados de Inmigraci\u00f3n en Richardson, TX"}]},{"@type":"WebSite","@id":"https:\/\/gldlaw.com\/es\/#website","url":"https:\/\/gldlaw.com\/es\/","name":"Davis &amp; Associates","description":"Dallas \/ Fort Worth Immigration Attorney","potentialAction":[{"@type":"SearchAction","target":{"@type":"EntryPoint","urlTemplate":"https:\/\/gldlaw.com\/es\/?s={search_term_string}"},"query-input":{"@type":"PropertyValueSpecification","valueRequired":true,"valueName":"search_term_string"}}],"inLanguage":"es"}]}},"_links":{"self":[{"href":"https:\/\/gldlaw.com\/es\/wp-json\/wp\/v2\/pages\/9878","targetHints":{"allow":["GET"]}}],"collection":[{"href":"https:\/\/gldlaw.com\/es\/wp-json\/wp\/v2\/pages"}],"about":[{"href":"https:\/\/gldlaw.com\/es\/wp-json\/wp\/v2\/types\/page"}],"author":[{"embeddable":true,"href":"https:\/\/gldlaw.com\/es\/wp-json\/wp\/v2\/users\/5"}],"replies":[{"embeddable":true,"href":"https:\/\/gldlaw.com\/es\/wp-json\/wp\/v2\/comments?post=9878"}],"version-history":[{"count":8,"href":"https:\/\/gldlaw.com\/es\/wp-json\/wp\/v2\/pages\/9878\/revisions"}],"predecessor-version":[{"id":11043,"href":"https:\/\/gldlaw.com\/es\/wp-json\/wp\/v2\/pages\/9878\/revisions\/11043"}],"wp:attachment":[{"href":"https:\/\/gldlaw.com\/es\/wp-json\/wp\/v2\/media?parent=9878"}],"curies":[{"name":"wp","href":"https:\/\/api.w.org\/{rel}","templated":true}]}}