{"id":9920,"date":"2023-01-04T15:10:52","date_gmt":"2023-01-04T21:10:52","guid":{"rendered":"https:\/\/gldlaw.com\/inmigracion\/tarjeta-verdes\/joint-sponsor\/"},"modified":"2023-01-06T14:34:21","modified_gmt":"2023-01-06T20:34:21","slug":"patrocinador-conjunto","status":"publish","type":"page","link":"https:\/\/gldlaw.com\/es\/inmigracion\/tarjeta-verdes\/patrocinador-conjunto\/","title":{"rendered":"\u00bfQu\u00e9 Es Un Patrocinador Conjunto Y Necesita Uno?"},"content":{"rendered":"\n\n\t<h1>\u00bfQu\u00e9 Es Un Patrocinador Conjunto Y Necesita Uno?<\/h1>\n\t<p>Cuando solicita que un miembro de la familia obtenga una <a href=\"https:\/\/gldlaw.com\/es\/inmigracion\/tarjeta-verdes\/green-card-documentation\/\">tarjeta verde<\/a>, hacerlo viene con un compromiso de \u00a0su apoyo financiero por lo que puede ser un per\u00edodo de tiempo considerablemente largo.<\/p>\n<p>A veces, el patrocinador principal de la tarjeta verde puede no cumplir con todos los requisitos financieros necesarios para patrocinar a alguien para una tarjeta verde.<\/p>\n<p>Eso no significa que no puedan patrocinar a alguien, y no pueden obtener una tarjeta verde. Significa que pueden necesitar un patrocinador conjunto.<\/p>\n\t\t\t\t<img loading=\"lazy\" decoding=\"async\" src=\"https:\/\/gldlaw.com\/wp-content\/uploads\/2023\/01\/Joint-Sponsorship-with-Davis-Associates-.png\" alt=\"Joint Sponsorship with Davis &amp; Associates\" itemprop=\"image\" height=\"630\" width=\"1200\" title=\"Joint Sponsorship with Davis &amp; Associates\" onerror=\"this.style.display='none'\"  \/>\n\t<p>Esta gu\u00eda explica los roles de \u00a0un patrocinador financiero, qu\u00e9 es un patrocinador conjunto y si necesita un patrocinador conjunto.<\/p>\n<h2>\u00bfPor qu\u00e9 un inmigrante necesita un patrocinador financiero?<\/h2>\n<p>Para que un miembro de la familia inmigrante obtenga una tarjeta verde, debe demostrar \u00a0que no esprobable que se convierta en una carga p\u00fablica, mientras que una persona necesita asistencia financiera del gobierno de los Estados Unidos. Para evitar este resultado, el gobierno requiere que el individuo tenga un patrocinador financiero.<\/p>\n\t<h2><a href=\"https:\/\/gldlaw.com\/es\/contacto\/\">Haga Clic Hoy Para Su Consulta Gratis<\/a><\/h2>\n\t\t\t<a href=\"https:\/\/gldlaw.com\/es\/contacto\/\" target=\"_self\" role=\"button\" rel=\"noopener\">\n\t\t\t\t\t\t\tOprima Aqu\u00ed\n\t\t\t\t\t<\/a>\n\t<h2><img loading=\"lazy\" decoding=\"async\" src=\"https:\/\/gldlaw.com\/wp-content\/uploads\/2023\/01\/Costos-de-Patrocinio-Conjunto.png\" alt=\"Costos de Patrocinio Conjunto\" width=\"500\" height=\"375\" \/> \u00bfCu\u00e1les son los requisitos para calificar como patrocinador?<\/h2>\n<p>Si present\u00f3 una petici\u00f3n de visa de inmigrante \u00a0(Formulario I-130, Petici\u00f3n para pariente extranjero) a los Servicios de Ciudadan\u00eda e Inmigraci\u00f3n de los Estados Unidos (USCIS) para su \u00a0familiar, debe ser su patrocinador financiero.<\/p>\n<p>Para el patrocinio, deber\u00e1 completar el Formulario I-864, Declaraci\u00f3n jurada \u00a0de apoyo, cuando su familiar est\u00e9 \u00a0programadopara una entrevista de visa de inmigrante con un funcionario consular en el extranjero, o cuando su familiar est\u00e9 a punto de presentar el Formulario I-485, Solicitud de registro de residencia permanente o ajuste de estatus, con USCIS o untribunal de inmigraci\u00f3n en los EE. UU \u00a0\u00a0.<\/p>\n<p>Para calificar como patrocinador financiero, usted debe:<\/p>\n<ul>\n<li>18 a\u00f1os<\/li>\n<li>Un ciudadano estadounidense o residente permanente<\/li>\n<li>Vivir en los EE.UU., o en un territorio o posesi\u00f3n<\/li>\n<li>Obtener un ingreso familiar equivalente o superior al 125 por ciento del nivel de pobreza en los Estados Unidos, en lo que respecta al estado en el que vive y el tama\u00f1o de su hogar, que lo incluye a usted, a cualquier pariente y dependiente que viva con usted, y al inmigrante que est\u00e1 patrocinando.<\/li>\n<\/ul>\n<p>Si est\u00e1 en servicio activo en las Fuerzas Armadas de los Estados Unidos y el inmigrante que est\u00e1 patrocinando es su hijo o c\u00f3nyuge, solo se requiere que sus ingresos sean iguales al 100 por ciento del nivel de pobreza de los Estados Unidos para el tama\u00f1o de su hogar.<\/p>\n<p>Aqu\u00ed hay una vista previa de la <a href=\"https:\/\/travel.state.gov\/content\/travel\/en\/us-visas\/immigrate\/the-immigrant-visa-process\/step-1-submit-a-petition\/affidavit-of-support.html\">Calculadora de Pautas de Pobreza 2022<\/a>:<\/p>\n<table>\n<tbody>\n<tr>\n<td width=\"78\">Tama\u00f1o del hogar del patrocinador<\/td>\n<td width=\"101\">100% de las Pautas de Pobreza del HHS &#8211; 48 Estados Contiguos \/ DC \/ Puerto Rico \/ Guam \/ Islas V\u00edrgenes de los Estados Unidos<\/td>\n<td width=\"136\">125% de las pautas de pobreza del HHS: 48 estados contiguos \/ DC \/ Puerto Rico \/ Guam \/ Islas V\u00edrgenes de los Estados Unidos<\/td>\n<td width=\"77\">100% de las pautas de pobreza del HHS &#8211; Alaska<\/td>\n<td width=\"77\">125% de las pautas de pobreza del HHS &#8211; Alaska<\/td>\n<td width=\"77\">100% de las pautas de pobreza del HHS &#8211; Haw\u00e1i<\/td>\n<td width=\"77\">125% de las pautas de pobreza del HHS &#8211; Haw\u00e1i<\/td>\n<\/tr>\n<tr>\n<td width=\"78\">2<\/td>\n<td width=\"101\">\u00a0\u00a0\u00a0\u00a0\u00a0\u00a0\u00a0\u00a0\u00a0\u00a0\u00a0 $ 18.310<\/td>\n<td width=\"136\">$ 22.887<\/td>\n<td width=\"77\">$ 22.890<\/td>\n<td width=\"77\">$ 28.612<\/td>\n<td width=\"77\">$ 21.060<\/td>\n<td width=\"77\">$ 26.325<\/td>\n<\/tr>\n<tr>\n<td width=\"78\">3<\/td>\n<td width=\"101\">$ 23.030<\/td>\n<td width=\"136\">$ 28.787<\/td>\n<td width=\"77\">$ 28.790<\/td>\n<td width=\"77\">$ 35.987<\/td>\n<td width=\"77\">$ 26.490<\/td>\n<td width=\"77\">$ 33.112<\/td>\n<\/tr>\n<tr>\n<td width=\"78\">4<\/td>\n<td width=\"101\">$ 27.750<\/td>\n<td width=\"136\">$ 34.687<\/td>\n<td width=\"77\">$ 34.690<\/td>\n<td width=\"77\">$ 43.362<\/td>\n<td width=\"77\">$ 31.920<\/td>\n<td width=\"77\">$ 39.900<\/td>\n<\/tr>\n<tr>\n<td width=\"78\">5<\/td>\n<td width=\"101\">$ 32.470<\/td>\n<td width=\"136\">$ 40.587<\/td>\n<td width=\"77\">$ 40.590<\/td>\n<td width=\"77\">$ 50.787<\/td>\n<td width=\"77\">$ 37.350<\/td>\n<td width=\"77\">$ 46.687<\/td>\n<\/tr>\n<tr>\n<td width=\"78\">6<\/td>\n<td width=\"101\">$ 37.190<\/td>\n<td width=\"136\">$ 46.487<\/td>\n<td width=\"77\">$ 46.490<\/td>\n<td width=\"77\">$ 58.112<\/td>\n<td width=\"77\">$ 42.780<\/td>\n<td width=\"77\">$ 53.475<\/td>\n<\/tr>\n<\/tbody>\n<\/table>\n<p>&nbsp;<\/p>\n<h2>\u00bfQu\u00e9 documentaci\u00f3n y evidencia se requieren de un patrocinador?<\/h2>\n<ul>\n<li>Una copia de su declaraci\u00f3n de impuestos federales, incluido su W-2, para el a\u00f1o fiscal m\u00e1s reciente (o evidencia que explique por qu\u00e9 no se le exigi\u00f3 que presentara)<\/li>\n<li>Recibos de pago de los \u00faltimos seis meses<\/li>\n<li>Una copia del Formulario 1099 para los tres a\u00f1os tributarios m\u00e1s recientes<\/li>\n<li>Cualquier otra evidencia de sus ingresos reportados o una carta de su empleador (si cree que es necesario para aclarar su documentaci\u00f3n financiera)<\/li>\n<li>Una copia de su certificado de nacimiento o nuestro pasaporte o Certificado de Naturalizaci\u00f3n o Ciudadan\u00eda<\/li>\n<li>Una copia de cada lado de su tarjeta verde (para residentes permanentes legales, LPR)<\/li>\n<\/ul>\n<p>Esto puede parecer mucho. Un \u00a0abogado de <a href=\"https:\/\/gldlaw.com\/es\/contacto\/\">inmigraci\u00f3n experto<\/a> puede ayudarlo \u00a0a superar este tedioso y, a veces, confuso proceso de recopilaci\u00f3n de informaci\u00f3n para asegurarse de que tenga toda la documentaci\u00f3n necesaria que necesita.<\/p>\n\t<h2><a href=\"https:\/\/gldlaw.com\/es\/contacto\/\">Haga Clic Hoy Para Su Consulta Gratis<\/a><\/h2>\n\t\t\t<a href=\"https:\/\/gldlaw.com\/es\/contacto\/\" target=\"_self\" role=\"button\" rel=\"noopener\">\n\t\t\t\t\t\t\tOprima Aqu\u00ed\n\t\t\t\t\t<\/a>\n\t<h2><img loading=\"lazy\" decoding=\"async\" src=\"https:\/\/gldlaw.com\/wp-content\/uploads\/2023\/01\/Patrocinio-conjunto-para-obtener-una-tarjeta-verde-Davis-Associates-1024x538.png\" alt=\"Patrocinio conjunto para obtener una tarjeta verde - Davis &amp; Associates\" width=\"501\" height=\"263\" \/>Como patrocinador, \u00bfqu\u00e9 pasa si no puede cumplir con los requisitos de ingresos m\u00ednimos?<\/h2>\n<p>Si no puede cumplir con el requisito de ingresos m\u00ednimos basado solo en sus ingresos del trabajo, tiene la opci\u00f3n de incluir el valor en efectivo de todos sus activos.<\/p>\n<p>Esto puede incluir dinero en cuentas de ahorro, acciones \u00a0y bonos, y propiedades.<\/p>\n<p>Si a\u00fan no puede cumplir con los requisitos de ingresos m\u00ednimos o no desea incluir el valor en efectivo de sus activos, es posible que necesite un patrocinador conjunto.<\/p>\n<h2>\u00bfQu\u00e9 es un patrocinador conjunto? \u00bfNecesitas uno?<\/h2>\n<p>Si los ingresos y activos de su hogar no cumplen con los requisitos financieros m\u00ednimos para mantener el patrocinio de un posible miembro de la familia inmigrante, puede obtener la ayuda de un segundo patrocinador, conocido como patrocinador conjunto.<\/p>\n<p>Un patrocinador conjunto es una persona que tiene la intenci\u00f3n de aceptar la responsabilidad del apoyo financiero de su familiar junto con usted. El patrocinador jo int debe cumplir con los mismos requisitos que usted, excepto que \u00a0no tienen que estar relacionados con el posible inmigrante. Un patrocinador conjunto, o \u00a0patrocinador conjunto y su hogar, tiene que alcanzar el requisito de ingresos del 125 por ciento solo, no en combinaci\u00f3n con sus ingresos \u00a0para tratar de \u00a0satisfacer el requisito de ingresos.<\/p>\n<p>Un patrocinador conjunto tambi\u00e9n deber\u00e1 completar el Formulario I-864, Declaraci\u00f3n jurada de apoyo, cuando \u00a0su familiar est\u00e9 \u00a0programadopara una entrevista de visa de inmigrante con un funcionario consular en el extranjero, \u00a0o \u00a0cuando est\u00e9 a punto de presentar el \u00a0Formulario I-485 con USCIS o unTribunal de Inmigraci\u00f3n en los EE. UU.<\/p>\n<h2>Sus responsabilidades como patrocinador financiero<\/h2>\n<p>Una vez que el inmigrante obtiene su tarjeta verde, usted se convierte en su patrocinador financiero. Como patrocinador, su trabajo es proporcionar los recursos financieros necesarios para evitar \u00a0que el inmigrante tenga que depender de la asistencia del gobierno de los Estados Unidos. Usted es responsable de pagar al gobierno si\u00a0 finalmente reclaman ciertos beneficios de asistencia p\u00fablica.<\/p>\n<h2>\u00bfCu\u00e1nto dura su responsabilidad financiera como patrocinador?<\/h2>\n<p>Una vez que firme una declaraci\u00f3n jurada de apoyo, \u00a0usted se convierte legalmente en responsable\u00a0 del apoyo financiero de su inmigrante patrocinado. Su responsabilidad puede continuar hasta que la persona se convierta enciudadano estadounidense o haya completado 40 trimestres de trabajo, que generalmente abarca un per\u00edodo de 10 a\u00f1os. Su deber como patrocinador termina \u00a0si\u00a0 usted o la persona \u00a0que sufri\u00f3 muere o si la persona patrocinada ya no es un residente permanente legal y abandona los EE. UU.<\/p>\n<h2>\u00bfNecesita hablar con un abogado sobre el patrocinio conjunto?<\/h2>\n<p>Hable con un abogado de Davis &amp; Associates hoy,\u00a0 ya sea como patrocinador o \u00a0candidato, para \u00a0una <a href=\"https:\/\/gldlaw.com\/es\/contacto\/\">consulta inicial gratuita<\/a> para discutir sus necesidades de tarjeta verde. Llame al 214-628-9888 o deje su informaci\u00f3n para que uno de los profesionales de Davis &amp; Associates pueda llamarlo.<\/p>\n\t<h2><a href=\"https:\/\/gldlaw.com\/es\/contacto\/\">Haga Clic Hoy Para Su Consulta Gratis<\/a><\/h2>\n\t\t\t<a href=\"https:\/\/gldlaw.com\/es\/contacto\/\" target=\"_self\" role=\"button\" rel=\"noopener\">\n\t\t\t\t\t\t\tOprima Aqu\u00ed\n\t\t\t\t\t<\/a>\n\n","protected":false},"excerpt":{"rendered":"<p>\u00bfQu\u00e9 Es Un Patrocinador Conjunto Y Necesita Uno? Cuando solicita que un miembro de la familia obtenga una tarjeta verde, hacerlo viene con un compromiso de \u00a0su apoyo financiero por lo que puede ser un per\u00edodo de tiempo considerablemente largo. A veces, el patrocinador principal de la tarjeta verde puede no cumplir con todos los&hellip;<\/p>\n","protected":false},"author":5,"featured_media":0,"parent":5460,"menu_order":0,"comment_status":"closed","ping_status":"closed","template":"","meta":{"_monsterinsights_skip_tracking":false,"_monsterinsights_sitenote_active":false,"_monsterinsights_sitenote_note":"","_monsterinsights_sitenote_category":0,"footnotes":""},"class_list":["post-9920","page","type-page","status-publish","hentry"],"yoast_head":"<!-- This site is optimized with the Yoast SEO plugin v27.6 - https:\/\/yoast.com\/product\/yoast-seo-wordpress\/ -->\n<title>\u00bfQu\u00e9 Es Un Patrocinador Conjunto? | Consulta Gratis<\/title>\n<meta name=\"description\" content=\"\u00bfEs posible ser patrocinador conjunto de alguien para una tarjeta verde si usted (el patrocinador) tiene antecedentes penales?\" \/>\n<meta name=\"robots\" content=\"index, follow, max-snippet:-1, max-image-preview:large, max-video-preview:-1\" \/>\n<link rel=\"canonical\" href=\"https:\/\/gldlaw.com\/es\/inmigracion\/tarjeta-verdes\/patrocinador-conjunto\/\" \/>\n<meta property=\"og:locale\" content=\"es_MX\" \/>\n<meta property=\"og:type\" content=\"article\" \/>\n<meta property=\"og:title\" content=\"\u00bfQu\u00e9 Es Un Patrocinador Conjunto? | Consulta Gratis\" \/>\n<meta property=\"og:description\" content=\"\u00bfEs posible ser patrocinador conjunto de alguien para una tarjeta verde si usted (el patrocinador) tiene antecedentes penales?\" \/>\n<meta property=\"og:url\" content=\"https:\/\/gldlaw.com\/es\/inmigracion\/tarjeta-verdes\/patrocinador-conjunto\/\" \/>\n<meta property=\"og:site_name\" content=\"Davis &amp; Associates\" \/>\n<meta property=\"article:publisher\" content=\"https:\/\/www.facebook.com\/GLDavisandAssociates\/\" \/>\n<meta property=\"article:modified_time\" content=\"2023-01-06T20:34:21+00:00\" \/>\n<meta property=\"og:image\" content=\"https:\/\/gldlaw.com\/wp-content\/uploads\/2023\/01\/Joint-Sponsorship-with-Davis-Associates-.png\" \/>\n<meta name=\"twitter:card\" content=\"summary_large_image\" \/>\n<meta name=\"twitter:site\" content=\"@GLD_Law\" \/>\n<meta name=\"twitter:label1\" content=\"Tiempo de lectura\" \/>\n\t<meta name=\"twitter:data1\" content=\"6 minutos\" \/>\n<script type=\"application\/ld+json\" class=\"yoast-schema-graph\">{\"@context\":\"https:\\\/\\\/schema.org\",\"@graph\":[{\"@type\":\"WebPage\",\"@id\":\"https:\\\/\\\/gldlaw.com\\\/es\\\/inmigracion\\\/tarjeta-verdes\\\/patrocinador-conjunto\\\/\",\"url\":\"https:\\\/\\\/gldlaw.com\\\/es\\\/inmigracion\\\/tarjeta-verdes\\\/patrocinador-conjunto\\\/\",\"name\":\"\u00bfQu\u00e9 Es Un Patrocinador Conjunto? | Consulta Gratis\",\"isPartOf\":{\"@id\":\"https:\\\/\\\/gldlaw.com\\\/es\\\/#website\"},\"primaryImageOfPage\":{\"@id\":\"https:\\\/\\\/gldlaw.com\\\/es\\\/inmigracion\\\/tarjeta-verdes\\\/patrocinador-conjunto\\\/#primaryimage\"},\"image\":{\"@id\":\"https:\\\/\\\/gldlaw.com\\\/es\\\/inmigracion\\\/tarjeta-verdes\\\/patrocinador-conjunto\\\/#primaryimage\"},\"thumbnailUrl\":\"https:\\\/\\\/gldlaw.com\\\/wp-content\\\/uploads\\\/2023\\\/01\\\/Joint-Sponsorship-with-Davis-Associates-.png\",\"datePublished\":\"2023-01-04T21:10:52+00:00\",\"dateModified\":\"2023-01-06T20:34:21+00:00\",\"description\":\"\u00bfEs posible ser patrocinador conjunto de alguien para una tarjeta verde si usted (el patrocinador) tiene antecedentes penales?\",\"breadcrumb\":{\"@id\":\"https:\\\/\\\/gldlaw.com\\\/es\\\/inmigracion\\\/tarjeta-verdes\\\/patrocinador-conjunto\\\/#breadcrumb\"},\"inLanguage\":\"es\",\"potentialAction\":[{\"@type\":\"ReadAction\",\"target\":[\"https:\\\/\\\/gldlaw.com\\\/es\\\/inmigracion\\\/tarjeta-verdes\\\/patrocinador-conjunto\\\/\"]}]},{\"@type\":\"ImageObject\",\"inLanguage\":\"es\",\"@id\":\"https:\\\/\\\/gldlaw.com\\\/es\\\/inmigracion\\\/tarjeta-verdes\\\/patrocinador-conjunto\\\/#primaryimage\",\"url\":\"https:\\\/\\\/gldlaw.com\\\/wp-content\\\/uploads\\\/2023\\\/01\\\/Joint-Sponsorship-with-Davis-Associates-.png\",\"contentUrl\":\"https:\\\/\\\/gldlaw.com\\\/wp-content\\\/uploads\\\/2023\\\/01\\\/Joint-Sponsorship-with-Davis-Associates-.png\"},{\"@type\":\"BreadcrumbList\",\"@id\":\"https:\\\/\\\/gldlaw.com\\\/es\\\/inmigracion\\\/tarjeta-verdes\\\/patrocinador-conjunto\\\/#breadcrumb\",\"itemListElement\":[{\"@type\":\"ListItem\",\"position\":1,\"name\":\"Home\",\"item\":\"https:\\\/\\\/gldlaw.com\\\/es\\\/\"},{\"@type\":\"ListItem\",\"position\":2,\"name\":\"Areas de Pr\u00e1ctica\",\"item\":\"https:\\\/\\\/gldlaw.com\\\/es\\\/inmigracion\\\/\"},{\"@type\":\"ListItem\",\"position\":3,\"name\":\"Tarjeta Verdes\",\"item\":\"https:\\\/\\\/gldlaw.com\\\/es\\\/inmigracion\\\/tarjeta-verdes\\\/\"},{\"@type\":\"ListItem\",\"position\":4,\"name\":\"\u00bfQu\u00e9 Es Un Patrocinador Conjunto Y Necesita Uno?\"}]},{\"@type\":\"WebSite\",\"@id\":\"https:\\\/\\\/gldlaw.com\\\/es\\\/#website\",\"url\":\"https:\\\/\\\/gldlaw.com\\\/es\\\/\",\"name\":\"Davis &amp; Associates\",\"description\":\"Dallas \\\/ Fort Worth Immigration Attorney\",\"potentialAction\":[{\"@type\":\"SearchAction\",\"target\":{\"@type\":\"EntryPoint\",\"urlTemplate\":\"https:\\\/\\\/gldlaw.com\\\/es\\\/?s={search_term_string}\"},\"query-input\":{\"@type\":\"PropertyValueSpecification\",\"valueRequired\":true,\"valueName\":\"search_term_string\"}}],\"inLanguage\":\"es\"}]}<\/script>\n<!-- \/ Yoast SEO plugin. -->","yoast_head_json":{"title":"\u00bfQu\u00e9 Es Un Patrocinador Conjunto? | Consulta Gratis","description":"\u00bfEs posible ser patrocinador conjunto de alguien para una tarjeta verde si usted (el patrocinador) tiene antecedentes penales?","robots":{"index":"index","follow":"follow","max-snippet":"max-snippet:-1","max-image-preview":"max-image-preview:large","max-video-preview":"max-video-preview:-1"},"canonical":"https:\/\/gldlaw.com\/es\/inmigracion\/tarjeta-verdes\/patrocinador-conjunto\/","og_locale":"es_MX","og_type":"article","og_title":"\u00bfQu\u00e9 Es Un Patrocinador Conjunto? | Consulta Gratis","og_description":"\u00bfEs posible ser patrocinador conjunto de alguien para una tarjeta verde si usted (el patrocinador) tiene antecedentes penales?","og_url":"https:\/\/gldlaw.com\/es\/inmigracion\/tarjeta-verdes\/patrocinador-conjunto\/","og_site_name":"Davis &amp; Associates","article_publisher":"https:\/\/www.facebook.com\/GLDavisandAssociates\/","article_modified_time":"2023-01-06T20:34:21+00:00","og_image":[{"url":"https:\/\/gldlaw.com\/wp-content\/uploads\/2023\/01\/Joint-Sponsorship-with-Davis-Associates-.png","type":"","width":"","height":""}],"twitter_card":"summary_large_image","twitter_site":"@GLD_Law","twitter_misc":{"Tiempo de lectura":"6 minutos"},"schema":{"@context":"https:\/\/schema.org","@graph":[{"@type":"WebPage","@id":"https:\/\/gldlaw.com\/es\/inmigracion\/tarjeta-verdes\/patrocinador-conjunto\/","url":"https:\/\/gldlaw.com\/es\/inmigracion\/tarjeta-verdes\/patrocinador-conjunto\/","name":"\u00bfQu\u00e9 Es Un Patrocinador Conjunto? | Consulta Gratis","isPartOf":{"@id":"https:\/\/gldlaw.com\/es\/#website"},"primaryImageOfPage":{"@id":"https:\/\/gldlaw.com\/es\/inmigracion\/tarjeta-verdes\/patrocinador-conjunto\/#primaryimage"},"image":{"@id":"https:\/\/gldlaw.com\/es\/inmigracion\/tarjeta-verdes\/patrocinador-conjunto\/#primaryimage"},"thumbnailUrl":"https:\/\/gldlaw.com\/wp-content\/uploads\/2023\/01\/Joint-Sponsorship-with-Davis-Associates-.png","datePublished":"2023-01-04T21:10:52+00:00","dateModified":"2023-01-06T20:34:21+00:00","description":"\u00bfEs posible ser patrocinador conjunto de alguien para una tarjeta verde si usted (el patrocinador) tiene antecedentes penales?","breadcrumb":{"@id":"https:\/\/gldlaw.com\/es\/inmigracion\/tarjeta-verdes\/patrocinador-conjunto\/#breadcrumb"},"inLanguage":"es","potentialAction":[{"@type":"ReadAction","target":["https:\/\/gldlaw.com\/es\/inmigracion\/tarjeta-verdes\/patrocinador-conjunto\/"]}]},{"@type":"ImageObject","inLanguage":"es","@id":"https:\/\/gldlaw.com\/es\/inmigracion\/tarjeta-verdes\/patrocinador-conjunto\/#primaryimage","url":"https:\/\/gldlaw.com\/wp-content\/uploads\/2023\/01\/Joint-Sponsorship-with-Davis-Associates-.png","contentUrl":"https:\/\/gldlaw.com\/wp-content\/uploads\/2023\/01\/Joint-Sponsorship-with-Davis-Associates-.png"},{"@type":"BreadcrumbList","@id":"https:\/\/gldlaw.com\/es\/inmigracion\/tarjeta-verdes\/patrocinador-conjunto\/#breadcrumb","itemListElement":[{"@type":"ListItem","position":1,"name":"Home","item":"https:\/\/gldlaw.com\/es\/"},{"@type":"ListItem","position":2,"name":"Areas de Pr\u00e1ctica","item":"https:\/\/gldlaw.com\/es\/inmigracion\/"},{"@type":"ListItem","position":3,"name":"Tarjeta Verdes","item":"https:\/\/gldlaw.com\/es\/inmigracion\/tarjeta-verdes\/"},{"@type":"ListItem","position":4,"name":"\u00bfQu\u00e9 Es Un Patrocinador Conjunto Y Necesita Uno?"}]},{"@type":"WebSite","@id":"https:\/\/gldlaw.com\/es\/#website","url":"https:\/\/gldlaw.com\/es\/","name":"Davis &amp; Associates","description":"Dallas \/ Fort Worth Immigration Attorney","potentialAction":[{"@type":"SearchAction","target":{"@type":"EntryPoint","urlTemplate":"https:\/\/gldlaw.com\/es\/?s={search_term_string}"},"query-input":{"@type":"PropertyValueSpecification","valueRequired":true,"valueName":"search_term_string"}}],"inLanguage":"es"}]}},"_links":{"self":[{"href":"https:\/\/gldlaw.com\/es\/wp-json\/wp\/v2\/pages\/9920","targetHints":{"allow":["GET"]}}],"collection":[{"href":"https:\/\/gldlaw.com\/es\/wp-json\/wp\/v2\/pages"}],"about":[{"href":"https:\/\/gldlaw.com\/es\/wp-json\/wp\/v2\/types\/page"}],"author":[{"embeddable":true,"href":"https:\/\/gldlaw.com\/es\/wp-json\/wp\/v2\/users\/5"}],"replies":[{"embeddable":true,"href":"https:\/\/gldlaw.com\/es\/wp-json\/wp\/v2\/comments?post=9920"}],"version-history":[{"count":4,"href":"https:\/\/gldlaw.com\/es\/wp-json\/wp\/v2\/pages\/9920\/revisions"}],"predecessor-version":[{"id":9931,"href":"https:\/\/gldlaw.com\/es\/wp-json\/wp\/v2\/pages\/9920\/revisions\/9931"}],"up":[{"embeddable":true,"href":"https:\/\/gldlaw.com\/es\/wp-json\/wp\/v2\/pages\/5460"}],"wp:attachment":[{"href":"https:\/\/gldlaw.com\/es\/wp-json\/wp\/v2\/media?parent=9920"}],"curies":[{"name":"wp","href":"https:\/\/api.w.org\/{rel}","templated":true}]}}